{"id":2419,"date":"2018-11-26T12:13:51","date_gmt":"2018-11-26T12:13:51","guid":{"rendered":"https:\/\/www.lacrimabaccus.com\/vins\/icarus\/"},"modified":"2018-11-26T15:48:55","modified_gmt":"2018-11-26T15:48:55","slug":"icarus","status":"publish","type":"page","link":"https:\/\/www.lacrimabaccus.com\/ca\/vins\/icarus\/","title":{"rendered":"Icarus"},"content":{"rendered":"<p>\u00cdcarus \u00e9s un dels personatges de la mitologia cl\u00e0ssica, conegut pel fam\u00f3s episodi del vol que va acabar a la ru\u00efna a causa de la seva arrog\u00e0ncia, el que els grecs van anomenar &#8220;Hybris&#8221;. Ell \u00e9s l&#8217;emblema de l&#8217;home que s&#8217;atreveix a desafiar els d\u00e9us, una mica com Ulisses, va m\u00e9s enll\u00e0 dels l\u00edmits de la comprensi\u00f3 humana per tendir cap a alguna cosa que l&#8217;eleva de la seva condici\u00f3 terrenal, cap a una dimensi\u00f3 m\u00e9s alta i inabastable. Aquest personatge llegendari \u00e9s controvertit i est\u00e0 subjecte a interpretacions discordants, per a nosaltres ell \u00e9s l&#8217;heroi auda\u00e7 que es destaca de la quotidianitat i de l'&#8221;avorriment&#8221; amb aquest vol imprudent. L&#8217;anhel d&#8217;un ideal de perfecci\u00f3 que no es pot conquistar, la manca de mesura, l&#8217;exageraci\u00f3, el desig extrem d&#8217;anar m\u00e9s enll\u00e0 dels l\u00edmits en qu\u00e8 l&#8217;\u00e9sser est\u00e0 destinat a romandre com perfectible i imperfecte. L&#8217;adrenalina \u00e9s part de l&#8217;home, en cas contrari no hi hauria suports extrems. La nostra identificaci\u00f3 amb aquest personatge \u00e9s completa, adoptem la seva mateixa actitud i abra\u00e7ant el nostre desig ut\u00f2pic i \u00f2rfic, acceptem el desafiament de produir un vi amb l&#8217;aut\u00f2ctona varietat Xarel\u00b7lo sense conformar-nos mai als productes que estem acostumats a elaborar i optant sempre a la innovaci\u00f3 i l&#8217;abast de l&#8217;impossible.<\/p>\n","protected":false},"excerpt":{"rendered":"<p>\u00cdcarus \u00e9s un dels personatges de la mitologia cl\u00e0ssica, conegut pel fam\u00f3s episodi del vol que va acabar a la ru\u00efna a causa de la seva arrog\u00e0ncia, el que els grecs van anomenar &#8220;Hybris&#8221;. Ell \u00e9s l&#8217;emblema de l&#8217;home que s&#8217;atreveix a desafiar els d\u00e9us, una mica com Ulisses, va m\u00e9s enll\u00e0 dels l\u00edmits de [&hellip;]<\/p>\n","protected":false},"author":1,"featured_media":2405,"parent":397,"menu_order":0,"comment_status":"closed","ping_status":"closed","template":"","meta":{"_acf_changed":false,"footnotes":""},"premio":[],"class_list":["post-2419","page","type-page","status-publish","has-post-thumbnail","hentry"],"acf":[],"aioseo_notices":[],"_links":{"self":[{"href":"https:\/\/www.lacrimabaccus.com\/ca\/wp-json\/wp\/v2\/pages\/2419","targetHints":{"allow":["GET"]}}],"collection":[{"href":"https:\/\/www.lacrimabaccus.com\/ca\/wp-json\/wp\/v2\/pages"}],"about":[{"href":"https:\/\/www.lacrimabaccus.com\/ca\/wp-json\/wp\/v2\/types\/page"}],"author":[{"embeddable":true,"href":"https:\/\/www.lacrimabaccus.com\/ca\/wp-json\/wp\/v2\/users\/1"}],"replies":[{"embeddable":true,"href":"https:\/\/www.lacrimabaccus.com\/ca\/wp-json\/wp\/v2\/comments?post=2419"}],"version-history":[{"count":2,"href":"https:\/\/www.lacrimabaccus.com\/ca\/wp-json\/wp\/v2\/pages\/2419\/revisions"}],"predecessor-version":[{"id":2422,"href":"https:\/\/www.lacrimabaccus.com\/ca\/wp-json\/wp\/v2\/pages\/2419\/revisions\/2422"}],"up":[{"embeddable":true,"href":"https:\/\/www.lacrimabaccus.com\/ca\/wp-json\/wp\/v2\/pages\/397"}],"wp:featuredmedia":[{"embeddable":true,"href":"https:\/\/www.lacrimabaccus.com\/ca\/wp-json\/wp\/v2\/media\/2405"}],"wp:attachment":[{"href":"https:\/\/www.lacrimabaccus.com\/ca\/wp-json\/wp\/v2\/media?parent=2419"}],"wp:term":[{"taxonomy":"premio","embeddable":true,"href":"https:\/\/www.lacrimabaccus.com\/ca\/wp-json\/wp\/v2\/premio?post=2419"}],"curies":[{"name":"wp","href":"https:\/\/api.w.org\/{rel}","templated":true}]}}