{"id":3794,"date":"2023-11-28T14:12:26","date_gmt":"2023-11-28T14:12:26","guid":{"rendered":"https:\/\/www.lacrimabaccus.com\/?page_id=3794"},"modified":"2023-11-28T14:12:26","modified_gmt":"2023-11-28T14:12:26","slug":"proteccio-de-dades","status":"publish","type":"page","link":"https:\/\/www.lacrimabaccus.com\/ca\/proteccio-de-dades\/","title":{"rendered":"Protecci\u00f3 de dades"},"content":{"rendered":"<p><em><strong>INFORMACI\u00d3 B\u00c0SICA SOBRE PROTECCI\u00d3 DE DADES<\/strong><\/em><\/p>\n<p><em>En compliment del deure d&#8217;informar els interessats de les circumst\u00e0ncies i condicions del tractament de les vostres dades i dels drets que us assisteixen, posem a la vostra disposici\u00f3 la informaci\u00f3 seg\u00fcent.<\/em><\/p>\n<ul>\n<li><em>Responsable del tractament: Responsable: BARDINET WINES, S.A.U. &#8211; CIF: A08974479 Dir. Postal: FINCA MANLLEU S\/N, CP: 08732 &#8211; CASTELLVI DE LA MARCA (BARCELONA)<\/em><\/li>\n<li><em>Finalitat:\u00a0Gestionar la vostra consulta\/petici\u00f3 i donar-hi una resposta.<\/em><\/li>\n<li><em>Legitimaci\u00f3:\u00a0El seu consentiment.<\/em><\/li>\n<li><em>Destinataris: Les dades no se cediran a tercers excepte en els casos en qu\u00e8 hi hagi una obligaci\u00f3 legal o comunicaci\u00f3 necess\u00e0ria per donar resposta a la seva consulta.<\/em><\/li>\n<li><em>Drets: Pot exercir els seus Drets a accedir, rectificar, oposar-se, limitar, portar i suprimir les dades davant del responsable del tractament; a m\u00e9s d&#8217;acudir a l&#8217;autoritat de control competent (AEPD).<\/em><\/li>\n<li><em>Informaci\u00f3 addicional:\u00a0Podeu consultar la informaci\u00f3 addicional sobre el tractament de les vostres dades personals aqu\u00ed.<\/em><\/li>\n<\/ul>\n","protected":false},"excerpt":{"rendered":"<p>INFORMACI\u00d3 B\u00c0SICA SOBRE PROTECCI\u00d3 DE DADES En compliment del deure d&#8217;informar els interessats de les circumst\u00e0ncies i condicions del tractament de les vostres dades i dels drets que us assisteixen, posem a la vostra disposici\u00f3 la informaci\u00f3 seg\u00fcent. Responsable del tractament: Responsable: BARDINET WINES, S.A.U. &#8211; CIF: A08974479 Dir. Postal: FINCA MANLLEU S\/N, CP: 08732 [&hellip;]<\/p>\n","protected":false},"author":2,"featured_media":0,"parent":0,"menu_order":0,"comment_status":"closed","ping_status":"closed","template":"page-templates\/full-width.php","meta":{"_acf_changed":false,"footnotes":""},"premio":[],"class_list":["post-3794","page","type-page","status-publish","hentry"],"acf":[],"aioseo_notices":[],"_links":{"self":[{"href":"https:\/\/www.lacrimabaccus.com\/ca\/wp-json\/wp\/v2\/pages\/3794","targetHints":{"allow":["GET"]}}],"collection":[{"href":"https:\/\/www.lacrimabaccus.com\/ca\/wp-json\/wp\/v2\/pages"}],"about":[{"href":"https:\/\/www.lacrimabaccus.com\/ca\/wp-json\/wp\/v2\/types\/page"}],"author":[{"embeddable":true,"href":"https:\/\/www.lacrimabaccus.com\/ca\/wp-json\/wp\/v2\/users\/2"}],"replies":[{"embeddable":true,"href":"https:\/\/www.lacrimabaccus.com\/ca\/wp-json\/wp\/v2\/comments?post=3794"}],"version-history":[{"count":1,"href":"https:\/\/www.lacrimabaccus.com\/ca\/wp-json\/wp\/v2\/pages\/3794\/revisions"}],"predecessor-version":[{"id":3795,"href":"https:\/\/www.lacrimabaccus.com\/ca\/wp-json\/wp\/v2\/pages\/3794\/revisions\/3795"}],"wp:attachment":[{"href":"https:\/\/www.lacrimabaccus.com\/ca\/wp-json\/wp\/v2\/media?parent=3794"}],"wp:term":[{"taxonomy":"premio","embeddable":true,"href":"https:\/\/www.lacrimabaccus.com\/ca\/wp-json\/wp\/v2\/premio?post=3794"}],"curies":[{"name":"wp","href":"https:\/\/api.w.org\/{rel}","templated":true}]}}