{"id":380,"date":"2018-06-19T10:13:08","date_gmt":"2018-06-19T10:13:08","guid":{"rendered":"https:\/\/www.lacrimabaccus.com\/fundada-en-1890-es-una-de-las-bodegas-mas-antiguas-del-penedes\/"},"modified":"2018-08-31T08:53:09","modified_gmt":"2018-08-31T08:53:09","slug":"fundat-el-1890-es-una-dels-cellers-mes-antics-del-penedes","status":"publish","type":"page","link":"https:\/\/www.lacrimabaccus.com\/ca\/celler\/fundat-el-1890-es-una-dels-cellers-mes-antics-del-penedes\/","title":{"rendered":"Fundat el 1890, \u00e9s un dels cellers m\u00e9s antics del Pened\u00e8s"},"content":{"rendered":"<p>Sense cap dubte, el treball mil\u00b7lenari i incansable del viticultor ha estat el que ha marcat els paisatges vitivin\u00edcoles de les zones de la denominaci\u00f3 d&#8217;origen Pened\u00e8s i Cava, i \u00e9s igualment cert que la contemplaci\u00f3 de les nostres parcel\u00b7les de vinya genera en l&#8217;inconscient dels visitants un encant que suscita emocions fortes i inoblidables, per la seva caracter\u00edstica ubicaci\u00f3 i a les seves construccions de pedra que no destaquen en la l\u00ednia de l&#8217;horitz\u00f3.<\/p>\n<p>Aquest estret vincle home &#8211; vinyes pren cos si pensem que l&#8217;apreciaci\u00f3 d&#8217;un vi \u00e9s una cosa purament subjectiu i intr\u00ednsec a les nostres experi\u00e8ncies i percepcions. \u00c9s el nostre objectiu fer entendre al client la nostra filosofia empresarial que \u00e9s aquella de produir els millors vins amb dedicaci\u00f3, paci\u00e8ncia i innovaci\u00f3.<\/p>\n","protected":false},"excerpt":{"rendered":"<p>Sense cap dubte, el treball mil\u00b7lenari i incansable del viticultor ha estat el que ha marcat els paisatges vitivin\u00edcoles de les zones de la denominaci\u00f3 d&#8217;origen Pened\u00e8s i Cava, i \u00e9s igualment cert que la contemplaci\u00f3 de les nostres parcel\u00b7les de vinya genera en l&#8217;inconscient dels visitants un encant que suscita emocions fortes i inoblidables, [&hellip;]<\/p>\n","protected":false},"author":1,"featured_media":867,"parent":392,"menu_order":0,"comment_status":"closed","ping_status":"closed","template":"","meta":{"_acf_changed":false,"footnotes":""},"premio":[],"class_list":["post-380","page","type-page","status-publish","has-post-thumbnail","hentry"],"acf":[],"aioseo_notices":[],"_links":{"self":[{"href":"https:\/\/www.lacrimabaccus.com\/ca\/wp-json\/wp\/v2\/pages\/380","targetHints":{"allow":["GET"]}}],"collection":[{"href":"https:\/\/www.lacrimabaccus.com\/ca\/wp-json\/wp\/v2\/pages"}],"about":[{"href":"https:\/\/www.lacrimabaccus.com\/ca\/wp-json\/wp\/v2\/types\/page"}],"author":[{"embeddable":true,"href":"https:\/\/www.lacrimabaccus.com\/ca\/wp-json\/wp\/v2\/users\/1"}],"replies":[{"embeddable":true,"href":"https:\/\/www.lacrimabaccus.com\/ca\/wp-json\/wp\/v2\/comments?post=380"}],"version-history":[{"count":3,"href":"https:\/\/www.lacrimabaccus.com\/ca\/wp-json\/wp\/v2\/pages\/380\/revisions"}],"predecessor-version":[{"id":791,"href":"https:\/\/www.lacrimabaccus.com\/ca\/wp-json\/wp\/v2\/pages\/380\/revisions\/791"}],"up":[{"embeddable":true,"href":"https:\/\/www.lacrimabaccus.com\/ca\/wp-json\/wp\/v2\/pages\/392"}],"wp:featuredmedia":[{"embeddable":true,"href":"https:\/\/www.lacrimabaccus.com\/ca\/wp-json\/wp\/v2\/media\/867"}],"wp:attachment":[{"href":"https:\/\/www.lacrimabaccus.com\/ca\/wp-json\/wp\/v2\/media?parent=380"}],"wp:term":[{"taxonomy":"premio","embeddable":true,"href":"https:\/\/www.lacrimabaccus.com\/ca\/wp-json\/wp\/v2\/premio?post=380"}],"curies":[{"name":"wp","href":"https:\/\/api.w.org\/{rel}","templated":true}]}}