{"id":383,"date":"2018-06-19T10:23:47","date_gmt":"2018-06-19T10:23:47","guid":{"rendered":"https:\/\/www.lacrimabaccus.com\/el-recuerdo-es-el-momento-en-que-la-mente-recupera-los-estados-de-animo-y-los-sentimientos-relacionados\/"},"modified":"2018-08-31T09:48:55","modified_gmt":"2018-08-31T09:48:55","slug":"el-record-es-el-moment-en-que-la-ment-recupera-els-estats-danim-i-els-sentiments-relacionats","status":"publish","type":"page","link":"https:\/\/www.lacrimabaccus.com\/ca\/celler\/el-record-es-el-moment-en-que-la-ment-recupera-els-estats-danim-i-els-sentiments-relacionats\/","title":{"rendered":"El record \u00e9s el moment en qu\u00e8 la ment recupera els estats d&#8217;\u00e0nim i els sentiments relacionats."},"content":{"rendered":"<p>El prop\u00f2sit de Lacrima Baccus \u00e9s fer ressorgir en les ments dels consumidors el record d&#8217;una dol\u00e7a vinya de primavera que lentament es desperta de la llarga letargia de l&#8217;hivern, amb una energia i un vigor comparable a la dels nostres treballadors que s&#8217;ocupen incansablement dels nostres vinyes amb esperan\u00e7a i positivisme.<\/p>\n<p>La finca disposa de 20 hect\u00e0rees de vinyes pr\u00f2pies on es cultiven varietats aut\u00f2ctones com Macabeu, Xarel\u00b7lo, Parellada i Garnatxa, alhora que varietats internacionals com Chardonnay, Sauvignon Blanc, Pinot Noir i Syrah. Treballem en dues denominacions d&#8217;origen diferents: DO Cava i DO Pened\u00e8s.<\/p>\n<p>Avui dia el celler forma part del <strong>grup Bardinet<\/strong>.<\/p>\n","protected":false},"excerpt":{"rendered":"<p>El prop\u00f2sit de Lacrima Baccus \u00e9s fer ressorgir en les ments dels consumidors el record d&#8217;una dol\u00e7a vinya de primavera que lentament es desperta de la llarga letargia de l&#8217;hivern, amb una energia i un vigor comparable a la dels nostres treballadors que s&#8217;ocupen incansablement dels nostres vinyes amb esperan\u00e7a i positivisme. La finca disposa [&hellip;]<\/p>\n","protected":false},"author":1,"featured_media":867,"parent":392,"menu_order":0,"comment_status":"closed","ping_status":"closed","template":"","meta":{"_acf_changed":false,"footnotes":""},"premio":[],"class_list":["post-383","page","type-page","status-publish","has-post-thumbnail","hentry"],"acf":[],"aioseo_notices":[],"_links":{"self":[{"href":"https:\/\/www.lacrimabaccus.com\/ca\/wp-json\/wp\/v2\/pages\/383","targetHints":{"allow":["GET"]}}],"collection":[{"href":"https:\/\/www.lacrimabaccus.com\/ca\/wp-json\/wp\/v2\/pages"}],"about":[{"href":"https:\/\/www.lacrimabaccus.com\/ca\/wp-json\/wp\/v2\/types\/page"}],"author":[{"embeddable":true,"href":"https:\/\/www.lacrimabaccus.com\/ca\/wp-json\/wp\/v2\/users\/1"}],"replies":[{"embeddable":true,"href":"https:\/\/www.lacrimabaccus.com\/ca\/wp-json\/wp\/v2\/comments?post=383"}],"version-history":[{"count":2,"href":"https:\/\/www.lacrimabaccus.com\/ca\/wp-json\/wp\/v2\/pages\/383\/revisions"}],"predecessor-version":[{"id":385,"href":"https:\/\/www.lacrimabaccus.com\/ca\/wp-json\/wp\/v2\/pages\/383\/revisions\/385"}],"up":[{"embeddable":true,"href":"https:\/\/www.lacrimabaccus.com\/ca\/wp-json\/wp\/v2\/pages\/392"}],"wp:featuredmedia":[{"embeddable":true,"href":"https:\/\/www.lacrimabaccus.com\/ca\/wp-json\/wp\/v2\/media\/867"}],"wp:attachment":[{"href":"https:\/\/www.lacrimabaccus.com\/ca\/wp-json\/wp\/v2\/media?parent=383"}],"wp:term":[{"taxonomy":"premio","embeddable":true,"href":"https:\/\/www.lacrimabaccus.com\/ca\/wp-json\/wp\/v2\/premio?post=383"}],"curies":[{"name":"wp","href":"https:\/\/api.w.org\/{rel}","templated":true}]}}