{"id":482,"date":"2018-06-21T16:04:58","date_gmt":"2018-06-21T16:04:58","guid":{"rendered":"https:\/\/www.lacrimabaccus.com\/vins\/mar-cel\/"},"modified":"2018-08-29T09:40:06","modified_gmt":"2018-08-29T09:40:06","slug":"mar-cel","status":"publish","type":"page","link":"https:\/\/www.lacrimabaccus.com\/ca\/vins\/mar-cel\/","title":{"rendered":"Mar &#038; Cel"},"content":{"rendered":"<p>El mar i el cel semblen confondres en la immensitat d&#8217;una mirada elusiva. En ocasions segurament ha passat que no es poden distingir a l&#8217;horitz\u00f3. En aquest punt prec\u00eds en el qual es troben i es fonen en un conjunt m\u00edstic \u00e9s on comen\u00e7a l&#8217;infinit, el incommensurable.<\/p>\n<p>Ja no hi ha cap horitz\u00f3 que el sostingui, sin\u00f3 nom\u00e9s l&#8217;immens desig de mirar m\u00e9s enll\u00e0 de l&#8217;imaginable, m\u00e9s lluny de la realitat, m\u00e9s profund en la nostra \u00e0nima.<\/p>\n<p>Davant de tanta immensitat ens vam quedar at\u00f2nits i sorpresos per una sensaci\u00f3 de sorpresa i impot\u00e8ncia, on l&#8217;intangible juga un paper important.<\/p>\n","protected":false},"excerpt":{"rendered":"<p>El mar i el cel semblen confondres en la immensitat d&#8217;una mirada elusiva. En ocasions segurament ha passat que no es poden distingir a l&#8217;horitz\u00f3. En aquest punt prec\u00eds en el qual es troben i es fonen en un conjunt m\u00edstic \u00e9s on comen\u00e7a l&#8217;infinit, el incommensurable. Ja no hi ha cap horitz\u00f3 que el [&hellip;]<\/p>\n","protected":false},"author":1,"featured_media":75,"parent":397,"menu_order":1,"comment_status":"closed","ping_status":"closed","template":"","meta":{"_acf_changed":false,"footnotes":""},"premio":[],"class_list":["post-482","page","type-page","status-publish","has-post-thumbnail","hentry"],"acf":[],"aioseo_notices":[],"_links":{"self":[{"href":"https:\/\/www.lacrimabaccus.com\/ca\/wp-json\/wp\/v2\/pages\/482","targetHints":{"allow":["GET"]}}],"collection":[{"href":"https:\/\/www.lacrimabaccus.com\/ca\/wp-json\/wp\/v2\/pages"}],"about":[{"href":"https:\/\/www.lacrimabaccus.com\/ca\/wp-json\/wp\/v2\/types\/page"}],"author":[{"embeddable":true,"href":"https:\/\/www.lacrimabaccus.com\/ca\/wp-json\/wp\/v2\/users\/1"}],"replies":[{"embeddable":true,"href":"https:\/\/www.lacrimabaccus.com\/ca\/wp-json\/wp\/v2\/comments?post=482"}],"version-history":[{"count":3,"href":"https:\/\/www.lacrimabaccus.com\/ca\/wp-json\/wp\/v2\/pages\/482\/revisions"}],"predecessor-version":[{"id":490,"href":"https:\/\/www.lacrimabaccus.com\/ca\/wp-json\/wp\/v2\/pages\/482\/revisions\/490"}],"up":[{"embeddable":true,"href":"https:\/\/www.lacrimabaccus.com\/ca\/wp-json\/wp\/v2\/pages\/397"}],"wp:featuredmedia":[{"embeddable":true,"href":"https:\/\/www.lacrimabaccus.com\/ca\/wp-json\/wp\/v2\/media\/75"}],"wp:attachment":[{"href":"https:\/\/www.lacrimabaccus.com\/ca\/wp-json\/wp\/v2\/media?parent=482"}],"wp:term":[{"taxonomy":"premio","embeddable":true,"href":"https:\/\/www.lacrimabaccus.com\/ca\/wp-json\/wp\/v2\/premio?post=482"}],"curies":[{"name":"wp","href":"https:\/\/api.w.org\/{rel}","templated":true}]}}