{"id":495,"date":"2018-06-21T16:10:23","date_gmt":"2018-06-21T16:10:23","guid":{"rendered":"https:\/\/www.lacrimabaccus.com\/vins\/pico-naranja\/"},"modified":"2018-10-16T10:05:54","modified_gmt":"2018-10-16T10:05:54","slug":"pico-naranja","status":"publish","type":"page","link":"https:\/\/www.lacrimabaccus.com\/ca\/vins\/pico-naranja\/","title":{"rendered":"Pico Naranja"},"content":{"rendered":"<p>Pico naranja \u00e9s un vi solidari, resultat d&#8217;un treball col\u00b7laboratiu entre la Fundaci\u00f3 SETBA, l&#8217;estudi de dibuix La Casa de Carlota i BARDINET &#8211; LACRIMA BACCUS &#8211; l&#8217;artista Erik Nitsch de la fundaci\u00f3 catalana s\u00edndrome de Down va ser el primer guanyador del certamen &#8220;El Balc\u00f3 de les Arts &#8220;.<\/p>\n<p>A l&#8217;etiqueta multicolor podem empatitzar amb la percepci\u00f3 que les persones amb S\u00edndrome de Down tenen, en general, de les coses. Dibuixen tendencialment les qualitats essencials de les coses que coneixen, com la rodonesa del cap i la simetria del cos hum\u00e0 o, en aquest cas la rigidesa de les potes de l&#8217;ocell i el seu enorme bec, sense detalls espec\u00edfics.<\/p>\n<p>Els colors vius ens fan entendre la ingenu\u00eftat, la senzillesa i la vivacitat, el seu car\u00e0cter anal\u00edtic i pragm\u00e0tic quan reprodueixen les experi\u00e8ncies viscudes. \u00c9s, sens dubte, el millor homenatge a una varietat tan nostra, tan aut\u00f2ctona com la garnatxa.<\/p>\n","protected":false},"excerpt":{"rendered":"<p>Pico naranja \u00e9s un vi solidari, resultat d&#8217;un treball col\u00b7laboratiu entre la Fundaci\u00f3 SETBA, l&#8217;estudi de dibuix La Casa de Carlota i BARDINET &#8211; LACRIMA BACCUS &#8211; l&#8217;artista Erik Nitsch de la fundaci\u00f3 catalana s\u00edndrome de Down va ser el primer guanyador del certamen &#8220;El Balc\u00f3 de les Arts &#8220;. A l&#8217;etiqueta multicolor podem empatitzar [&hellip;]<\/p>\n","protected":false},"author":1,"featured_media":78,"parent":397,"menu_order":5,"comment_status":"closed","ping_status":"closed","template":"","meta":{"_acf_changed":false,"footnotes":""},"premio":[],"class_list":["post-495","page","type-page","status-publish","has-post-thumbnail","hentry"],"acf":[],"aioseo_notices":[],"_links":{"self":[{"href":"https:\/\/www.lacrimabaccus.com\/ca\/wp-json\/wp\/v2\/pages\/495","targetHints":{"allow":["GET"]}}],"collection":[{"href":"https:\/\/www.lacrimabaccus.com\/ca\/wp-json\/wp\/v2\/pages"}],"about":[{"href":"https:\/\/www.lacrimabaccus.com\/ca\/wp-json\/wp\/v2\/types\/page"}],"author":[{"embeddable":true,"href":"https:\/\/www.lacrimabaccus.com\/ca\/wp-json\/wp\/v2\/users\/1"}],"replies":[{"embeddable":true,"href":"https:\/\/www.lacrimabaccus.com\/ca\/wp-json\/wp\/v2\/comments?post=495"}],"version-history":[{"count":3,"href":"https:\/\/www.lacrimabaccus.com\/ca\/wp-json\/wp\/v2\/pages\/495\/revisions"}],"predecessor-version":[{"id":2224,"href":"https:\/\/www.lacrimabaccus.com\/ca\/wp-json\/wp\/v2\/pages\/495\/revisions\/2224"}],"up":[{"embeddable":true,"href":"https:\/\/www.lacrimabaccus.com\/ca\/wp-json\/wp\/v2\/pages\/397"}],"wp:featuredmedia":[{"embeddable":true,"href":"https:\/\/www.lacrimabaccus.com\/ca\/wp-json\/wp\/v2\/media\/78"}],"wp:attachment":[{"href":"https:\/\/www.lacrimabaccus.com\/ca\/wp-json\/wp\/v2\/media?parent=495"}],"wp:term":[{"taxonomy":"premio","embeddable":true,"href":"https:\/\/www.lacrimabaccus.com\/ca\/wp-json\/wp\/v2\/premio?post=495"}],"curies":[{"name":"wp","href":"https:\/\/api.w.org\/{rel}","templated":true}]}}