{"id":498,"date":"2018-07-09T10:38:42","date_gmt":"2018-07-09T10:38:42","guid":{"rendered":"https:\/\/www.lacrimabaccus.com\/vins\/mes-felic\/"},"modified":"2018-10-16T10:08:19","modified_gmt":"2018-10-16T10:08:19","slug":"mes-felic","status":"publish","type":"page","link":"https:\/\/www.lacrimabaccus.com\/ca\/vins\/mes-felic\/","title":{"rendered":"M\u00e9s Feli\u00e7"},"content":{"rendered":"<p>M\u00e9s Feli\u00e7 \u00e9s un vi solidari, resultat d&#8217;un treball col\u00b7laboratiu entre la Fundaci\u00f3 SETBA i BARDINET &#8211; LACRIMA BACCUS.<br \/>\n&#8220;El miracle del vi consisteix a fer de l&#8217;home el que mai hauria de deixar de ser: amic de l&#8217;home&#8221;. (Ernst Engel). Tant els animals com l&#8217;\u00e9sser hum\u00e0 s\u00f3n \u00e9ssers socials, la difer\u00e8ncia est\u00e0 en el comportament. Uns es mouen per instint i impuls, els altres tamb\u00e9 per\u00f2 al costat dels valors apresos de la cultura, l&#8217;educaci\u00f3, les normes i les tradicions.<\/p>\n<p>L&#8217;\u00e9sser hum\u00e0 sap que no \u00e9s prou per a si mateix; sol no pot viure, no pot desenvolupar-se f\u00edsicament i psicol\u00f2gicament, no pot perfeccionar-se. \u00c9s un \u00e9sser que ha de viure en societat per poder manifestar-se en la seva ess\u00e8ncia \u00edntima expressant la seva veritable naturalesa.<\/p>\n<p>Aquest vi \u00e9s un himne a la sociabilitat, a la necessitat innata de comunicar-se, confrontar i deslligar-se de les limitacions imposades. En aquest vi la Syrah vol destacar de les altres varietats mediterr\u00e0nies, expressar sola i amb determinaci\u00f3 el seu potencial i la seva fermesa.<\/p>\n<p>&nbsp;<\/p>\n","protected":false},"excerpt":{"rendered":"<p>M\u00e9s Feli\u00e7 \u00e9s un vi solidari, resultat d&#8217;un treball col\u00b7laboratiu entre la Fundaci\u00f3 SETBA i BARDINET &#8211; LACRIMA BACCUS. &#8220;El miracle del vi consisteix a fer de l&#8217;home el que mai hauria de deixar de ser: amic de l&#8217;home&#8221;. (Ernst Engel). Tant els animals com l&#8217;\u00e9sser hum\u00e0 s\u00f3n \u00e9ssers socials, la difer\u00e8ncia est\u00e0 en el [&hellip;]<\/p>\n","protected":false},"author":1,"featured_media":267,"parent":397,"menu_order":6,"comment_status":"closed","ping_status":"closed","template":"","meta":{"_acf_changed":false,"footnotes":""},"premio":[],"class_list":["post-498","page","type-page","status-publish","has-post-thumbnail","hentry"],"acf":[],"aioseo_notices":[],"_links":{"self":[{"href":"https:\/\/www.lacrimabaccus.com\/ca\/wp-json\/wp\/v2\/pages\/498","targetHints":{"allow":["GET"]}}],"collection":[{"href":"https:\/\/www.lacrimabaccus.com\/ca\/wp-json\/wp\/v2\/pages"}],"about":[{"href":"https:\/\/www.lacrimabaccus.com\/ca\/wp-json\/wp\/v2\/types\/page"}],"author":[{"embeddable":true,"href":"https:\/\/www.lacrimabaccus.com\/ca\/wp-json\/wp\/v2\/users\/1"}],"replies":[{"embeddable":true,"href":"https:\/\/www.lacrimabaccus.com\/ca\/wp-json\/wp\/v2\/comments?post=498"}],"version-history":[{"count":1,"href":"https:\/\/www.lacrimabaccus.com\/ca\/wp-json\/wp\/v2\/pages\/498\/revisions"}],"predecessor-version":[{"id":499,"href":"https:\/\/www.lacrimabaccus.com\/ca\/wp-json\/wp\/v2\/pages\/498\/revisions\/499"}],"up":[{"embeddable":true,"href":"https:\/\/www.lacrimabaccus.com\/ca\/wp-json\/wp\/v2\/pages\/397"}],"wp:featuredmedia":[{"embeddable":true,"href":"https:\/\/www.lacrimabaccus.com\/ca\/wp-json\/wp\/v2\/media\/267"}],"wp:attachment":[{"href":"https:\/\/www.lacrimabaccus.com\/ca\/wp-json\/wp\/v2\/media?parent=498"}],"wp:term":[{"taxonomy":"premio","embeddable":true,"href":"https:\/\/www.lacrimabaccus.com\/ca\/wp-json\/wp\/v2\/premio?post=498"}],"curies":[{"name":"wp","href":"https:\/\/api.w.org\/{rel}","templated":true}]}}