{"id":815,"date":"2018-08-06T07:21:19","date_gmt":"2018-08-06T07:21:19","guid":{"rendered":"https:\/\/www.lacrimabaccus.com\/politica-de-cookies\/"},"modified":"2023-11-28T14:18:33","modified_gmt":"2023-11-28T14:18:33","slug":"politica-de-cookies","status":"publish","type":"page","link":"https:\/\/www.lacrimabaccus.com\/ca\/politica-de-cookies\/","title":{"rendered":"Pol\u00edtica de Cookies"},"content":{"rendered":"<p><em><strong>QU\u00c8 \u00c9S UNA COOKIE?<\/strong><\/em><\/p>\n<p><em>Aquest lloc web utilitza galetes i\/o tecnologies similars que emmagatzemen i recuperen informaci\u00f3 quan navegues. En general, aquestes tecnologies poden servir per a finalitats molt diverses, com, per exemple, recon\u00e8ixer-te com a usuari, obtenir informaci\u00f3 sobre els teus h\u00e0bits de navegaci\u00f3 o personalitzes la manera com es mostra el contingut. Els usos concrets que fem daquestes tecnologies es descriuen a continuaci\u00f3.<\/em><\/p>\n<p><em><strong>QUI UTILITZA LA INFORMACI\u00d3 DE LES COOKIES?<\/strong><\/em><\/p>\n<ul>\n<li><em>Nom de l&#8217;empresa:\u00a0BARDINET WINES, S.A.U.<\/em><\/li>\n<li><em>Identificador:\u00a0A08974479<\/em><\/li>\n<li><em>Carrer: FINCA MANLLEU S\/N<\/em><\/li>\n<li><em>CP:\u00a008732<\/em><\/li>\n<li><em>Localitat:\u00a0CASTELLVI DE LA MARCA<\/em><\/li>\n<li><em>Prov\u00edncia:\u00a0BARCELONA<\/em><\/li>\n<\/ul>\n<p><em><strong>QUINS TIPUS DE COOKIES EXISTEIXEN?<\/strong><\/em><\/p>\n<p><em>Les galetes es poden classificar, en virtut de les seves caracter\u00edstiques pr\u00f2pies, dins de diverses categories.<\/em><\/p>\n<ol>\n<li><em>Segons l&#8217;entitat que la gestioni:<\/em>\n<ol>\n<li><em>Cookies pr\u00f2pies: S\u00f3n aquelles que s&#8217;envien al teu ordinador i s\u00f3n gestionades exclusivament per nosaltres pel millor funcionament del Lloc Web.<\/em><\/li>\n<li><em>Galetes de tercers: S\u00f3n aquelles que s&#8217;envien al teu ordinador i no s\u00f3n gestionades per nosaltres sin\u00f3 per una tercera entitat.<\/em><\/li>\n<\/ol>\n<\/li>\n<li><em>Segons el termini de temps que romanen activades:<\/em>\n<ol>\n<li><em>Galetes de sessi\u00f3: Aquest tipus de galetes recullen i emmagatzemen dades \u00fanicament mentre l&#8217;Usuari accedeix al Lloc Web.<\/em><\/li>\n<li><em>Galetes persistents: Mitjan\u00e7ant aquest tipus de galetes les dades segueixen emmagatzemades i poden ser accedides i tractades durant el per\u00edode definit pel responsable de la galeta, i pot anar d&#8217;uns minuts a diversos anys.<\/em><\/li>\n<\/ol>\n<\/li>\n<li><em>Segons la finalitat:<\/em>\n<ol>\n<li><em>Cookies t\u00e8cniques: S\u00f3n aquelles que permeten a l&#8217;usuari la navegaci\u00f3 a trav\u00e9s del lloc web, plataforma o aplicaci\u00f3 i la utilitzaci\u00f3 de les diferents opcions o serveis que aquest ofereix, com per exemple, controlar el tr\u00e0nsit i la comunicaci\u00f3 de dades, identificar la sessi\u00f3 , \u00a0 accedir \u00a0 a \u00a0 parts \u00a0 de \u00a0 acc\u00e9s restringit, recordar els elements que integren una comanda,\u00a0 realitzar el proc\u00e9s de compra\u00a0 de una comanda,\u00a0realitzar la sol\u00b7licitud de inscripci\u00f3 o participaci\u00f3 en un esdeveniment, utilitzar emmagatzematge per a la navegaci\u00f3 difusi\u00f3 de v\u00eddeos o so o compartir continguts a trav\u00e9s de xarxes socials.<\/em><\/li>\n<li><em>Cookies de personalitzaci\u00f3: S\u00f3n aquelles que permeten a l&#8217;usuari accedir al servei amb algunes caracter\u00edstiques de car\u00e0cter general predefinides, com ara l&#8217;idioma, la configuraci\u00f3 regional des d&#8217;on accedeix al servei, etc.<\/em><\/li>\n<li><em>Galetes d&#8217;an\u00e0lisi: S\u00f3n aquelles que permeten al responsable de les mateixes, el seguiment i l&#8217;an\u00e0lisi del comportament dels usuaris dels llocs web als quals estan vinculades. La informaci\u00f3 recollida mitjan\u00e7ant aquest tipus de cookies s&#8217;utilitza en el mesurament de l&#8217;activitat dels llocs web, aplicaci\u00f3 o plataforma i per a l&#8217;elaboraci\u00f3 de perfils de navegaci\u00f3 dels usuaris d&#8217;aquests llocs, aplicacions i plataformes, per introduir millores a funci\u00f3 de lan\u00e0lisi de les dades d\u00fas que fan els usuaris del servei.<\/em><\/li>\n<li><em>Cookies publicit\u00e0ries: S\u00f3n aquelles que permeten la gesti\u00f3, de la manera m\u00e9s efica\u00e7 possible, dels espais publicitaris que, si escau, s&#8217;hagin incl\u00f2s al lloc web, aplicaci\u00f3 o plataforma des de la qual presta el servei sol\u00b7licitat en base als criteris com el contingut editat o la freq\u00fc\u00e8ncia en qu\u00e8 es mostren els anuncis.<\/em><br \/>\n<em>Cookies de publicitat comportamental: S\u00f3n aquelles que permeten la gesti\u00f3, de la manera m\u00e9s efica\u00e7 possible, dels espais publicitaris que, si escau, l&#8217;editor hagi incl\u00f2s a la seva p\u00e0gina web, aplicaci\u00f3 o plataforma des de la qual presta el servei sol\u00b7licitat. Aquestes cookies emmagatzemen informaci\u00f3 del comportament dels usuaris obtinguda a trav\u00e9s de l&#8217;observaci\u00f3 continuada dels seus h\u00e0bits de navegaci\u00f3, cosa que permet desenvolupar un perfil espec\u00edfic per mostrar publicitat en funci\u00f3 del mateix.<\/em><\/li>\n<\/ol>\n<\/li>\n<\/ol>\n<p><em><strong>QUINS TIPUS DE COOKIES UTILITZA AQUEST LLOC WEB?<\/strong><\/em><\/p>\n<p><em>A continuaci\u00f3, s&#8217;especifiquen les cookies en concret emprades en aquest Lloc Web:<\/em><\/p>\n<table style=\"height: 204px;\" width=\"1271\" cellspacing=\"0\" cellpadding=\"0\">\n<tbody>\n<tr>\n<td valign=\"top\"><em><strong>Nom<\/strong><\/em><\/td>\n<td valign=\"top\"><em><strong>Tipus (t\u00e8cniques, personalitzaci\u00f3, an\u00e0lisi o publicit\u00e0ries)<\/strong><\/em><\/td>\n<td valign=\"top\"><em><strong>Duraci\u00f3<\/strong><\/em><\/td>\n<td valign=\"top\"><em><strong>Finalitat<\/strong><\/em><\/td>\n<td valign=\"top\"><em><strong>Pr\u00f2pies\/Tercers<\/strong><\/em><\/td>\n<\/tr>\n<tr>\n<td valign=\"top\"><em>cookieyes-consent<\/em><\/td>\n<td valign=\"top\"><em>personalitzaci\u00f3<\/em><\/td>\n<td valign=\"top\"><em>1 any<\/em><\/td>\n<td valign=\"top\"><\/td>\n<td valign=\"top\"><em>Pr\u00f2pies<\/em><\/td>\n<\/tr>\n<tr>\n<td valign=\"top\"><em>elementor<\/em><\/td>\n<td valign=\"top\"><em>personalitzaci\u00f3<\/em><\/td>\n<td valign=\"top\"><em>Mai<\/em><\/td>\n<td valign=\"top\"><\/td>\n<td valign=\"top\"><em>Pr\u00f2pies<\/em><\/td>\n<\/tr>\n<tr>\n<td valign=\"top\"><em>_fbp<\/em><\/td>\n<td valign=\"top\"><em>publicit\u00e0ries<\/em><\/td>\n<td valign=\"top\"><em>3 mesos<\/em><\/td>\n<td valign=\"top\"><\/td>\n<td valign=\"top\"><em>Facebook. Pots consultar la seva\u00a0<a href=\"https:\/\/www.facebook.com\/privacy\/policies\/cookies\/?entry_point=cookie_policy_redirect&amp;entry=0\">Pol\u00edtica de Cookies aqu\u00ed.\u00a0<\/a><\/em><\/td>\n<\/tr>\n<tr>\n<td valign=\"top\"><em>\u00a0<\/em><\/td>\n<td valign=\"top\"><em>\u00a0<\/em><\/td>\n<td valign=\"top\"><em>\u00a0<\/em><\/td>\n<td valign=\"top\"><em>\u00a0<\/em><\/td>\n<td valign=\"top\"><em>\u00a0<\/em><\/td>\n<\/tr>\n<tr>\n<td valign=\"top\"><em>\u00a0<\/em><\/td>\n<td valign=\"top\"><em>\u00a0<\/em><\/td>\n<td valign=\"top\"><em>\u00a0<\/em><\/td>\n<td valign=\"top\"><em>\u00a0<\/em><\/td>\n<td valign=\"top\"><em>\u00a0<\/em><\/td>\n<\/tr>\n<\/tbody>\n<\/table>\n<p><em>Aquesta taula pot ser actualitzada d&#8217;acord amb les galetes emprades en cada moment. Us aconsellem que consulteu la nostra Pol\u00edtica de Cookies de forma regular.<\/em><\/p>\n<p><em><strong>ES REALITZEN TRANSFER\u00c8NCIES DE DADES A TERCERS PA\u00cfSOS?<\/strong><\/em><\/p>\n<p><em>Pots informar-te de les transfer\u00e8ncies a tercers pa\u00efsos que, si escau, realitzen els tercers identificats en aquesta pol\u00edtica de cookies en les seves pol\u00edtiques corresponents (Vegeu els enlla\u00e7os facilitats a la taula anterior, a l&#8217;apartat de cookies de tercers).<\/em><\/p>\n<p><em><strong>COM DESHABILITAR I BLOQUEJAR COOKIES?<\/strong><\/em><\/p>\n<p><em>T&#8217;informem que, en qualsevol cas, pots deshabilitar o bloquejar les galetes activant la configuraci\u00f3 del teu navegador, permetent rebutjar la instal\u00b7laci\u00f3 de totes o algunes de les galetes. En cas de no permetre la instal\u00b7laci\u00f3 de cookies \u00e9s possible que no puguis accedir a algunes de les funcionalitats del present lloc web, i per tant, la teva experi\u00e8ncia com a usuari al lloc web sigui menys satisfact\u00f2ria.<\/em><\/p>\n<p><em>Pots permetre, bloquejar o eliminar les cookies instal\u00b7lades al teu equip mitjan\u00e7ant la configuraci\u00f3 de les opcions del navegador instal\u00b7lat al teu ordinador. Per a m\u00e9s informaci\u00f3 sobre com ajustar les vostres configuracions de cookies als seg\u00fcents navegadors, us remetem a l&#8217;enlla\u00e7 pertinent:<\/em><\/p>\n<p><em>Internet Explorer<\/em><\/p>\n<p><em>https:\/\/support.microsoft.com\/ca-help\/17442\/windows-internet-explorer-delete-manage-cookies<\/em><\/p>\n<p><em>Firefox<\/em><\/p>\n<p><em>https:\/\/support.mozilla.org\/es\/kb\/habilitar-y-deshabilitar-cookies-sitios-web-rastrear-preferencias?redirectlocale=es&amp;redirectslug=habilitar-y-deshabilitar-cookies-que-los-sitios-we<\/em><\/p>\n<p><em>Chrome<\/em><\/p>\n<p><em>http:\/\/support.google.com\/chrome\/bin\/answer.py?hl=en&amp;answer=9564<\/em><\/p>\n<p><em>Safari<\/em><\/p>\n<p><em>https:\/\/support.apple.com\/kb\/PH19214?viewlocale=ca_ES&amp;locale=ca_CA<\/em><\/p>\n<p><em>Opera<\/em><\/p>\n<p><em>http:\/\/help.opera.com\/Windows\/11.50\/ca-ES\/cookies.html<\/em><\/p>\n<p><em><strong>QUINS DRETS TENS SOBRE LES DADES PERSONALS APORTADES?<\/strong><\/em><\/p>\n<p><em>Com a usuari, pots exercitar els drets seg\u00fcents:<\/em><\/p>\n<ul>\n<li><em>Dret d&#8217;acc\u00e9s: Teniu dret a obtenir per part de l&#8217;empresa confirmaci\u00f3 de si s&#8217;estan tractant o no les vostres dades personals que, i si escau, quines dades tracta.<\/em><\/li>\n<li><em>Dret de rectificaci\u00f3: Tens dret a obtenir per part de lempresa, la rectificaci\u00f3 de les dades personals inexactes que et concerneixen. A la sol\u00b7licitud de rectificaci\u00f3 haur\u00e0s d&#8217;indicar les dades que desitges que es modifiquin.<\/em><\/li>\n<li><em>Dret d&#8217;oposici\u00f3: Teniu dret a oposar-vos en qualsevol moment, per motius relacionats amb la vostra situaci\u00f3 particular, que dades personals que us concerneixin siguin objecte d&#8217;un tractament basat en l&#8217;inter\u00e8s leg\u00edtim de l&#8217;empresa. En aquest cas, l&#8217;empresa deixar\u00e0 de tractar les dades personals, llevat que acreditem motius imperiosos leg\u00edtims per al tractament que prevalguin sobre els teus interessos, drets i llibertats, o per a la formulaci\u00f3, l&#8217;exercici o la defensa de reclamacions.<\/em><\/li>\n<li><em>Dret de supressi\u00f3: Teniu dret a obtenir per part de l&#8217;empresa, la supressi\u00f3 de les dades personals que us concerneixin.<\/em><\/li>\n<li><em>Dret a la portabilitat de les dades: Teniu dret que l&#8217;empresa transfereixi les vostres dades personals a un altre responsable del tractament. Nom\u00e9s \u00e9s possible exercir aquest dret quan el tractament estigui basat en l&#8217;execuci\u00f3 d&#8217;un contracte o en el vostre consentiment i el tractament es realitzi per mitjans automatitzats.<\/em><\/li>\n<li><em>Dret a la limitaci\u00f3 del tractament: Tens dret a sol\u00b7licitar-nos que suspenguem el tractament de les teves dades quan: impugnes l&#8217;exactitud de les dades, mentre l&#8217;empresa verifica aquesta exactitud; hagis exercit el dret d&#8217;oposici\u00f3 al tractament de les teves dades, mentre que es verifica si els motius leg\u00edtims de l&#8217;empresa prevalen sobre els teus com a interessats.<\/em><\/li>\n<li><em>Dret a no ser objecte de decisions individuals automatitzades, inclosa l&#8217;elaboraci\u00f3 de perfils: Tens dret a no ser objecte d&#8217;una decisi\u00f3 basada \u00fanicament en el tractament automatitzat, inclosa l&#8217;elaboraci\u00f3 de perfils, que produeixi efectes jur\u00eddics o t&#8217;afecti significativament de manera semblant .<\/em><\/li>\n<\/ul>\n<p><em>En qualsevol moment, podr\u00e0s exercitar aquests Drets, mitjan\u00e7ant un escrit i acreditant la teva personalitat adre\u00e7at al responsable del tractament, a la direcci\u00f3 que apareix m\u00e9s amunt.<\/em><\/p>\n<p><em>A m\u00e9s, podr\u00e0s presentar una reclamaci\u00f3 davant de l&#8217;autoritat de control, en aquest cas, l&#8217;Ag\u00e8ncia Espanyola de Protecci\u00f3 de Dades, si consideres que el tractament de dades personals infringeix la legislaci\u00f3 aplicable.<\/em><\/p>\n","protected":false},"excerpt":{"rendered":"<p>QU\u00c8 \u00c9S UNA COOKIE? Aquest lloc web utilitza galetes i\/o tecnologies similars que emmagatzemen i recuperen informaci\u00f3 quan navegues. En general, aquestes tecnologies poden servir per a finalitats molt diverses, com, per exemple, recon\u00e8ixer-te com a usuari, obtenir informaci\u00f3 sobre els teus h\u00e0bits de navegaci\u00f3 o personalitzes la manera com es mostra el contingut. Els [&hellip;]<\/p>\n","protected":false},"author":1,"featured_media":0,"parent":0,"menu_order":0,"comment_status":"closed","ping_status":"closed","template":"","meta":{"_acf_changed":false,"footnotes":""},"premio":[],"class_list":["post-815","page","type-page","status-publish","hentry"],"acf":[],"aioseo_notices":[],"_links":{"self":[{"href":"https:\/\/www.lacrimabaccus.com\/ca\/wp-json\/wp\/v2\/pages\/815","targetHints":{"allow":["GET"]}}],"collection":[{"href":"https:\/\/www.lacrimabaccus.com\/ca\/wp-json\/wp\/v2\/pages"}],"about":[{"href":"https:\/\/www.lacrimabaccus.com\/ca\/wp-json\/wp\/v2\/types\/page"}],"author":[{"embeddable":true,"href":"https:\/\/www.lacrimabaccus.com\/ca\/wp-json\/wp\/v2\/users\/1"}],"replies":[{"embeddable":true,"href":"https:\/\/www.lacrimabaccus.com\/ca\/wp-json\/wp\/v2\/comments?post=815"}],"version-history":[{"count":8,"href":"https:\/\/www.lacrimabaccus.com\/ca\/wp-json\/wp\/v2\/pages\/815\/revisions"}],"predecessor-version":[{"id":3809,"href":"https:\/\/www.lacrimabaccus.com\/ca\/wp-json\/wp\/v2\/pages\/815\/revisions\/3809"}],"wp:attachment":[{"href":"https:\/\/www.lacrimabaccus.com\/ca\/wp-json\/wp\/v2\/media?parent=815"}],"wp:term":[{"taxonomy":"premio","embeddable":true,"href":"https:\/\/www.lacrimabaccus.com\/ca\/wp-json\/wp\/v2\/premio?post=815"}],"curies":[{"name":"wp","href":"https:\/\/api.w.org\/{rel}","templated":true}]}}