{"id":837,"date":"2018-07-10T15:58:18","date_gmt":"2018-07-10T15:58:18","guid":{"rendered":"https:\/\/www.lacrimabaccus.com\/el-nostre-equip\/xavier-freixedas\/"},"modified":"2018-10-16T09:34:42","modified_gmt":"2018-10-16T09:34:42","slug":"xavier-freixedas","status":"publish","type":"page","link":"https:\/\/www.lacrimabaccus.com\/ca\/el-nostre-equip\/xavier-freixedas\/","title":{"rendered":"Xavier Freixedas"},"content":{"rendered":"<p>Xavier Freixedas\u00a0<span style=\"color: #212121;\"><span style=\"font-family: Arial, sans-serif;\"><span style=\"font-size: medium;\"><span style=\"color: #333333;\"><span style=\"font-size: large;\">\u00a0va n\u00e9ixer el 25 mar\u00e7 del 1973 a Vilafranca del Pened\u00e8s. De formaci\u00f3 economista, va comen\u00e7ar la seva carrera professional en el sector bancari. Va ser l&#8217;any 1998 quan va comen\u00e7ar <\/span><\/span><span style=\"color: #333333;\"><span style=\"font-size: large;\">la seva trajectoria <\/span><\/span><span style=\"color: #333333;\"><span style=\"font-size: large;\"> en el sector vin\u00edcola que compta ja amb una experi\u00e8ncia de 20 anys, sempre realitzant les tasques de direcci\u00f3 general.<\/span><\/span><\/span><\/span><\/span><\/p>\n<p><span style=\"color: #212121;\"><span style=\"font-family: Arial, sans-serif;\"><span style=\"font-size: medium;\"><span lang=\"ca-ES\">L&#8217;any 1998 va entrar com a conseller delegat de Caves Lavernoya. En poc temps la companyia va comen\u00e7ar a generar beneficis. Les vendes de l&#8217;any 1998 eren de 250.000 \u20ac i es va aconseguir situar la facturaci\u00f3 a prop dels 2.000.000 \u20ac.<\/span><\/span><\/span><\/span><\/p>\n<p><span style=\"color: #212121;\"><span style=\"font-family: Arial, sans-serif;\"><span style=\"font-size: medium;\"><span lang=\"ca-ES\">Al 2015 va adquirir les funcions de Responsable de vins i caves a Bardinet, potenciant els productes entre els clients existents de Bardinet i exercint d&#8217;enlla\u00e7 entre els Cellers de Bardinet i la direcci\u00f3 general de la mateixa. Avui exerceix de director general de Lacrima Baccus.<\/span><\/span><\/span><\/span><\/p>\n","protected":false},"excerpt":{"rendered":"<p>Xavier Freixedas\u00a0\u00a0va n\u00e9ixer el 25 mar\u00e7 del 1973 a Vilafranca del Pened\u00e8s. De formaci\u00f3 economista, va comen\u00e7ar la seva carrera professional en el sector bancari. Va ser l&#8217;any 1998 quan va comen\u00e7ar la seva trajectoria en el sector vin\u00edcola que compta ja amb una experi\u00e8ncia de 20 anys, sempre realitzant les tasques de direcci\u00f3 general. [&hellip;]<\/p>\n","protected":false},"author":1,"featured_media":282,"parent":387,"menu_order":1,"comment_status":"closed","ping_status":"closed","template":"","meta":{"_acf_changed":false,"footnotes":""},"premio":[],"class_list":["post-837","page","type-page","status-publish","has-post-thumbnail","hentry"],"acf":[],"aioseo_notices":[],"_links":{"self":[{"href":"https:\/\/www.lacrimabaccus.com\/ca\/wp-json\/wp\/v2\/pages\/837","targetHints":{"allow":["GET"]}}],"collection":[{"href":"https:\/\/www.lacrimabaccus.com\/ca\/wp-json\/wp\/v2\/pages"}],"about":[{"href":"https:\/\/www.lacrimabaccus.com\/ca\/wp-json\/wp\/v2\/types\/page"}],"author":[{"embeddable":true,"href":"https:\/\/www.lacrimabaccus.com\/ca\/wp-json\/wp\/v2\/users\/1"}],"replies":[{"embeddable":true,"href":"https:\/\/www.lacrimabaccus.com\/ca\/wp-json\/wp\/v2\/comments?post=837"}],"version-history":[{"count":2,"href":"https:\/\/www.lacrimabaccus.com\/ca\/wp-json\/wp\/v2\/pages\/837\/revisions"}],"predecessor-version":[{"id":839,"href":"https:\/\/www.lacrimabaccus.com\/ca\/wp-json\/wp\/v2\/pages\/837\/revisions\/839"}],"up":[{"embeddable":true,"href":"https:\/\/www.lacrimabaccus.com\/ca\/wp-json\/wp\/v2\/pages\/387"}],"wp:featuredmedia":[{"embeddable":true,"href":"https:\/\/www.lacrimabaccus.com\/ca\/wp-json\/wp\/v2\/media\/282"}],"wp:attachment":[{"href":"https:\/\/www.lacrimabaccus.com\/ca\/wp-json\/wp\/v2\/media?parent=837"}],"wp:term":[{"taxonomy":"premio","embeddable":true,"href":"https:\/\/www.lacrimabaccus.com\/ca\/wp-json\/wp\/v2\/premio?post=837"}],"curies":[{"name":"wp","href":"https:\/\/api.w.org\/{rel}","templated":true}]}}