{"id":856,"date":"2018-06-27T19:58:14","date_gmt":"2018-06-27T19:58:14","guid":{"rendered":"https:\/\/www.lacrimabaccus.com\/premis-i-reconeixements\/guiapenin\/"},"modified":"2018-08-31T07:01:29","modified_gmt":"2018-08-31T07:01:29","slug":"guiapenin","status":"publish","type":"page","link":"https:\/\/www.lacrimabaccus.com\/ca\/premis-i-reconeixements\/guiapenin\/","title":{"rendered":"GuiaPe\u00f1in"},"content":{"rendered":"<p>Gu\u00eda Pe\u00f1\u00edn \u00e9s el manual de vins espanyols m\u00e9s complet del m\u00f3n. Els seus professionals tasten l&#8217;any m\u00e9s de 11.500 vins, convertint a la Guia Pe\u00f1\u00edn dels Vins d&#8217;Espanya en el manual m\u00e9s consultat per aficionats i professionals del vi.<\/p>\n<p>&nbsp;<\/p>\n","protected":false},"excerpt":{"rendered":"<p>Gu\u00eda Pe\u00f1\u00edn \u00e9s el manual de vins espanyols m\u00e9s complet del m\u00f3n. Els seus professionals tasten l&#8217;any m\u00e9s de 11.500 vins, convertint a la Guia Pe\u00f1\u00edn dels Vins d&#8217;Espanya en el manual m\u00e9s consultat per aficionats i professionals del vi. &nbsp;<\/p>\n","protected":false},"author":1,"featured_media":145,"parent":406,"menu_order":4,"comment_status":"closed","ping_status":"closed","template":"","meta":{"_acf_changed":false,"footnotes":""},"premio":[],"class_list":["post-856","page","type-page","status-publish","has-post-thumbnail","hentry"],"acf":[],"aioseo_notices":[],"_links":{"self":[{"href":"https:\/\/www.lacrimabaccus.com\/ca\/wp-json\/wp\/v2\/pages\/856","targetHints":{"allow":["GET"]}}],"collection":[{"href":"https:\/\/www.lacrimabaccus.com\/ca\/wp-json\/wp\/v2\/pages"}],"about":[{"href":"https:\/\/www.lacrimabaccus.com\/ca\/wp-json\/wp\/v2\/types\/page"}],"author":[{"embeddable":true,"href":"https:\/\/www.lacrimabaccus.com\/ca\/wp-json\/wp\/v2\/users\/1"}],"replies":[{"embeddable":true,"href":"https:\/\/www.lacrimabaccus.com\/ca\/wp-json\/wp\/v2\/comments?post=856"}],"version-history":[{"count":1,"href":"https:\/\/www.lacrimabaccus.com\/ca\/wp-json\/wp\/v2\/pages\/856\/revisions"}],"predecessor-version":[{"id":857,"href":"https:\/\/www.lacrimabaccus.com\/ca\/wp-json\/wp\/v2\/pages\/856\/revisions\/857"}],"up":[{"embeddable":true,"href":"https:\/\/www.lacrimabaccus.com\/ca\/wp-json\/wp\/v2\/pages\/406"}],"wp:featuredmedia":[{"embeddable":true,"href":"https:\/\/www.lacrimabaccus.com\/ca\/wp-json\/wp\/v2\/media\/145"}],"wp:attachment":[{"href":"https:\/\/www.lacrimabaccus.com\/ca\/wp-json\/wp\/v2\/media?parent=856"}],"wp:term":[{"taxonomy":"premio","embeddable":true,"href":"https:\/\/www.lacrimabaccus.com\/ca\/wp-json\/wp\/v2\/premio?post=856"}],"curies":[{"name":"wp","href":"https:\/\/api.w.org\/{rel}","templated":true}]}}