{"id":858,"date":"2018-06-27T18:04:06","date_gmt":"2018-06-27T18:04:06","guid":{"rendered":"https:\/\/www.lacrimabaccus.com\/premis-i-reconeixements\/decanter\/"},"modified":"2018-08-31T07:25:51","modified_gmt":"2018-08-31T07:25:51","slug":"decanter","status":"publish","type":"page","link":"https:\/\/www.lacrimabaccus.com\/ca\/premis-i-reconeixements\/decanter\/","title":{"rendered":"Decanter"},"content":{"rendered":"<p id=\"tw-target-text\" class=\"tw-data-text tw-ta tw-text-small\" dir=\"ltr\" data-placeholder=\"Traducci\u00f3n\"><span lang=\"ca\">El concurs de vins m\u00e9s gran i prestigi\u00f3s del m\u00f3n. Jutjat pels millors experts del sector del vi de tot el m\u00f3n, el DWWA gaudeix de gran confian\u00e7a internacional pel seu rigor\u00f3s proc\u00e9s d&#8217;avaluaci\u00f3.<\/span><\/p>\n<p>&nbsp;<\/p>\n<p>&nbsp;<\/p>\n","protected":false},"excerpt":{"rendered":"<p>El concurs de vins m\u00e9s gran i prestigi\u00f3s del m\u00f3n. Jutjat pels millors experts del sector del vi de tot el m\u00f3n, el DWWA gaudeix de gran confian\u00e7a internacional pel seu rigor\u00f3s proc\u00e9s d&#8217;avaluaci\u00f3. &nbsp; &nbsp;<\/p>\n","protected":false},"author":1,"featured_media":143,"parent":406,"menu_order":1,"comment_status":"closed","ping_status":"closed","template":"","meta":{"_acf_changed":false,"footnotes":""},"premio":[],"class_list":["post-858","page","type-page","status-publish","has-post-thumbnail","hentry"],"acf":[],"aioseo_notices":[],"_links":{"self":[{"href":"https:\/\/www.lacrimabaccus.com\/ca\/wp-json\/wp\/v2\/pages\/858","targetHints":{"allow":["GET"]}}],"collection":[{"href":"https:\/\/www.lacrimabaccus.com\/ca\/wp-json\/wp\/v2\/pages"}],"about":[{"href":"https:\/\/www.lacrimabaccus.com\/ca\/wp-json\/wp\/v2\/types\/page"}],"author":[{"embeddable":true,"href":"https:\/\/www.lacrimabaccus.com\/ca\/wp-json\/wp\/v2\/users\/1"}],"replies":[{"embeddable":true,"href":"https:\/\/www.lacrimabaccus.com\/ca\/wp-json\/wp\/v2\/comments?post=858"}],"version-history":[{"count":2,"href":"https:\/\/www.lacrimabaccus.com\/ca\/wp-json\/wp\/v2\/pages\/858\/revisions"}],"predecessor-version":[{"id":862,"href":"https:\/\/www.lacrimabaccus.com\/ca\/wp-json\/wp\/v2\/pages\/858\/revisions\/862"}],"up":[{"embeddable":true,"href":"https:\/\/www.lacrimabaccus.com\/ca\/wp-json\/wp\/v2\/pages\/406"}],"wp:featuredmedia":[{"embeddable":true,"href":"https:\/\/www.lacrimabaccus.com\/ca\/wp-json\/wp\/v2\/media\/143"}],"wp:attachment":[{"href":"https:\/\/www.lacrimabaccus.com\/ca\/wp-json\/wp\/v2\/media?parent=858"}],"wp:term":[{"taxonomy":"premio","embeddable":true,"href":"https:\/\/www.lacrimabaccus.com\/ca\/wp-json\/wp\/v2\/premio?post=858"}],"curies":[{"name":"wp","href":"https:\/\/api.w.org\/{rel}","templated":true}]}}