{"id":1261,"date":"2018-06-19T10:23:47","date_gmt":"2018-06-19T10:23:47","guid":{"rendered":"https:\/\/www.lacrimabaccus.com\/weingut\/el-recuerdo-es-el-momento-en-que-la-mente-recupera-los-estados-de-animo-y-los-sentimientos-relacionados\/"},"modified":"2018-10-16T16:59:43","modified_gmt":"2018-10-16T16:59:43","slug":"die-erinnerung-ist-der-moment-in-dem-der-geist-die-gemuetszustaende-und-die-damit-verbundenen-gefuehle-wiedererlangen","status":"publish","type":"page","link":"https:\/\/www.lacrimabaccus.com\/de\/weingut\/die-erinnerung-ist-der-moment-in-dem-der-geist-die-gemuetszustaende-und-die-damit-verbundenen-gefuehle-wiedererlangen\/","title":{"rendered":"Die Erinnerung ist der Moment, in dem der Geist die Gem\u00fctszust\u00e4nde und die damit verbundenen Gef\u00fchle wiedererlangen."},"content":{"rendered":"<p>Der Zweck von Lacrima Baccus ist, in den K\u00f6pfen der Verbraucher die Erinnerung an einen s\u00fc\u00dfen Weinberg wieder aufleben zu lassen, der langsam aus dem langen Winterschlaf erwacht, mit einer Energie und Kraft vergleichbar mit der unserer Arbeiter, die Weinberge mit Hoffnung und Positivismus sorgen.<\/p>\n<p>Das Weingut verf\u00fcgt \u00fcber 20 Hektar eigene Weinberge, in denen heimische Sorten wie Macabeo, Xarel\u00b7lo, Parellada und Garnacha angebaut werden, sowie internationale Sorten wie Chardonnay, Pinot Noir, Merlot und Cabernet Sauvignon. Wir arbeiten in zwei verschiedenen Herkunftsbezeichnungen (DO), der DO Cava und DO Pened\u00e8s.<\/p>\n<p>Heutzutage ist das Weingut Teil der <strong>Bardinet-Gruppe.<\/strong><\/p>\n","protected":false},"excerpt":{"rendered":"<p>Der Zweck von Lacrima Baccus ist, in den K\u00f6pfen der Verbraucher die Erinnerung an einen s\u00fc\u00dfen Weinberg wieder aufleben zu lassen, der langsam aus dem langen Winterschlaf erwacht, mit einer Energie und Kraft vergleichbar mit der unserer Arbeiter, die Weinberge mit Hoffnung und Positivismus sorgen. Das Weingut verf\u00fcgt \u00fcber 20 Hektar eigene Weinberge, in denen [&hellip;]<\/p>\n","protected":false},"author":1,"featured_media":1263,"parent":1178,"menu_order":0,"comment_status":"closed","ping_status":"closed","template":"","meta":{"_acf_changed":false,"footnotes":""},"premio":[],"class_list":["post-1261","page","type-page","status-publish","has-post-thumbnail","hentry"],"acf":[],"aioseo_notices":[],"_links":{"self":[{"href":"https:\/\/www.lacrimabaccus.com\/de\/wp-json\/wp\/v2\/pages\/1261","targetHints":{"allow":["GET"]}}],"collection":[{"href":"https:\/\/www.lacrimabaccus.com\/de\/wp-json\/wp\/v2\/pages"}],"about":[{"href":"https:\/\/www.lacrimabaccus.com\/de\/wp-json\/wp\/v2\/types\/page"}],"author":[{"embeddable":true,"href":"https:\/\/www.lacrimabaccus.com\/de\/wp-json\/wp\/v2\/users\/1"}],"replies":[{"embeddable":true,"href":"https:\/\/www.lacrimabaccus.com\/de\/wp-json\/wp\/v2\/comments?post=1261"}],"version-history":[{"count":2,"href":"https:\/\/www.lacrimabaccus.com\/de\/wp-json\/wp\/v2\/pages\/1261\/revisions"}],"predecessor-version":[{"id":1268,"href":"https:\/\/www.lacrimabaccus.com\/de\/wp-json\/wp\/v2\/pages\/1261\/revisions\/1268"}],"up":[{"embeddable":true,"href":"https:\/\/www.lacrimabaccus.com\/de\/wp-json\/wp\/v2\/pages\/1178"}],"wp:featuredmedia":[{"embeddable":true,"href":"https:\/\/www.lacrimabaccus.com\/de\/wp-json\/wp\/v2\/media\/1263"}],"wp:attachment":[{"href":"https:\/\/www.lacrimabaccus.com\/de\/wp-json\/wp\/v2\/media?parent=1261"}],"wp:term":[{"taxonomy":"premio","embeddable":true,"href":"https:\/\/www.lacrimabaccus.com\/de\/wp-json\/wp\/v2\/premio?post=1261"}],"curies":[{"name":"wp","href":"https:\/\/api.w.org\/{rel}","templated":true}]}}