{"id":1437,"date":"2018-07-19T14:42:12","date_gmt":"2018-07-19T14:42:12","guid":{"rendered":"https:\/\/www.lacrimabaccus.com\/politica-de-privacidad\/"},"modified":"2023-11-28T22:41:27","modified_gmt":"2023-11-28T22:41:27","slug":"datenschutz","status":"publish","type":"page","link":"https:\/\/www.lacrimabaccus.com\/de\/datenschutz\/","title":{"rendered":"DATENSCHUTZ"},"content":{"rendered":"<p class=\"p1\"><span class=\"s1\"><b>WEBSITE-DATENSCHUTZRICHTLINIE<\/b><\/span><br \/>\nWir sind ein Unternehmen, in dem Informationstransparenz unerl\u00e4sslich ist, um ein Vertrauensverh\u00e4ltnis zu den Menschen aufzubauen, die unser Projekt ausmachen, sowie zu unseren Lieferanten und Kunden. Dabei ist der Schutz der personenbezogenen Daten der Menschen, denen sie vertrauen, von entscheidender Bedeutung. Deshalb m\u00f6chten wir Sie in dieser Datenschutzerkl\u00e4rung dar\u00fcber informieren, wie wir diese Daten erheben und verarbeiten bzw. nutzen.<br \/>\nDiese Datenschutzrichtlinie legt die Grundlagen fest, auf denen das Unternehmen die personenbezogenen Daten verarbeitet, die unsere Nutzer uns \u00fcber die Website freiwillig zur Verf\u00fcgung stellen.<br \/>\nDiese Richtlinie wird immer gelten anwendbar, wenn Daten dem Unternehmen zur Verf\u00fcgung gestellt werden Verantwortlicher f\u00fcr Ihre Daten (Datenverarbeiter) und \u00fcber alle Kontakt- oder Abonnementformulare, in denen personenbezogene Daten erfasst werden (Name, E-Mail usw.).<\/p>\n<p><span class=\"s1\"><b>WAS WIR VERPFLICHTEN UNS<\/b><\/span><\/p>\n<ul class=\"ul1\">\n<li class=\"li3\"><span class=\"s3\">Um die Privatsph\u00e4re unserer Nutzer zu respektieren und personenbezogene Daten mit deren Zustimmung zu verarbeiten.<\/span><\/li>\n<li class=\"li3\"><span class=\"s3\">Um die personenbezogenen Daten zu verarbeiten, die wir unbedingt ben\u00f6tigen, um die angeforderte Dienstleistung bereitzustellen, und sie auf sichere und vertrauliche Weise zu behandeln, Ergreifen der erforderlichen Ma\u00dfnahmen, um unbefugten Zugriff und Missbrauch zu verhindern.<\/span><\/li>\n<li class=\"li3\"><span class=\"s3\">Personenbezogene Daten nicht f\u00fcr Zwecke verwenden, f\u00fcr die wir zuvor keine Einwilligung eingeholt haben.<\/span><\/li>\n<li class=\"li3\"><span class=\"s3\">Personenbezogene Daten nicht an Dritte weitergeben Parteien oder teilen sie.<\/span><\/li>\n<li class=\"li3\"><span class=\"s3\">Personenbezogene Daten so lange aufzubewahren, wie es f\u00fcr den spezifischen Zweck, f\u00fcr den sie bereitgestellt wurden, unbedingt erforderlich ist.<\/span><\/li>\n<\/ul>\n<p class=\"p5\">\n<p><span class=\"s4\"><b>WER IST F\u00dcR IHRE PERSONENBEZOGENEN DATEN VERANTWORTLICH?<\/b><\/span><\/p>\n<ul>\n<li>Firmenname:\u00a0BARDINET WINES, S.A.U.<\/li>\n<li>ID:\u00a0A08974479<\/li>\n<li>Stra\u00dfe:\u00a0FINCA MANLLEU S\/N<\/li>\n<li>Postleitzahl:\u00a008732<\/li>\n<li>Standort:\u00a0CASTELLVI DE LA MARCA<\/li>\n<li>Provinz:\u00a0BARCELONA<\/li>\n<\/ul>\n<p class=\"p5\">\n<span class=\"s4\"><b>WAS ES IST PERSONENBEZOGENE DATEN UND DIE VERARBEITUNG PERSONENBEZOGENER DATEN<\/b><\/span><br \/>\n<span class=\"s3\">Personenbezogene Daten sind alle Informationen \u00fcber eine identifizierte oder identifizierbare nat\u00fcrliche Person. Eine identifizierbare nat\u00fcrliche Person ist jede Person, deren Identit\u00e4t direkt oder indirekt, insbesondere mittels einer Kennung wie einem Namen, einer Kennnummer, Standortdaten, einer Online-Kennung oder einem oder mehreren physischen, personenbezogenen Merkmalen bestimmt werden kann. physiologische, genetische, psychologische, wirtschaftliche, kulturelle oder soziale Identit\u00e4t dieser Person.<\/span><br \/>\n<span class=\"s3\">Ebenso umfasst die Verarbeitung personenbezogener Daten jeden Vorgang oder jede Vorgangsreihe, die im Zusammenhang mit personenbezogenen Daten oder S\u00e4tzen personenbezogener Daten ausgef\u00fchrt wird, sei es durch automatisierte Verfahren oder nicht, wie z. B. das Erheben, die Registrierung, die Organisation, die Strukturierung, die Aufbewahrung, die Anpassung oder Ver\u00e4nderung oder die Extraktion , Abfrage, Nutzung, Mitteilung durch \u00dcbermittlung, Verbreitung oder jede andere Form der Zugriffserm\u00f6glichung, Erfassung oder Verkn\u00fcpfung, Einschr\u00e4nkung, L\u00f6schung oder Vernichtung.<\/span><\/p>\n<p><span class=\"s4\"><b>WAS WIR VERARBEITEN IHRE PERSONENBEZOGENEN DATEN UND WARUM ZWECKE<\/b><\/span><\/p>\n<ul class=\"ul1\">\n<li class=\"li3\"><span class=\"s3\"><b>Informationsanfrage des Benutzers<\/b><br \/>\nVerwalten Sie die vom Benutzer \u00fcber das Kontaktformular und\/oder die \u00fcber das angegebene E-Mail-Adresse, Postadresse und\/oder Telefonnummer gesendete Informationsanfrage Website.<\/span><\/li>\n<li class=\"li3\"><span class=\"s3\"><b>Newsletter-Abonnement<\/b><br \/>\nAbonnement verwalten, um den Newsletter zu versenden<\/span><\/li>\n<li class=\"li3\"><span class=\"s3\"><b>Arbeiten Sie mit uns zusammen, indem Sie den Lebenslauf senden<\/b><br \/>\nVerwaltung der \u00fcber das auf der Website verf\u00fcgbare Formular erhaltenen Lebensl\u00e4ufe.<\/span><\/li>\n<li class=\"li3\"><span class=\"s3\"><b>Registrierung und Zugriff auf das Benutzerprofil<\/b><br \/>\nVerwaltung der Registrierung und Zugriff auf das Benutzerportal \u00fcber das entsprechende Benutzerkonto und Passwort ;a.<\/span><\/li>\n<li class=\"li3\"><span class=\"s3\"><b>Verwaltung von Kommentaren im Blog.<\/b><br \/>\nVerwalten Sie das Senden und Empfangen der Kommentare, die der Benutzer im Blog hinterlassen hat.<\/span><\/li>\n<\/ul>\n<p class=\"p5\">\n<p><span class=\"s4\"><b>WAS PERSONENBEZOGENE DATEN, DIE WIR ERFASSEN<\/b><\/span><br \/>\n<span class=\"s3\">\u00dcber unsere Website k\u00f6nnen wir personenbezogene Daten f\u00fcr verschiedene Zwecke sammeln:<\/span><\/p>\n<ul class=\"ul1\">\n<li class=\"li3\"><span class=\"s3\"><b>Auskunftsanfrage des Nutzers<\/b><br \/>\nWir erfassen die personenbezogenen Daten, die Sie uns im Rahmen der gestellten Anfrage zur Verf\u00fcgung gestellt haben.<\/span><\/li>\n<li class=\"li3\"><span class=\"s3\"><b>Abonnement Newsletter<\/b><br \/>\nWir erfassen Ihre E-Mail-Adresse.<\/span><\/li>\n<li class=\"li3\"><span class=\"s3\"><b>Arbeiten Sie mit uns zusammen, indem Sie Ihren Lebenslauf senden.\u00a0<\/b><br \/>\nWir erfassen die Informationen, die in Ihrem Lebenslauf enthalten sind uns zur Verf\u00fcgung gestellt haben.<\/span><\/li>\n<li class=\"li3\"><span class=\"s3\"><b>Registrierung und Zugang zum Benutzerprofil<\/b><br \/>\nBenutzername und Passwort, sowie sowie alle anderen Daten, die zur Erstellung des Kontos oder Profils bereitgestellt wurden.<\/span><\/li>\n<li class=\"li3\"><span class=\"s3\"><b>Verwaltung von Kommentaren im Blog.<\/b><br \/>\nAlle Daten, die bei der Ver\u00f6ffentlichung bereitgestellt wurden den entsprechenden Kommentar.<\/span><\/li>\n<\/ul>\n<p class=\"p5\">\n<span class=\"s3\">Abh\u00e4ngig vom Zweck, zu dem die Daten bereitgestellt werden, sind unbedingt erforderliche Daten erforderlich. Es ist wichtig, dass der Benutzer sich der von ihm bereitgestellten Daten und des Zwecks, zu dem er diese bereitstellt, bewusst ist, denn in dem Moment, in dem er sie bereitstellt, ist er es auch Wir akzeptieren, dass wir diese Daten f\u00fcr den erforderlichen Zweck erheben, speichern und verwenden, und k\u00f6nnen die erteilte Einwilligung jederzeit \u00fcber die entsprechenden Kan\u00e4le widerrufen, wobei die Einwilligung des Interessenten die Rechtsgrundlage und Legitimit\u00e4t f\u00fcr die Verarbeitung seiner personenbezogenen Daten darstellt .<\/span><\/p>\n<p><span class=\"s4\"><b>Was ist die Legitimation f\u00fcr die Verarbeitung personenbezogener Daten?<\/b><\/span><br \/>\n<span class=\"s3\">Gem\u00e4\u00df den geltenden Datenschutzvorschriften ben\u00f6tigen wir f\u00fcr die Verarbeitung Ihrer personenbezogenen Daten eine Legitimationsgrundlage. Grundlage der Legitimation ist Ihre Einwilligung.<\/span><\/p>\n<p><span class=\"s4\"><b>WAS Ihre Rechte hinsichtlich der bereitgestellten personenbezogenen Daten<\/b><\/span><br \/>\n<span class=\"s3\">Als Nutzer k\u00f6nnen Sie folgende Rechte aus\u00fcben:<\/span><\/p>\n<ul class=\"ul1\">\n<li class=\"li3\"><span class=\"s4\">Auskunftsrecht<\/span><span class=\"s3\">: Sie haben das Recht, vom Unternehmen eine Best\u00e4tigung dar\u00fcber zu verlangen, ob und ggf. welche personenbezogenen Daten verarbeitet werden. Es werden Daten verarbeitet.<\/span><\/li>\n<li class=\"li3\"><span class=\"s4\">Recht auf Berichtigung<\/span><span class=\"s3\">: Sie haben das Recht, von BARDINET WINES, S.A.U. die Berichtigung unrichtiger personenbezogener Daten, die Sie betreffen, zu verlangen. Im Berichtigungsantrag m\u00fcssen Sie: Geben Sie an, welche Daten Sie \u00e4ndern m\u00f6chten.<\/span><\/li>\n<li class=\"li3\"><span class=\"s4\">Widerspruchsrecht<\/span><span class=\"s3\">: Sie haben das Recht, aus Gr\u00fcnden, die sich aus Ihrer besonderen Situation ergeben, jederzeit Widerspruch gegen die personenbezogenen Daten einzulegen Daten, die Sie betreffen, unterliegen einer Verarbeitung auf Grundlage des berechtigten Interesses des Unternehmens. In diesem Fall wird das Unternehmen eingestellt zur Verarbeitung personenbezogener Daten, es sei denn, wir k\u00f6nnen zwingende schutzw\u00fcrdige Gr\u00fcnde f\u00fcr die Verarbeitung nachweisen, die Ihre Interessen, Rechte und Freiheiten \u00fcberwiegen, oder die Verarbeitung dient der Geltendmachung, Aus\u00fcbung oder Verteidigung von Anspr\u00fcchen.<\/span><\/li>\n<li class=\"li3\"><span class=\"s3\">&lt; u&gt;Recht auf L\u00f6schung: Sie haben das Recht, von BARDINET WINES, S.A.U. die L\u00f6schung der Sie betreffenden personenbezogenen Daten zu verlangen.<\/span><\/li>\n<li class=\"li3\"><span class=\"s4\">Recht auf Daten\u00fcbertragbarkeit<\/span><span class=\"s3\">: Sie haben das Recht dazu Lassen Sie das Unternehmen Ihre personenbezogenen Daten an einen anderen Verantwortlichen \u00fcbermitteln. Die Aus\u00fcbung dieses Rechts ist nur w\u00e4hrend der Behandlung m\u00f6glich auf der Erf\u00fcllung eines Vertrags oder auf Ihrer Einwilligung beruhen und die Verarbeitung mithilfe automatisierter Verfahren erfolgt.<\/span><\/li>\n<li class=\"li3\"><span class=\"s4\">Recht auf Einschr\u00e4nkung der Verarbeitung<\/span><span class=\"s3\">: Sie haben das Recht, von uns die Aussetzung zu verlangen die Verarbeitung Ihrer Daten, wenn: Sie die Richtigkeit der Daten bestreiten, w\u00e4hrend BARDINET WINES, S.A.U. \u00fcberpr\u00fcft diese Genauigkeit; hat das Recht ausge\u00fcbt, der Verarbeitung seiner Daten zu widersprechen, w\u00e4hrend gepr\u00fcft wird, ob die berechtigten Gr\u00fcnde von BARDINET WINES, S.A.U. Sie setzen sich gegen\u00fcber Ihrem Interessenten durch.<\/span><\/li>\n<\/ul>\n<p class=\"p7\">\n<span class=\"s3\">Das ist jederzeit m\u00f6glich Machen Sie von diesen Rechten Gebrauch, indem Sie ein Schreiben mit Nachweis Ihrer Pers\u00f6nlichkeit an die f\u00fcr die Behandlung verantwortliche Person unter der oben angegebenen Adresse oder an die E-Mail-Adresse agalsina@bardinetwines.com senden<\/span><br \/>\n<span class=\"s3\">Dar\u00fcber hinaus k\u00f6nnen Sie eine Beschwerde bei der Aufsichtsbeh\u00f6rde, in diesem Fall der spanischen Datenschutzbeh\u00f6rde, einreichen, wenn Sie der Meinung sind, dass die Verarbeitung personenbezogener Daten gegen geltendes Recht verst\u00f6\u00dft.<\/span><\/p>\n<p><span class=\"s4\"><b>DATENSICHERHEIT UND -SPEICHERUNG<\/b><\/span><br \/>\n<span class=\"s3\">Wir werden die Daten so lange aufbewahren, wie es f\u00fcr die Erbringung der angeforderten Dienstleistung unbedingt erforderlich ist, und solange der Eigent\u00fcmer ihre L\u00f6schung nicht verlangt, indem wir geeignete technische und organisatorische Ma\u00dfnahmen ergreifen, um eine unbefugte oder rechtswidrige Verarbeitung sowie einen zuf\u00e4lligen Verlust, eine zuf\u00e4llige Zerst\u00f6rung oder Besch\u00e4digung zu verhindern, und dabei alle Anstrengungen unternehmen um sie sicher zu sch\u00fctzen und zu pflegen.<\/span><\/p>\n<p><span class=\"s4\"><b>WAS PERSONENBEZOGENE DATEN, DIE WIR AN DRITTE TEILEN<\/b><\/span><br \/>\n<span class=\"s3\">Es sind keine Daten\u00fcbermittlungen vorgesehen, au\u00dfer in den F\u00e4llen, in denen eine gesetzliche Verpflichtung oder eine notwendige Kommunikation besteht, um die angeforderte Dienstleistung angemessen erbringen zu k\u00f6nnen. Eine internationale Daten\u00fcbertragung ist nicht vorgesehen.<\/span><\/p>\n","protected":false},"excerpt":{"rendered":"<p>WEBSITE-DATENSCHUTZRICHTLINIE Wir sind ein Unternehmen, in dem Informationstransparenz unerl\u00e4sslich ist, um ein Vertrauensverh\u00e4ltnis zu den Menschen aufzubauen, die unser Projekt ausmachen, sowie zu unseren Lieferanten und Kunden. Dabei ist der Schutz der personenbezogenen Daten der Menschen, denen sie vertrauen, von entscheidender Bedeutung. Deshalb m\u00f6chten wir Sie in dieser Datenschutzerkl\u00e4rung dar\u00fcber informieren, wie wir diese Daten [&hellip;]<\/p>\n","protected":false},"author":1,"featured_media":0,"parent":0,"menu_order":0,"comment_status":"closed","ping_status":"closed","template":"","meta":{"_acf_changed":false,"footnotes":""},"premio":[],"class_list":["post-1437","page","type-page","status-publish","hentry"],"acf":[],"aioseo_notices":[],"_links":{"self":[{"href":"https:\/\/www.lacrimabaccus.com\/de\/wp-json\/wp\/v2\/pages\/1437","targetHints":{"allow":["GET"]}}],"collection":[{"href":"https:\/\/www.lacrimabaccus.com\/de\/wp-json\/wp\/v2\/pages"}],"about":[{"href":"https:\/\/www.lacrimabaccus.com\/de\/wp-json\/wp\/v2\/types\/page"}],"author":[{"embeddable":true,"href":"https:\/\/www.lacrimabaccus.com\/de\/wp-json\/wp\/v2\/users\/1"}],"replies":[{"embeddable":true,"href":"https:\/\/www.lacrimabaccus.com\/de\/wp-json\/wp\/v2\/comments?post=1437"}],"version-history":[{"count":6,"href":"https:\/\/www.lacrimabaccus.com\/de\/wp-json\/wp\/v2\/pages\/1437\/revisions"}],"predecessor-version":[{"id":3833,"href":"https:\/\/www.lacrimabaccus.com\/de\/wp-json\/wp\/v2\/pages\/1437\/revisions\/3833"}],"wp:attachment":[{"href":"https:\/\/www.lacrimabaccus.com\/de\/wp-json\/wp\/v2\/media?parent=1437"}],"wp:term":[{"taxonomy":"premio","embeddable":true,"href":"https:\/\/www.lacrimabaccus.com\/de\/wp-json\/wp\/v2\/premio?post=1437"}],"curies":[{"name":"wp","href":"https:\/\/api.w.org\/{rel}","templated":true}]}}