{"id":1459,"date":"2018-07-10T15:58:18","date_gmt":"2018-07-10T15:58:18","guid":{"rendered":"https:\/\/www.lacrimabaccus.com\/unser-team\/xavier-freixedas\/"},"modified":"2018-10-16T15:10:58","modified_gmt":"2018-10-16T15:10:58","slug":"xavier-freixedas","status":"publish","type":"page","link":"https:\/\/www.lacrimabaccus.com\/de\/unser-team\/xavier-freixedas\/","title":{"rendered":"Xavier Freixedas"},"content":{"rendered":"<p>Xavier Freixedas wurde am 25. M\u00e4rz 1973 in Vilafranca del Pened\u00e8s geboren. Mit einem betriebswirtschaftlichen Hintergrund, begann er seine berufliche Laufbahn im Bankensektor. 1998 begann er seine Karriere in der Weinindustrie. Er war immer Gesch\u00e4ftsf\u00fchrer und hat 20 Jahre Erfahrung in der Weinbranche.<\/p>\n<p>1998 trat er als CEO von Cavas Lavernoya bei. Dank seines Managements erwirtschaftete das Unternehmen Gewinne und erzielte einen Umsatz von \u20ac 250.000 mit einem Endumsatz von \u20ac 2.000.000.<\/p>\n<p>Im Jahr 2015 begann Xavier Freixedas, die Rolle des Direktors von Weinen und Cava f\u00fcr die Firma Bardinet zu spielen. Hauptziel war die Einf\u00fchrung und Erg\u00e4nzung des Bardinet-Portfolios mit Weinen und Cava.\u00a0Er ist jetzt Generaldirektor von Lacrima Baccus.<\/p>\n<p>&nbsp;<\/p>\n","protected":false},"excerpt":{"rendered":"<p>Xavier Freixedas wurde am 25. M\u00e4rz 1973 in Vilafranca del Pened\u00e8s geboren. Mit einem betriebswirtschaftlichen Hintergrund, begann er seine berufliche Laufbahn im Bankensektor. 1998 begann er seine Karriere in der Weinindustrie. Er war immer Gesch\u00e4ftsf\u00fchrer und hat 20 Jahre Erfahrung in der Weinbranche. 1998 trat er als CEO von Cavas Lavernoya bei. Dank seines Managements [&hellip;]<\/p>\n","protected":false},"author":1,"featured_media":1043,"parent":1042,"menu_order":1,"comment_status":"closed","ping_status":"closed","template":"","meta":{"_acf_changed":false,"footnotes":""},"premio":[],"class_list":["post-1459","page","type-page","status-publish","has-post-thumbnail","hentry"],"acf":[],"aioseo_notices":[],"_links":{"self":[{"href":"https:\/\/www.lacrimabaccus.com\/de\/wp-json\/wp\/v2\/pages\/1459","targetHints":{"allow":["GET"]}}],"collection":[{"href":"https:\/\/www.lacrimabaccus.com\/de\/wp-json\/wp\/v2\/pages"}],"about":[{"href":"https:\/\/www.lacrimabaccus.com\/de\/wp-json\/wp\/v2\/types\/page"}],"author":[{"embeddable":true,"href":"https:\/\/www.lacrimabaccus.com\/de\/wp-json\/wp\/v2\/users\/1"}],"replies":[{"embeddable":true,"href":"https:\/\/www.lacrimabaccus.com\/de\/wp-json\/wp\/v2\/comments?post=1459"}],"version-history":[{"count":3,"href":"https:\/\/www.lacrimabaccus.com\/de\/wp-json\/wp\/v2\/pages\/1459\/revisions"}],"predecessor-version":[{"id":2228,"href":"https:\/\/www.lacrimabaccus.com\/de\/wp-json\/wp\/v2\/pages\/1459\/revisions\/2228"}],"up":[{"embeddable":true,"href":"https:\/\/www.lacrimabaccus.com\/de\/wp-json\/wp\/v2\/pages\/1042"}],"wp:featuredmedia":[{"embeddable":true,"href":"https:\/\/www.lacrimabaccus.com\/de\/wp-json\/wp\/v2\/media\/1043"}],"wp:attachment":[{"href":"https:\/\/www.lacrimabaccus.com\/de\/wp-json\/wp\/v2\/media?parent=1459"}],"wp:term":[{"taxonomy":"premio","embeddable":true,"href":"https:\/\/www.lacrimabaccus.com\/de\/wp-json\/wp\/v2\/premio?post=1459"}],"curies":[{"name":"wp","href":"https:\/\/api.w.org\/{rel}","templated":true}]}}