{"id":1526,"date":"2018-06-27T19:58:14","date_gmt":"2018-06-27T19:58:14","guid":{"rendered":"https:\/\/www.lacrimabaccus.com\/reconocimientos\/guiapenin\/"},"modified":"2018-09-19T14:00:24","modified_gmt":"2018-09-19T14:00:24","slug":"guiapenin","status":"publish","type":"page","link":"https:\/\/www.lacrimabaccus.com\/de\/reconocimientos\/guiapenin\/","title":{"rendered":"GuiaPe\u00f1in"},"content":{"rendered":"<p>Gu\u00eda Pe\u00f1\u00edn ist das ber\u00fchmteste spanische Weinhandbuch der Welt. Seine Fachleute kosten mehr als 11.500 Weine pro Jahr, was den \u201eGuia Pe\u00f1\u00edn\u201c zum meistbesuchten Handbuch f\u00fcr Amateure und Weinprofis gemacht hat.<\/p>\n","protected":false},"excerpt":{"rendered":"<p>Gu\u00eda Pe\u00f1\u00edn ist das ber\u00fchmteste spanische Weinhandbuch der Welt. Seine Fachleute kosten mehr als 11.500 Weine pro Jahr, was den \u201eGuia Pe\u00f1\u00edn\u201c zum meistbesuchten Handbuch f\u00fcr Amateure und Weinprofis gemacht hat.<\/p>\n","protected":false},"author":1,"featured_media":1527,"parent":1512,"menu_order":4,"comment_status":"closed","ping_status":"closed","template":"","meta":{"_acf_changed":false,"footnotes":""},"premio":[],"class_list":["post-1526","page","type-page","status-publish","has-post-thumbnail","hentry"],"acf":[],"aioseo_notices":[],"_links":{"self":[{"href":"https:\/\/www.lacrimabaccus.com\/de\/wp-json\/wp\/v2\/pages\/1526","targetHints":{"allow":["GET"]}}],"collection":[{"href":"https:\/\/www.lacrimabaccus.com\/de\/wp-json\/wp\/v2\/pages"}],"about":[{"href":"https:\/\/www.lacrimabaccus.com\/de\/wp-json\/wp\/v2\/types\/page"}],"author":[{"embeddable":true,"href":"https:\/\/www.lacrimabaccus.com\/de\/wp-json\/wp\/v2\/users\/1"}],"replies":[{"embeddable":true,"href":"https:\/\/www.lacrimabaccus.com\/de\/wp-json\/wp\/v2\/comments?post=1526"}],"version-history":[{"count":1,"href":"https:\/\/www.lacrimabaccus.com\/de\/wp-json\/wp\/v2\/pages\/1526\/revisions"}],"predecessor-version":[{"id":1573,"href":"https:\/\/www.lacrimabaccus.com\/de\/wp-json\/wp\/v2\/pages\/1526\/revisions\/1573"}],"up":[{"embeddable":true,"href":"https:\/\/www.lacrimabaccus.com\/de\/wp-json\/wp\/v2\/pages\/1512"}],"wp:featuredmedia":[{"embeddable":true,"href":"https:\/\/www.lacrimabaccus.com\/de\/wp-json\/wp\/v2\/media\/1527"}],"wp:attachment":[{"href":"https:\/\/www.lacrimabaccus.com\/de\/wp-json\/wp\/v2\/media?parent=1526"}],"wp:term":[{"taxonomy":"premio","embeddable":true,"href":"https:\/\/www.lacrimabaccus.com\/de\/wp-json\/wp\/v2\/premio?post=1526"}],"curies":[{"name":"wp","href":"https:\/\/api.w.org\/{rel}","templated":true}]}}