{"id":1558,"date":"2018-06-21T16:00:48","date_gmt":"2018-06-21T16:00:48","guid":{"rendered":"https:\/\/www.lacrimabaccus.com\/vinos\/rose-clear\/"},"modified":"2018-10-16T16:50:04","modified_gmt":"2018-10-16T16:50:04","slug":"rose-clear","status":"publish","type":"page","link":"https:\/\/www.lacrimabaccus.com\/de\/vinos\/rose-clear\/","title":{"rendered":"Rose &#038; Clear"},"content":{"rendered":"<p>Unser Rose &amp; Clear Wein hat eine helle Lachsfarbe, exklusiv und sehr auffallend. Es geht um eine Farbe, die uns an die D\u00e4mmerung eines warmen Sommer-Sonnenuntergangs an einem trostlosen Strand erinnert.<\/p>\n<p>Es gibt einen Moment, in dem in diesem Zwielicht die Freude unkontrollierbar explodiert, wie ein Strom von reinem Gl\u00fcck, wie ein Messer, das pl\u00f6tzlich ohne L\u00e4rm klebt und strahlt.<\/p>\n<p>Diese D\u00e4mmerung schl\u00e4gt vor, die g\u00fctige Erwartung eines neuen morgen, ist der Auftakt zu Leidenschaften, Tr\u00e4ume, Illusionen, dass jeder von uns Hoffnungen wahr werden.<\/p>\n<p>Die D\u00e4mmerung des Sommers ist das Zwielicht des Zaubers, der blo\u00dfen Utopie oder der festen Wirklichkeit, nur k\u00f6nnen wir das entscheiden.<\/p>\n<p>&nbsp;<\/p>\n","protected":false},"excerpt":{"rendered":"<p>Unser Rose &amp; Clear Wein hat eine helle Lachsfarbe, exklusiv und sehr auffallend. Es geht um eine Farbe, die uns an die D\u00e4mmerung eines warmen Sommer-Sonnenuntergangs an einem trostlosen Strand erinnert. Es gibt einen Moment, in dem in diesem Zwielicht die Freude unkontrollierbar explodiert, wie ein Strom von reinem Gl\u00fcck, wie ein Messer, das pl\u00f6tzlich [&hellip;]<\/p>\n","protected":false},"author":1,"featured_media":1289,"parent":1554,"menu_order":2,"comment_status":"closed","ping_status":"closed","template":"","meta":{"_acf_changed":false,"footnotes":""},"premio":[],"class_list":["post-1558","page","type-page","status-publish","has-post-thumbnail","hentry"],"acf":[],"aioseo_notices":[],"_links":{"self":[{"href":"https:\/\/www.lacrimabaccus.com\/de\/wp-json\/wp\/v2\/pages\/1558","targetHints":{"allow":["GET"]}}],"collection":[{"href":"https:\/\/www.lacrimabaccus.com\/de\/wp-json\/wp\/v2\/pages"}],"about":[{"href":"https:\/\/www.lacrimabaccus.com\/de\/wp-json\/wp\/v2\/types\/page"}],"author":[{"embeddable":true,"href":"https:\/\/www.lacrimabaccus.com\/de\/wp-json\/wp\/v2\/users\/1"}],"replies":[{"embeddable":true,"href":"https:\/\/www.lacrimabaccus.com\/de\/wp-json\/wp\/v2\/comments?post=1558"}],"version-history":[{"count":1,"href":"https:\/\/www.lacrimabaccus.com\/de\/wp-json\/wp\/v2\/pages\/1558\/revisions"}],"predecessor-version":[{"id":1559,"href":"https:\/\/www.lacrimabaccus.com\/de\/wp-json\/wp\/v2\/pages\/1558\/revisions\/1559"}],"up":[{"embeddable":true,"href":"https:\/\/www.lacrimabaccus.com\/de\/wp-json\/wp\/v2\/pages\/1554"}],"wp:featuredmedia":[{"embeddable":true,"href":"https:\/\/www.lacrimabaccus.com\/de\/wp-json\/wp\/v2\/media\/1289"}],"wp:attachment":[{"href":"https:\/\/www.lacrimabaccus.com\/de\/wp-json\/wp\/v2\/media?parent=1558"}],"wp:term":[{"taxonomy":"premio","embeddable":true,"href":"https:\/\/www.lacrimabaccus.com\/de\/wp-json\/wp\/v2\/premio?post=1558"}],"curies":[{"name":"wp","href":"https:\/\/api.w.org\/{rel}","templated":true}]}}