{"id":1560,"date":"2018-06-21T15:56:59","date_gmt":"2018-06-21T15:56:59","guid":{"rendered":"https:\/\/www.lacrimabaccus.com\/vinos\/ame-noir\/"},"modified":"2018-10-16T16:51:34","modified_gmt":"2018-10-16T16:51:34","slug":"ame-noir","status":"publish","type":"page","link":"https:\/\/www.lacrimabaccus.com\/de\/vinos\/ame-noir\/","title":{"rendered":"\u00c2me &#038; Noir"},"content":{"rendered":"<p>Schwarz ist die Farbe von Sonnenaufg\u00e4ngen, von Prinzipien, von Verschl\u00fcssen in ihrer Keimphase, die der leuchtenden und hoffnungsvollen Explosion der Geburt vorausgehen und die sich aus psychologischer Sicht in allegorischer Form als die Entstehung des Bewusstseins der Dunkelheit des Unbewussten ausdr\u00fcckt aus.<\/p>\n<p>Die Seele befindet sich mindestens einmal im Leben in der Situation, sich im Abgrund der Verzweiflung zu verlieren. In diesem Moment der v\u00f6lligen Dunkelheit, der Losl\u00f6sung von der harten Realit\u00e4t, wird paradoxerweise Licht wieder auftauchen, wie es in der Natur geschieht. Wir kommen zu dieser dunklen Nacht der Seele.<\/p>\n<p>Da wir uns selbst verraten und unsere Natur ver\u00e4ndern wollen, entfernen wir uns von unserer wahren Essenz\u00a0 und die wahre Bedeutung der Existenz. Das Ziel dieses Prozesses der Verbesserung und des \u00dcbergangs ist, die Befreiung des Geistes und die Kommunikation zwischen unserer Pers\u00f6nlichkeit und unserer Seele zu erm\u00f6glichen. \u00c2ME &amp; NOIR ist ein Wein, der uns zur Meditation, zu Spekulationen einl\u00e4dt. Mit seiner Eleganz und Zartheit erreicht er die intimsten Orte unserer Seele und wirkt als Impuls f\u00fcr eine kontinuierliche Verbesserung.<br \/>\n.<\/p>\n","protected":false},"excerpt":{"rendered":"<p>Schwarz ist die Farbe von Sonnenaufg\u00e4ngen, von Prinzipien, von Verschl\u00fcssen in ihrer Keimphase, die der leuchtenden und hoffnungsvollen Explosion der Geburt vorausgehen und die sich aus psychologischer Sicht in allegorischer Form als die Entstehung des Bewusstseins der Dunkelheit des Unbewussten ausdr\u00fcckt aus. Die Seele befindet sich mindestens einmal im Leben in der Situation, sich im [&hellip;]<\/p>\n","protected":false},"author":1,"featured_media":1296,"parent":1554,"menu_order":3,"comment_status":"closed","ping_status":"closed","template":"","meta":{"_acf_changed":false,"footnotes":""},"premio":[],"class_list":["post-1560","page","type-page","status-publish","has-post-thumbnail","hentry"],"acf":[],"aioseo_notices":[],"_links":{"self":[{"href":"https:\/\/www.lacrimabaccus.com\/de\/wp-json\/wp\/v2\/pages\/1560","targetHints":{"allow":["GET"]}}],"collection":[{"href":"https:\/\/www.lacrimabaccus.com\/de\/wp-json\/wp\/v2\/pages"}],"about":[{"href":"https:\/\/www.lacrimabaccus.com\/de\/wp-json\/wp\/v2\/types\/page"}],"author":[{"embeddable":true,"href":"https:\/\/www.lacrimabaccus.com\/de\/wp-json\/wp\/v2\/users\/1"}],"replies":[{"embeddable":true,"href":"https:\/\/www.lacrimabaccus.com\/de\/wp-json\/wp\/v2\/comments?post=1560"}],"version-history":[{"count":1,"href":"https:\/\/www.lacrimabaccus.com\/de\/wp-json\/wp\/v2\/pages\/1560\/revisions"}],"predecessor-version":[{"id":1561,"href":"https:\/\/www.lacrimabaccus.com\/de\/wp-json\/wp\/v2\/pages\/1560\/revisions\/1561"}],"up":[{"embeddable":true,"href":"https:\/\/www.lacrimabaccus.com\/de\/wp-json\/wp\/v2\/pages\/1554"}],"wp:featuredmedia":[{"embeddable":true,"href":"https:\/\/www.lacrimabaccus.com\/de\/wp-json\/wp\/v2\/media\/1296"}],"wp:attachment":[{"href":"https:\/\/www.lacrimabaccus.com\/de\/wp-json\/wp\/v2\/media?parent=1560"}],"wp:term":[{"taxonomy":"premio","embeddable":true,"href":"https:\/\/www.lacrimabaccus.com\/de\/wp-json\/wp\/v2\/premio?post=1560"}],"curies":[{"name":"wp","href":"https:\/\/api.w.org\/{rel}","templated":true}]}}