{"id":2423,"date":"2018-11-26T12:13:51","date_gmt":"2018-11-26T12:13:51","guid":{"rendered":"https:\/\/www.lacrimabaccus.com\/vinos\/icarus\/"},"modified":"2018-11-26T15:48:28","modified_gmt":"2018-11-26T15:48:28","slug":"icarus","status":"publish","type":"page","link":"https:\/\/www.lacrimabaccus.com\/de\/vinos\/icarus\/","title":{"rendered":"Icarus"},"content":{"rendered":"<p>Ikarus ist eine der Figuren in der klassischen Mythologie, bekannt f\u00fcr die ber\u00fchmte Episode des Flugs, die aufgrund seiner Arroganz, die die Griechen \u201eHybris\u201c nannten, in Ruinen endete. Er ist das Wahrzeichen des Mannes, der es wagt, die G\u00f6tter herauszufordern, ein bisschen wie Ulysses. Er geht \u00fcber die Grenzen des menschlichen Verstehens hinaus und tendiert zu etwas, das ihn von seinem irdischen Zustand abhebt, zu einer h\u00f6heren und unerreichbaren Dimension. Diese legend\u00e4re Figur ist etwas umstritten und unterliegt widerspr\u00fcchlichen Interpretationen. F\u00fcr uns ist er der mutige Held, der sich mit diesem r\u00fccksichtslosen Flug aus dem Alltag und aus \u201e Langeweile\u201c heraushebt. Die Sehnsucht nach einem Ideal der Vollkommenheit, die nicht \u00fcberwunden werden kann, das Fehlen von Ma\u00df, die \u00dcbertreibung, das extreme Verlangen, \u00fcber die Grenzen hinauszugehen, in denen das Wesen als perfekt und unvollkommen bleiben soll. Adrenalin ist Teil des Menschen, sonst w\u00fcrde es keine extreme Unterst\u00fctzung geben. Unsere Identifikation mit diesem Charakter ist vollst\u00e4ndig, wir nehmen seine gleiche Haltung an und nehmen unseren utopischen und orphischen Wunsch an. Wir nehmen die Herausforderung an, einen Wein mit der autochthonen Sorte Xarel\u00b7lo herzustellen, ohne sich an die Produkte anzupassen, die wir gewohnt sind, und entscheiden uns immer f\u00fcr den Innovation und in Reichweite des Unm\u00f6glichen.<\/p>\n","protected":false},"excerpt":{"rendered":"<p>Ikarus ist eine der Figuren in der klassischen Mythologie, bekannt f\u00fcr die ber\u00fchmte Episode des Flugs, die aufgrund seiner Arroganz, die die Griechen \u201eHybris\u201c nannten, in Ruinen endete. Er ist das Wahrzeichen des Mannes, der es wagt, die G\u00f6tter herauszufordern, ein bisschen wie Ulysses. Er geht \u00fcber die Grenzen des menschlichen Verstehens hinaus und tendiert [&hellip;]<\/p>\n","protected":false},"author":1,"featured_media":2408,"parent":1554,"menu_order":0,"comment_status":"closed","ping_status":"closed","template":"","meta":{"_acf_changed":false,"footnotes":""},"premio":[],"class_list":["post-2423","page","type-page","status-publish","has-post-thumbnail","hentry"],"acf":[],"aioseo_notices":[],"_links":{"self":[{"href":"https:\/\/www.lacrimabaccus.com\/de\/wp-json\/wp\/v2\/pages\/2423","targetHints":{"allow":["GET"]}}],"collection":[{"href":"https:\/\/www.lacrimabaccus.com\/de\/wp-json\/wp\/v2\/pages"}],"about":[{"href":"https:\/\/www.lacrimabaccus.com\/de\/wp-json\/wp\/v2\/types\/page"}],"author":[{"embeddable":true,"href":"https:\/\/www.lacrimabaccus.com\/de\/wp-json\/wp\/v2\/users\/1"}],"replies":[{"embeddable":true,"href":"https:\/\/www.lacrimabaccus.com\/de\/wp-json\/wp\/v2\/comments?post=2423"}],"version-history":[{"count":1,"href":"https:\/\/www.lacrimabaccus.com\/de\/wp-json\/wp\/v2\/pages\/2423\/revisions"}],"predecessor-version":[{"id":2424,"href":"https:\/\/www.lacrimabaccus.com\/de\/wp-json\/wp\/v2\/pages\/2423\/revisions\/2424"}],"up":[{"embeddable":true,"href":"https:\/\/www.lacrimabaccus.com\/de\/wp-json\/wp\/v2\/pages\/1554"}],"wp:featuredmedia":[{"embeddable":true,"href":"https:\/\/www.lacrimabaccus.com\/de\/wp-json\/wp\/v2\/media\/2408"}],"wp:attachment":[{"href":"https:\/\/www.lacrimabaccus.com\/de\/wp-json\/wp\/v2\/media?parent=2423"}],"wp:term":[{"taxonomy":"premio","embeddable":true,"href":"https:\/\/www.lacrimabaccus.com\/de\/wp-json\/wp\/v2\/premio?post=2423"}],"curies":[{"name":"wp","href":"https:\/\/api.w.org\/{rel}","templated":true}]}}