{"id":3748,"date":"2023-11-28T08:49:14","date_gmt":"2023-11-28T08:49:14","guid":{"rendered":"https:\/\/www.lacrimabaccus.com\/?page_id=3748"},"modified":"2023-11-28T08:56:09","modified_gmt":"2023-11-28T08:56:09","slug":"rechtliche-warnung","status":"publish","type":"page","link":"https:\/\/www.lacrimabaccus.com\/de\/rechtliche-warnung\/","title":{"rendered":"RECHTLICHE WARNUNG"},"content":{"rendered":"<p class=\"p1\"><em>In \u00dcbereinstimmung mit dem Gesetz 34\/2002 vom 11. Juli \u00fcber Dienste der Informationsgesellschaft und elektronischen Handel (LSSI-CE) informiert Sie das Unternehmen dar\u00fcber, dass es Eigent\u00fcmer der Website ist. Melden Sie gem\u00e4\u00df den Anforderungen von Artikel 10 des oben genannten Gesetzes die folgenden Daten:<\/em><br \/>\n<em>Der Inhaber dieser Website ist:<\/em><\/p>\n<ul>\n<li><em>Firmenname:\u00a0BARDINET WINES, S.A.U.<\/em><\/li>\n<li><em>ID:\u00a0A08974479<\/em><\/li>\n<li><em>Stra\u00dfe:\u00a0FINCA MANLLEU S\/N<\/em><\/li>\n<li><em>Postal Code:\u00a008732<\/em><\/li>\n<li><em>Ort:\u00a0CASTELLVI DE LA MARCA<\/em><\/li>\n<li><em>Provinz:BARCELONA<\/em><\/li>\n<\/ul>\n<p class=\"p1\"><em><span class=\"s1\"><b>BENUTZER<\/b><\/span><\/em><br \/>\n<em>Durch den Zugriff und\/oder die Nutzung dieses Portals gelten Sie als BENUTZER, der mit dem Zugriff und\/oder der Nutzung die hier aufgef\u00fchrten Allgemeinen Nutzungsbedingungen akzeptiert. Die vorstehenden Bedingungen gelten unabh\u00e4ngig von den gegebenenfalls zwingenden Allgemeinen Vertragsbedingungen.<\/em><\/p>\n<p><em><span class=\"s1\"><b>NUTZUNG DES PORTALS<\/b><\/span><\/em><br \/>\n<em>Die Website bietet Zugang zu einer Vielzahl von Informationen, Diensten, Programmen oder Daten (im Folgenden \u201edie Inhalte\u201c) im Internet von BARDINET WINES, S.A.U. oder seiner Lizenzgeber, auf die der NUTZER m\u00f6glicherweise Zugriff hat. Der NUTZER \u00fcbernimmt die Verantwortung f\u00fcr die Nutzung des Portals. Diese Verantwortung erstreckt sich auch auf die Registrierung, die f\u00fcr den Zugriff auf bestimmte Dienste oder Inhalte erforderlich ist.<\/em><br \/>\n<em>Bei dieser Registrierung ist der NUTZER daf\u00fcr verantwortlich, wahrheitsgem\u00e4\u00dfe und rechtm\u00e4\u00dfige Angaben zu machen. Als Folge dieser Registrierung erh\u00e4lt der NUTZER m\u00f6glicherweise ein Passwort, f\u00fcr das er verantwortlich ist und verpflichtet sich, dieses sorgf\u00e4ltig und vertraulich zu verwenden. Der NUTZER verpflichtet sich, die von BARDINET WINES, S.A.U. angebotenen Inhalte und Dienste angemessen zu nutzen. bietet \u00fcber sein Portal an und dient als Beispiel, aber nicht als Einschr\u00e4nkung, nicht f\u00fcr folgende Zwecke zu verwenden:<\/em><\/p>\n<ol class=\"ol1\">\n<li class=\"li4\"><em><span class=\"s2\">unerlaubte, rechtswidrige oder gegen Treu und Glauben und die \u00f6ffentliche Ordnung versto\u00dfende T\u00e4tigkeiten aus\u00fcben<\/span><\/em><\/li>\n<li class=\"li4\"><em><span class=\"s2\">Inhalte oder Propaganda rassistischer, fremdenfeindlicher, pornographisch-illegaler Art, zur Unterst\u00fctzung des Terrorismus oder eines Anschlags verbreiten gegen die Menschenrechte<\/span><\/em><\/li>\n<li class=\"li4\"><em><span class=\"s2\">Schaden an den physischen und logischen Systemen von BARDINET WINES, S.A.U., seinen Lieferanten oder Dritten verursachen, Computerviren im Netzwerk oder anderen physischen oder logischen Systemen einf\u00fchren oder verbreiten, die dazu geeignet sind, die Menschenrechte zu verletzen vorgenannten Schaden;<\/span><\/em><\/li>\n<li class=\"li4\"><em><span class=\"s2\">versuchen, auf die E-Mail-Konten anderer Benutzer zuzugreifen und diese gegebenenfalls zu nutzen und deren Nachrichten zu manipulieren. BARDINET WINES, S.A.U. beh\u00e4lt sich das Recht vor, alle Kommentare und Beitr\u00e4ge zur\u00fcckzuziehen, die die Achtung der W\u00fcrde der Person verletzen, die diskriminierend, fremdenfeindlich, rassistisch, pornographisch sind, die Jugend oder Kindheit, die Ordnung oder die \u00f6ffentliche Sicherheit angreifen oder die sie ihrer Meinung nach nicht sein w\u00fcrden zur Ver\u00f6ffentlichung geeignet. Auf jeden Fall ist BARDINET WINES, S.A.U. \u00fcbernimmt keine Verantwortung f\u00fcr die Meinungen, die Benutzer in Foren, Chats oder anderen Beteiligungstools \u00e4u\u00dfern.<\/span><\/em><\/li>\n<\/ol>\n<p class=\"p5\"><em><span class=\"s3\"><b>GEISTIGES UND INDUSTRIELLES EIGENTUM<\/b><\/span><\/em><br \/>\n<em><span class=\"s2\">BARDINET WINES, S.A.U. ist Eigent\u00fcmer aller geistigen und gewerblichen Eigentumsrechte seiner Website sowie der darin enthaltenen Elemente (z. B. Bilder, Ton, Audio, Video, Software oder Texte; Marken oder Logos, Farbkombinationen, Struktur und Design). , Auswahl der verwendeten Materialien, f\u00fcr den Betrieb erforderliche Computerprogramme, Zugang und Nutzung usw.).<\/span><\/em><br \/>\n<em><span class=\"s2\">Alle Rechte vorbehalten. Gem\u00e4\u00df den Bestimmungen der Artikel 8 und 32.1 zweiter Absatz des Gesetzes \u00fcber geistiges Eigentum ist die Vervielf\u00e4ltigung, Verbreitung und \u00f6ffentliche Kommunikation, einschlie\u00dflich der Art ihrer Zug\u00e4nglichmachung, aller oder eines Teils der Inhalte dieser Website f\u00fcr kommerzielle Zwecke gestattet , auf jedem Medium und mit allen technischen Mitteln, ohne die Genehmigung von BARDINET WINES, S.A.U.. Der NUTZER verpflichtet sich, die geistigen und gewerblichen Eigentumsrechte von BARDINET WINES, S.A.U. zu respektieren. Sie k\u00f6nnen die Elemente des Portals und sogar anzeigen Drucken, kopieren und speichern Sie sie auf der Festplatte Ihres Computers oder einem anderen physischen Medium, sofern dies ausschlie\u00dflich f\u00fcr Ihren pers\u00f6nlichen und privaten Gebrauch bestimmt ist. Der NUTZER darf keine Schutzvorrichtungen oder Sicherheitssysteme l\u00f6schen, ver\u00e4ndern, umgehen oder manipulieren, die auf den Seiten von BARDINET WINES, S.A.U. installiert wurden.<\/span><\/em><\/p>\n<p><em><span class=\"s3\"><b>GEW\u00c4HRLEISTUNGS- UND HAFTUNGSAUSSCHLUSS<\/b><\/span><\/em><br \/>\n<em><span class=\"s2\">BARDINET WINES, S.A.U. ist in keinem Fall f\u00fcr Sch\u00e4den jeglicher Art verantwortlich, die beispielsweise durch Fehler oder Auslassungen im Inhalt, mangelnde Verf\u00fcgbarkeit des Portals oder die \u00dcbertragung von Viren oder b\u00f6sartigen oder sch\u00e4dlichen Programmen im Inhalt entstehen k\u00f6nnen. , obwohl alle notwendigen technischen Ma\u00dfnahmen ergriffen wurden, um dies zu verhindern.<\/span><\/em><\/p>\n<p><em><span class=\"s3\"><b>\u00c4NDERUNGEN<\/b><\/span><\/em><br \/>\n<em><span class=\"s2\">BARDINET WINES, S.A.U. beh\u00e4lt sich das Recht vor, ohne vorherige Ank\u00fcndigung \u00c4nderungen an seinem Portal vorzunehmen, die es f\u00fcr angemessen h\u00e4lt, und kann sowohl die \u00fcber das Portal bereitgestellten Inhalte und Dienste als auch die Art und Weise, wie sie auf seiner Website dargestellt oder platziert werden, \u00e4ndern, l\u00f6schen oder hinzuf\u00fcgen.<\/span><\/em><\/p>\n<p><em><span class=\"s3\"><b>LINKS<\/b><\/span><\/em><br \/>\n<em><span class=\"s2\">F\u00fcr den Fall, dass die Website Links oder Hyperlinks zu anderen Internetseiten enth\u00e4lt, \u00fcbernimmt BARDINET WINES, S.A.U. wird keinerlei Kontrolle \u00fcber diese Websites und Inhalte aus\u00fcben. In keinem Fall wird BARDINET WINES, S.A.U. \u00fcbernimmt keine Verantwortung f\u00fcr den Inhalt eines Links, der zu einer Website Dritter geh\u00f6rt, und garantiert auch nicht die technische Verf\u00fcgbarkeit, Qualit\u00e4t, Zuverl\u00e4ssigkeit, Genauigkeit, Breite, Wahrhaftigkeit, G\u00fcltigkeit und Verfassungsm\u00e4\u00dfigkeit der in einem der genannten Hyperlinks enthaltenen Materialien oder Informationen oder andere Websites. Internet.<\/span><\/em><br \/>\n<em><span class=\"s2\">Ebenso bedeutet die Einbeziehung dieser externen Verbindungen keinerlei Verbindung, Fusion oder Beteiligung mit den verbundenen Unternehmen.<\/span><\/em><\/p>\n<p><em><span class=\"s3\"><b>AUSSCHLUSSRECHT<\/b><\/span><\/em><br \/>\n<em><span class=\"s2\">BARDINET WINES, S.A.U. beh\u00e4lt sich das Recht vor, Nutzern, die diese Allgemeinen Nutzungsbedingungen nicht einhalten, den Zugang zum Portal und\/oder den angebotenen Diensten ohne vorherige Ank\u00fcndigung auf eigenen Wunsch oder den eines Dritten zu verweigern oder zu entziehen.<\/span><\/em><\/p>\n<p><em><span class=\"s3\"><b>ALLGEMEINES<\/b><\/span><\/em><br \/>\n<em><span class=\"s2\">BARDINET WINES, S.A.U. wird die Nichteinhaltung dieser Bedingungen sowie jede missbr\u00e4uchliche Nutzung seines Portals verfolgen und alle zivil- und strafrechtlichen Schritte einleiten, die ihm gesetzlich zustehen.<\/span><\/em><\/p>\n<p><em><span class=\"s3\"><b>\u00c4NDERUNG DIESER BEDINGUNGEN UND DAUER<\/b><\/span><\/em><br \/>\n<em><span class=\"s2\">BARDINET WINES, S.A.U. kann die hier festgelegten Bedingungen jederzeit \u00e4ndern und wird ordnungsgem\u00e4\u00df in der hier erscheinenden Form ver\u00f6ffentlicht.<\/span><\/em><br \/>\n<em><span class=\"s2\">Die G\u00fcltigkeit der oben genannten Bedingungen h\u00e4ngt von ihrer Offenlegung ab und bleibt in Kraft, bis sie von anderen ordnungsgem\u00e4\u00df ver\u00f6ffentlichten ge\u00e4ndert werden.<\/span><\/em><\/p>\n<p><em><span class=\"s3\"><b>ANWENDBARES RECHT UND GERICHTSSTAND<\/b><\/span><\/em><br \/>\n<em><span class=\"s2\">Die Beziehung zwischen BARDINET WINES, S.A.U. und der BENUTZER unterliegen den geltenden spanischen Vorschriften und alle Streitigkeiten werden den Gerichten und Tribunalen der oben genannten Stadt vorgelegt.<\/span><\/em><\/p>\n","protected":false},"excerpt":{"rendered":"<p>In \u00dcbereinstimmung mit dem Gesetz 34\/2002 vom 11. Juli \u00fcber Dienste der Informationsgesellschaft und elektronischen Handel (LSSI-CE) informiert Sie das Unternehmen dar\u00fcber, dass es Eigent\u00fcmer der Website ist. Melden Sie gem\u00e4\u00df den Anforderungen von Artikel 10 des oben genannten Gesetzes die folgenden Daten: Der Inhaber dieser Website ist: Firmenname:\u00a0BARDINET WINES, S.A.U. ID:\u00a0A08974479 Stra\u00dfe:\u00a0FINCA MANLLEU S\/N [&hellip;]<\/p>\n","protected":false},"author":2,"featured_media":0,"parent":0,"menu_order":0,"comment_status":"closed","ping_status":"closed","template":"page-templates\/full-width.php","meta":{"_acf_changed":false,"footnotes":""},"premio":[],"class_list":["post-3748","page","type-page","status-publish","hentry"],"acf":[],"aioseo_notices":[],"_links":{"self":[{"href":"https:\/\/www.lacrimabaccus.com\/de\/wp-json\/wp\/v2\/pages\/3748","targetHints":{"allow":["GET"]}}],"collection":[{"href":"https:\/\/www.lacrimabaccus.com\/de\/wp-json\/wp\/v2\/pages"}],"about":[{"href":"https:\/\/www.lacrimabaccus.com\/de\/wp-json\/wp\/v2\/types\/page"}],"author":[{"embeddable":true,"href":"https:\/\/www.lacrimabaccus.com\/de\/wp-json\/wp\/v2\/users\/2"}],"replies":[{"embeddable":true,"href":"https:\/\/www.lacrimabaccus.com\/de\/wp-json\/wp\/v2\/comments?post=3748"}],"version-history":[{"count":2,"href":"https:\/\/www.lacrimabaccus.com\/de\/wp-json\/wp\/v2\/pages\/3748\/revisions"}],"predecessor-version":[{"id":3783,"href":"https:\/\/www.lacrimabaccus.com\/de\/wp-json\/wp\/v2\/pages\/3748\/revisions\/3783"}],"wp:attachment":[{"href":"https:\/\/www.lacrimabaccus.com\/de\/wp-json\/wp\/v2\/media?parent=3748"}],"wp:term":[{"taxonomy":"premio","embeddable":true,"href":"https:\/\/www.lacrimabaccus.com\/de\/wp-json\/wp\/v2\/premio?post=3748"}],"curies":[{"name":"wp","href":"https:\/\/api.w.org\/{rel}","templated":true}]}}