{"id":3868,"date":"2024-12-09T15:33:30","date_gmt":"2024-12-09T15:33:30","guid":{"rendered":"https:\/\/www.lacrimabaccus.com\/politica-de-calidad-y-seguridad-alimentaria\/"},"modified":"2024-12-09T16:25:31","modified_gmt":"2024-12-09T16:25:31","slug":"politica-de-calidad-y-seguridad-alimentaria","status":"publish","type":"page","link":"https:\/\/www.lacrimabaccus.com\/de\/politica-de-calidad-y-seguridad-alimentaria\/","title":{"rendered":"Qualit\u00e4ts- und Lebensmittelsicherheitspolitik"},"content":{"rendered":"<p>Die Qualit\u00e4ts- und Lebensmittelsicherheitspolitik von BARDINET WINES, S.A.U., einer Organisation, die sich der Herstellung von Qualit\u00e4tswein und Cava unter dem Schutz der DO Pened\u00e8s, DOCa Rioja, Catalunya und Cava widmet, basiert auf den folgenden Grunds\u00e4tzen:<\/p>\n<ul>\n<li>Garantieren Sie jederzeit die Einhaltung der Spezifikationen unserer Produkte, der Anforderungen unserer Kunden und Interessenten sowie der geltenden Rechtsvorschriften, insbesondere der Lebensmittelsicherheit.<\/li>\n<li>Tragen Sie dazu bei, sichere und hochwertige Lebensmittel auf den Markt zu bringen.<\/li>\n<li>Bieten Sie authentische, qualitativ hochwertige und sichere Produkte f\u00fcr die Gesundheit des Verbrauchers an.<\/li>\n<li>Kontrollieren Sie alle Prozesse, um die Sicherheit zu gew\u00e4hrleisten und die mit unseren Produkten verbundenen Risiken zu minimieren.<\/li>\n<li>Konzentrieren Sie unsere Aktivit\u00e4ten auf das Wissen, die Zufriedenheit und die Loyalit\u00e4t unserer Kunden und vermitteln Sie Vertrauen sowohl bei Kunden als auch bei Verbrauchern.<\/li>\n<li>Wir verbessern unsere Produkte kontinuierlich, indem wir die Bed\u00fcrfnisse des Marktes erf\u00fcllen.<\/li>\n<li>Garantieren Sie Ihr Engagement f\u00fcr Betrugspr\u00e4vention und Lebensmittelschutz.<\/li>\n<li>Schonung nat\u00fcrlicher Ressourcen und Minimierung der Abfallerzeugung sowie effiziente Nutzung von Rohstoffen und Energieressourcen bei unseren Aktivit\u00e4ten.<\/li>\n<li>Stellen Sie bei allen von uns durchgef\u00fchrten Aktivit\u00e4ten ethisches Verhalten sicher und f\u00f6rdern Sie Vielfalt und Chancengleichheit.<\/li>\n<li>F\u00f6rdern Sie die Ausbildung, das Bewusstsein und die Motivation unseres Teams und arbeiten Sie kontinuierlich an der Lebensmittelsicherheitskultur des gesamten Teams.<\/li>\n<li>Etablierung und F\u00f6rderung der Nutzung des Qualit\u00e4ts- und Lebensmittelsicherheitsmanagementsystems basierend auf dem FSSC 22000-Standard als Grundprinzip von BARDINET WINES, S.A.U.<\/li>\n<\/ul>\n<p>DG-002 rev.02 06.10.2024<\/p>\n<p>Generaldirektion<\/p>\n","protected":false},"excerpt":{"rendered":"<p>Die Qualit\u00e4ts- und Lebensmittelsicherheitspolitik von BARDINET WINES, S.A.U., einer Organisation, die sich der Herstellung von Qualit\u00e4tswein und Cava unter dem Schutz der DO Pened\u00e8s, DOCa Rioja, Catalunya und Cava widmet, basiert auf den folgenden Grunds\u00e4tzen: Garantieren Sie jederzeit die Einhaltung der Spezifikationen unserer Produkte, der Anforderungen unserer Kunden und Interessenten sowie der geltenden Rechtsvorschriften, insbesondere [&hellip;]<\/p>\n","protected":false},"author":1,"featured_media":0,"parent":0,"menu_order":0,"comment_status":"closed","ping_status":"closed","template":"page-templates\/full-width.php","meta":{"_acf_changed":false,"footnotes":""},"premio":[],"class_list":["post-3868","page","type-page","status-publish","hentry"],"acf":[],"aioseo_notices":[],"_links":{"self":[{"href":"https:\/\/www.lacrimabaccus.com\/de\/wp-json\/wp\/v2\/pages\/3868","targetHints":{"allow":["GET"]}}],"collection":[{"href":"https:\/\/www.lacrimabaccus.com\/de\/wp-json\/wp\/v2\/pages"}],"about":[{"href":"https:\/\/www.lacrimabaccus.com\/de\/wp-json\/wp\/v2\/types\/page"}],"author":[{"embeddable":true,"href":"https:\/\/www.lacrimabaccus.com\/de\/wp-json\/wp\/v2\/users\/1"}],"replies":[{"embeddable":true,"href":"https:\/\/www.lacrimabaccus.com\/de\/wp-json\/wp\/v2\/comments?post=3868"}],"version-history":[{"count":2,"href":"https:\/\/www.lacrimabaccus.com\/de\/wp-json\/wp\/v2\/pages\/3868\/revisions"}],"predecessor-version":[{"id":3896,"href":"https:\/\/www.lacrimabaccus.com\/de\/wp-json\/wp\/v2\/pages\/3868\/revisions\/3896"}],"wp:attachment":[{"href":"https:\/\/www.lacrimabaccus.com\/de\/wp-json\/wp\/v2\/media?parent=3868"}],"wp:term":[{"taxonomy":"premio","embeddable":true,"href":"https:\/\/www.lacrimabaccus.com\/de\/wp-json\/wp\/v2\/premio?post=3868"}],"curies":[{"name":"wp","href":"https:\/\/api.w.org\/{rel}","templated":true}]}}