{"id":724,"date":"2018-07-09T10:38:42","date_gmt":"2018-07-09T10:38:42","guid":{"rendered":"https:\/\/www.lacrimabaccus.com\/wines\/mes-felic\/"},"modified":"2018-10-11T16:24:06","modified_gmt":"2018-10-11T16:24:06","slug":"mes-felic","status":"publish","type":"page","link":"https:\/\/www.lacrimabaccus.com\/en\/wines\/mes-felic\/","title":{"rendered":"M\u00e9s Feli\u00e7"},"content":{"rendered":"<p>M\u00e9s Feli\u00e7 is a solidary wine, the result of a collaborative work between Foundation SETBA and Bardinet &#8211; Lacrima Baccus.<\/p>\n<p>&#8220;The miracle of wine consists in making man what he should never stop being: friend of man&#8221;. (Ernst Engel). Both animals and humans are sociable beings, the difference is in behaviour. Some move by instinct and impulse, others too, but with the values \u200b\u200blearned from culture, education, norms and traditions.<\/p>\n<p>The human being knows that he is not enough for himself; he can not live alone, he can not develop physically and psychologically, he can not improve. He is a being that must live in society to be able to manifest in its inner essence expressing its true nature.<\/p>\n<p>This wine is a hymn to sociability, to the innate need to communicate, confront and get rid of imposing limitations. In this wine the Syrah wants to stand out from the other Mediterranean varieties, expressing its potential and firmness alone and with determination.<\/p>\n<p>&nbsp;<\/p>\n","protected":false},"excerpt":{"rendered":"<p>M\u00e9s Feli\u00e7 is a solidary wine, the result of a collaborative work between Foundation SETBA and Bardinet &#8211; Lacrima Baccus. &#8220;The miracle of wine consists in making man what he should never stop being: friend of man&#8221;. (Ernst Engel). Both animals and humans are sociable beings, the difference is in behaviour. Some move by instinct [&hellip;]<\/p>\n","protected":false},"author":1,"featured_media":267,"parent":398,"menu_order":6,"comment_status":"closed","ping_status":"closed","template":"","meta":{"_acf_changed":false,"footnotes":""},"premio":[],"class_list":["post-724","page","type-page","status-publish","has-post-thumbnail","hentry"],"acf":[],"aioseo_notices":[],"_links":{"self":[{"href":"https:\/\/www.lacrimabaccus.com\/en\/wp-json\/wp\/v2\/pages\/724","targetHints":{"allow":["GET"]}}],"collection":[{"href":"https:\/\/www.lacrimabaccus.com\/en\/wp-json\/wp\/v2\/pages"}],"about":[{"href":"https:\/\/www.lacrimabaccus.com\/en\/wp-json\/wp\/v2\/types\/page"}],"author":[{"embeddable":true,"href":"https:\/\/www.lacrimabaccus.com\/en\/wp-json\/wp\/v2\/users\/1"}],"replies":[{"embeddable":true,"href":"https:\/\/www.lacrimabaccus.com\/en\/wp-json\/wp\/v2\/comments?post=724"}],"version-history":[{"count":3,"href":"https:\/\/www.lacrimabaccus.com\/en\/wp-json\/wp\/v2\/pages\/724\/revisions"}],"predecessor-version":[{"id":756,"href":"https:\/\/www.lacrimabaccus.com\/en\/wp-json\/wp\/v2\/pages\/724\/revisions\/756"}],"up":[{"embeddable":true,"href":"https:\/\/www.lacrimabaccus.com\/en\/wp-json\/wp\/v2\/pages\/398"}],"wp:featuredmedia":[{"embeddable":true,"href":"https:\/\/www.lacrimabaccus.com\/en\/wp-json\/wp\/v2\/media\/267"}],"wp:attachment":[{"href":"https:\/\/www.lacrimabaccus.com\/en\/wp-json\/wp\/v2\/media?parent=724"}],"wp:term":[{"taxonomy":"premio","embeddable":true,"href":"https:\/\/www.lacrimabaccus.com\/en\/wp-json\/wp\/v2\/premio?post=724"}],"curies":[{"name":"wp","href":"https:\/\/api.w.org\/{rel}","templated":true}]}}