{"id":832,"date":"2018-06-27T19:58:14","date_gmt":"2018-06-27T19:58:14","guid":{"rendered":"https:\/\/www.lacrimabaccus.com\/awards-and-honours\/guiapenin\/"},"modified":"2018-08-30T15:47:51","modified_gmt":"2018-08-30T15:47:51","slug":"guiapenin","status":"publish","type":"page","link":"https:\/\/www.lacrimabaccus.com\/en\/awards-and-honours\/guiapenin\/","title":{"rendered":"GuiaPe\u00f1in"},"content":{"rendered":"<p class=\"western\"><span style=\"font-family: Arial, sans-serif;\">Gu\u00eda Pe\u00f1\u00edn is the most complete Spanish wine manual in the world. Its professionals taste more than 11,500 wines a year, what turned the Pe\u00f1\u00edn Guide of the Spanish Wines into the most visited manual by amateurs and wine professionals.<\/span><\/p>\n","protected":false},"excerpt":{"rendered":"<p>Gu\u00eda Pe\u00f1\u00edn is the most complete Spanish wine manual in the world. Its professionals taste more than 11,500 wines a year, what turned the Pe\u00f1\u00edn Guide of the Spanish Wines into the most visited manual by amateurs and wine professionals.<\/p>\n","protected":false},"author":1,"featured_media":145,"parent":407,"menu_order":4,"comment_status":"closed","ping_status":"closed","template":"","meta":{"_acf_changed":false,"footnotes":""},"premio":[],"class_list":["post-832","page","type-page","status-publish","has-post-thumbnail","hentry"],"acf":[],"aioseo_notices":[],"_links":{"self":[{"href":"https:\/\/www.lacrimabaccus.com\/en\/wp-json\/wp\/v2\/pages\/832","targetHints":{"allow":["GET"]}}],"collection":[{"href":"https:\/\/www.lacrimabaccus.com\/en\/wp-json\/wp\/v2\/pages"}],"about":[{"href":"https:\/\/www.lacrimabaccus.com\/en\/wp-json\/wp\/v2\/types\/page"}],"author":[{"embeddable":true,"href":"https:\/\/www.lacrimabaccus.com\/en\/wp-json\/wp\/v2\/users\/1"}],"replies":[{"embeddable":true,"href":"https:\/\/www.lacrimabaccus.com\/en\/wp-json\/wp\/v2\/comments?post=832"}],"version-history":[{"count":1,"href":"https:\/\/www.lacrimabaccus.com\/en\/wp-json\/wp\/v2\/pages\/832\/revisions"}],"predecessor-version":[{"id":833,"href":"https:\/\/www.lacrimabaccus.com\/en\/wp-json\/wp\/v2\/pages\/832\/revisions\/833"}],"up":[{"embeddable":true,"href":"https:\/\/www.lacrimabaccus.com\/en\/wp-json\/wp\/v2\/pages\/407"}],"wp:featuredmedia":[{"embeddable":true,"href":"https:\/\/www.lacrimabaccus.com\/en\/wp-json\/wp\/v2\/media\/145"}],"wp:attachment":[{"href":"https:\/\/www.lacrimabaccus.com\/en\/wp-json\/wp\/v2\/media?parent=832"}],"wp:term":[{"taxonomy":"premio","embeddable":true,"href":"https:\/\/www.lacrimabaccus.com\/en\/wp-json\/wp\/v2\/premio?post=832"}],"curies":[{"name":"wp","href":"https:\/\/api.w.org\/{rel}","templated":true}]}}