{"id":1071,"date":"2018-06-26T08:03:52","date_gmt":"2018-06-26T08:03:52","guid":{"rendered":"https:\/\/www.lacrimabaccus.com\/cavas\/reserva\/"},"modified":"2018-10-15T15:01:34","modified_gmt":"2018-10-15T15:01:34","slug":"reserva","status":"publish","type":"page","link":"https:\/\/www.lacrimabaccus.com\/fr\/cavas\/reserva\/","title":{"rendered":"Reserva"},"content":{"rendered":"<p>Quand on voit une bouteille de Lacrima Baccus, on ne peut pas s&#8217;emp\u00eacher de penser \u00e0 l&rsquo;ann\u00e9e o\u00f9 les raisins ont \u00e9t\u00e9 r\u00e9colt\u00e9s, aux personnes qui ont consacr\u00e9 leur temps \u00e0 \u00e9laborer nos produits, quand il y avait un soleil aveuglant ou quand la pluie forte \u00e9tait raison de d\u00e9motivation et d\u2019inqui\u00e9tude chez les viticulteurs.<\/p>\n","protected":false},"excerpt":{"rendered":"<p>Quand on voit une bouteille de Lacrima Baccus, on ne peut pas s&#8217;emp\u00eacher de penser \u00e0 l&rsquo;ann\u00e9e o\u00f9 les raisins ont \u00e9t\u00e9 r\u00e9colt\u00e9s, aux personnes qui ont consacr\u00e9 leur temps \u00e0 \u00e9laborer nos produits, quand il y avait un soleil aveuglant ou quand la pluie forte \u00e9tait raison de d\u00e9motivation et d\u2019inqui\u00e9tude chez les viticulteurs.<\/p>\n","protected":false},"author":1,"featured_media":1072,"parent":1048,"menu_order":4,"comment_status":"closed","ping_status":"closed","template":"","meta":{"_acf_changed":false,"footnotes":""},"premio":[],"class_list":["post-1071","page","type-page","status-publish","has-post-thumbnail","hentry"],"acf":[],"aioseo_notices":[],"_links":{"self":[{"href":"https:\/\/www.lacrimabaccus.com\/fr\/wp-json\/wp\/v2\/pages\/1071","targetHints":{"allow":["GET"]}}],"collection":[{"href":"https:\/\/www.lacrimabaccus.com\/fr\/wp-json\/wp\/v2\/pages"}],"about":[{"href":"https:\/\/www.lacrimabaccus.com\/fr\/wp-json\/wp\/v2\/types\/page"}],"author":[{"embeddable":true,"href":"https:\/\/www.lacrimabaccus.com\/fr\/wp-json\/wp\/v2\/users\/1"}],"replies":[{"embeddable":true,"href":"https:\/\/www.lacrimabaccus.com\/fr\/wp-json\/wp\/v2\/comments?post=1071"}],"version-history":[{"count":1,"href":"https:\/\/www.lacrimabaccus.com\/fr\/wp-json\/wp\/v2\/pages\/1071\/revisions"}],"predecessor-version":[{"id":1076,"href":"https:\/\/www.lacrimabaccus.com\/fr\/wp-json\/wp\/v2\/pages\/1071\/revisions\/1076"}],"up":[{"embeddable":true,"href":"https:\/\/www.lacrimabaccus.com\/fr\/wp-json\/wp\/v2\/pages\/1048"}],"wp:featuredmedia":[{"embeddable":true,"href":"https:\/\/www.lacrimabaccus.com\/fr\/wp-json\/wp\/v2\/media\/1072"}],"wp:attachment":[{"href":"https:\/\/www.lacrimabaccus.com\/fr\/wp-json\/wp\/v2\/media?parent=1071"}],"wp:term":[{"taxonomy":"premio","embeddable":true,"href":"https:\/\/www.lacrimabaccus.com\/fr\/wp-json\/wp\/v2\/premio?post=1071"}],"curies":[{"name":"wp","href":"https:\/\/api.w.org\/{rel}","templated":true}]}}