{"id":1128,"date":"2018-06-27T19:58:14","date_gmt":"2018-06-27T19:58:14","guid":{"rendered":"https:\/\/www.lacrimabaccus.com\/prix\/guiapenin\/"},"modified":"2018-09-18T08:31:00","modified_gmt":"2018-09-18T08:31:00","slug":"guiapenin","status":"publish","type":"page","link":"https:\/\/www.lacrimabaccus.com\/fr\/prix\/guiapenin\/","title":{"rendered":"GuiaPe\u00f1in"},"content":{"rendered":"<p>Gu\u00eda Pe\u00f1\u00edn est le plus c\u00e9l\u00e8bre manuel de vin espagnol au monde. Ses professionnels d\u00e9gustent plus de 11 500 vins par an, ce qui fait du Guide Pe\u00f1\u00edn le manuel, le plus visit\u00e9 par les amateurs et les professionnels du vin.<\/p>\n","protected":false},"excerpt":{"rendered":"<p>Gu\u00eda Pe\u00f1\u00edn est le plus c\u00e9l\u00e8bre manuel de vin espagnol au monde. Ses professionnels d\u00e9gustent plus de 11 500 vins par an, ce qui fait du Guide Pe\u00f1\u00edn le manuel, le plus visit\u00e9 par les amateurs et les professionnels du vin.<\/p>\n","protected":false},"author":1,"featured_media":1129,"parent":984,"menu_order":4,"comment_status":"closed","ping_status":"closed","template":"","meta":{"_acf_changed":false,"footnotes":""},"premio":[],"class_list":["post-1128","page","type-page","status-publish","has-post-thumbnail","hentry"],"acf":[],"aioseo_notices":[],"_links":{"self":[{"href":"https:\/\/www.lacrimabaccus.com\/fr\/wp-json\/wp\/v2\/pages\/1128","targetHints":{"allow":["GET"]}}],"collection":[{"href":"https:\/\/www.lacrimabaccus.com\/fr\/wp-json\/wp\/v2\/pages"}],"about":[{"href":"https:\/\/www.lacrimabaccus.com\/fr\/wp-json\/wp\/v2\/types\/page"}],"author":[{"embeddable":true,"href":"https:\/\/www.lacrimabaccus.com\/fr\/wp-json\/wp\/v2\/users\/1"}],"replies":[{"embeddable":true,"href":"https:\/\/www.lacrimabaccus.com\/fr\/wp-json\/wp\/v2\/comments?post=1128"}],"version-history":[{"count":1,"href":"https:\/\/www.lacrimabaccus.com\/fr\/wp-json\/wp\/v2\/pages\/1128\/revisions"}],"predecessor-version":[{"id":1130,"href":"https:\/\/www.lacrimabaccus.com\/fr\/wp-json\/wp\/v2\/pages\/1128\/revisions\/1130"}],"up":[{"embeddable":true,"href":"https:\/\/www.lacrimabaccus.com\/fr\/wp-json\/wp\/v2\/pages\/984"}],"wp:featuredmedia":[{"embeddable":true,"href":"https:\/\/www.lacrimabaccus.com\/fr\/wp-json\/wp\/v2\/media\/1129"}],"wp:attachment":[{"href":"https:\/\/www.lacrimabaccus.com\/fr\/wp-json\/wp\/v2\/media?parent=1128"}],"wp:term":[{"taxonomy":"premio","embeddable":true,"href":"https:\/\/www.lacrimabaccus.com\/fr\/wp-json\/wp\/v2\/premio?post=1128"}],"curies":[{"name":"wp","href":"https:\/\/api.w.org\/{rel}","templated":true}]}}