{"id":1131,"date":"2018-06-27T18:04:06","date_gmt":"2018-06-27T18:04:06","guid":{"rendered":"https:\/\/www.lacrimabaccus.com\/prix\/decanter\/"},"modified":"2018-10-01T16:27:47","modified_gmt":"2018-10-01T16:27:47","slug":"decanter","status":"publish","type":"page","link":"https:\/\/www.lacrimabaccus.com\/fr\/prix\/decanter\/","title":{"rendered":"Decanter"},"content":{"rendered":"<p>Le concours de vin, le plus important et le plus prestigieux au monde. Jug\u00e9 par les meilleurs experts en vin au monde, DWWA jouit d&rsquo;une grande confiance internationale gr\u00e2ce \u00e0 son processus d&rsquo;\u00e9valuation rigoureux.<\/p>\n","protected":false},"excerpt":{"rendered":"<p>Le concours de vin, le plus important et le plus prestigieux au monde. Jug\u00e9 par les meilleurs experts en vin au monde, DWWA jouit d&rsquo;une grande confiance internationale gr\u00e2ce \u00e0 son processus d&rsquo;\u00e9valuation rigoureux.<\/p>\n","protected":false},"author":1,"featured_media":1132,"parent":984,"menu_order":1,"comment_status":"closed","ping_status":"closed","template":"","meta":{"_acf_changed":false,"footnotes":""},"premio":[],"class_list":["post-1131","page","type-page","status-publish","has-post-thumbnail","hentry"],"acf":[],"aioseo_notices":[],"_links":{"self":[{"href":"https:\/\/www.lacrimabaccus.com\/fr\/wp-json\/wp\/v2\/pages\/1131","targetHints":{"allow":["GET"]}}],"collection":[{"href":"https:\/\/www.lacrimabaccus.com\/fr\/wp-json\/wp\/v2\/pages"}],"about":[{"href":"https:\/\/www.lacrimabaccus.com\/fr\/wp-json\/wp\/v2\/types\/page"}],"author":[{"embeddable":true,"href":"https:\/\/www.lacrimabaccus.com\/fr\/wp-json\/wp\/v2\/users\/1"}],"replies":[{"embeddable":true,"href":"https:\/\/www.lacrimabaccus.com\/fr\/wp-json\/wp\/v2\/comments?post=1131"}],"version-history":[{"count":2,"href":"https:\/\/www.lacrimabaccus.com\/fr\/wp-json\/wp\/v2\/pages\/1131\/revisions"}],"predecessor-version":[{"id":1704,"href":"https:\/\/www.lacrimabaccus.com\/fr\/wp-json\/wp\/v2\/pages\/1131\/revisions\/1704"}],"up":[{"embeddable":true,"href":"https:\/\/www.lacrimabaccus.com\/fr\/wp-json\/wp\/v2\/pages\/984"}],"wp:featuredmedia":[{"embeddable":true,"href":"https:\/\/www.lacrimabaccus.com\/fr\/wp-json\/wp\/v2\/media\/1132"}],"wp:attachment":[{"href":"https:\/\/www.lacrimabaccus.com\/fr\/wp-json\/wp\/v2\/media?parent=1131"}],"wp:term":[{"taxonomy":"premio","embeddable":true,"href":"https:\/\/www.lacrimabaccus.com\/fr\/wp-json\/wp\/v2\/premio?post=1131"}],"curies":[{"name":"wp","href":"https:\/\/api.w.org\/{rel}","templated":true}]}}