{"id":1140,"date":"2018-06-21T15:56:59","date_gmt":"2018-06-21T15:56:59","guid":{"rendered":"https:\/\/www.lacrimabaccus.com\/vins\/ame-noir\/"},"modified":"2018-10-15T15:09:42","modified_gmt":"2018-10-15T15:09:42","slug":"ame-noir","status":"publish","type":"page","link":"https:\/\/www.lacrimabaccus.com\/fr\/vins\/ame-noir\/","title":{"rendered":"\u00c2me &#038; Noir"},"content":{"rendered":"<p>Le noir est la couleur des levers, des principes, des occlusions dans leur phase germinale, pr\u00e9c\u00e9dant l&rsquo;explosion lumineuse et prometteuse de la naissance et, d&rsquo;un point de vue psychologique, cela s&rsquo;exprime sous forme all\u00e9gorique comme l&rsquo;\u00e9mergence du conscient de l&rsquo;obscurit\u00e9 de l&rsquo;inconscient.<\/p>\n<p>L&rsquo;\u00e2me, au moins une fois dans la vie, se trouve dans la situation de se perdre dans l&rsquo;ab\u00eeme du d\u00e9sespoir. En ce moment de noirceur totale, de d\u00e9tachement de la dure r\u00e9alit\u00e9, la lumi\u00e8re resurgira paradoxalement comme elle l\u2019est dans la nature. Nous arrivons \u00e0 cette nuit sombre de l&rsquo;\u00e2me parce qu&rsquo;en nous trahissant et en voulant changer notre nature, nous nous \u00e9loignons de notre v\u00e9ritable essence, perdant le vrai sens de l&rsquo;existence.<\/p>\n<p>L&rsquo;objectif de ce processus d&rsquo;am\u00e9lioration et de transition est de permettre la lib\u00e9ration de l&rsquo;esprit et la communication entre notre personnalit\u00e9 et notre \u00e2me. \u00c2ME &amp; NOIR est un vin qui nous invite \u00e0 la m\u00e9ditation, aux sp\u00e9culations. Avec son \u00e9l\u00e9gance et sa d\u00e9licatesse, il nous fait atteindre les endroits les plus intimes de notre \u00e2me et incite \u00e0 une am\u00e9lioration continue.<\/p>\n","protected":false},"excerpt":{"rendered":"<p>Le noir est la couleur des levers, des principes, des occlusions dans leur phase germinale, pr\u00e9c\u00e9dant l&rsquo;explosion lumineuse et prometteuse de la naissance et, d&rsquo;un point de vue psychologique, cela s&rsquo;exprime sous forme all\u00e9gorique comme l&rsquo;\u00e9mergence du conscient de l&rsquo;obscurit\u00e9 de l&rsquo;inconscient. L&rsquo;\u00e2me, au moins une fois dans la vie, se trouve dans la situation [&hellip;]<\/p>\n","protected":false},"author":1,"featured_media":1141,"parent":1089,"menu_order":3,"comment_status":"closed","ping_status":"closed","template":"","meta":{"_acf_changed":false,"footnotes":""},"premio":[],"class_list":["post-1140","page","type-page","status-publish","has-post-thumbnail","hentry"],"acf":[],"aioseo_notices":[],"_links":{"self":[{"href":"https:\/\/www.lacrimabaccus.com\/fr\/wp-json\/wp\/v2\/pages\/1140","targetHints":{"allow":["GET"]}}],"collection":[{"href":"https:\/\/www.lacrimabaccus.com\/fr\/wp-json\/wp\/v2\/pages"}],"about":[{"href":"https:\/\/www.lacrimabaccus.com\/fr\/wp-json\/wp\/v2\/types\/page"}],"author":[{"embeddable":true,"href":"https:\/\/www.lacrimabaccus.com\/fr\/wp-json\/wp\/v2\/users\/1"}],"replies":[{"embeddable":true,"href":"https:\/\/www.lacrimabaccus.com\/fr\/wp-json\/wp\/v2\/comments?post=1140"}],"version-history":[{"count":1,"href":"https:\/\/www.lacrimabaccus.com\/fr\/wp-json\/wp\/v2\/pages\/1140\/revisions"}],"predecessor-version":[{"id":1144,"href":"https:\/\/www.lacrimabaccus.com\/fr\/wp-json\/wp\/v2\/pages\/1140\/revisions\/1144"}],"up":[{"embeddable":true,"href":"https:\/\/www.lacrimabaccus.com\/fr\/wp-json\/wp\/v2\/pages\/1089"}],"wp:featuredmedia":[{"embeddable":true,"href":"https:\/\/www.lacrimabaccus.com\/fr\/wp-json\/wp\/v2\/media\/1141"}],"wp:attachment":[{"href":"https:\/\/www.lacrimabaccus.com\/fr\/wp-json\/wp\/v2\/media?parent=1140"}],"wp:term":[{"taxonomy":"premio","embeddable":true,"href":"https:\/\/www.lacrimabaccus.com\/fr\/wp-json\/wp\/v2\/premio?post=1140"}],"curies":[{"name":"wp","href":"https:\/\/api.w.org\/{rel}","templated":true}]}}