{"id":1146,"date":"2018-06-21T09:24:35","date_gmt":"2018-06-21T09:24:35","guid":{"rendered":"https:\/\/www.lacrimabaccus.com\/vins\/si\/"},"modified":"2019-04-11T13:56:51","modified_gmt":"2019-04-11T13:56:51","slug":"si","status":"publish","type":"page","link":"https:\/\/www.lacrimabaccus.com\/fr\/vins\/si\/","title":{"rendered":"S\u00ed"},"content":{"rendered":"<p>SI est une gamme de vins jeunes et dynamiques, la plus frais et amusante que nous offrons \u00e0 nos clients, en plus d\u2019\u00eatre la plus flexible et facile \u00e0 adapter avec diff\u00e9rents plats. Notre oui est la r\u00e9ponse aux diff\u00e9rentes possibilit\u00e9s que la vie nous offre pendant le voyage de notre vie et \u00e0 tout \u00e2ge. Sur l&rsquo;\u00e9tiquette, on peut voir le dessin d&rsquo;une silhouette stylis\u00e9e r\u00e9agissant aux multiples possibilit\u00e9s offertes par la vie, parfois elles sont plus gaies et faciles \u00e0 aborder, tandis que d&rsquo;autres elle se pr\u00e9sentent sous forme de d\u00e9fis. Notre SI est la r\u00e9ponse \u00e0 l&rsquo;acceptation de ces manifestations, \u00e0 rectifier avec un non, toujours il y a de temps!<\/p>\n","protected":false},"excerpt":{"rendered":"<p>SI est une gamme de vins jeunes et dynamiques, la plus frais et amusante que nous offrons \u00e0 nos clients, en plus d\u2019\u00eatre la plus flexible et facile \u00e0 adapter avec diff\u00e9rents plats. Notre oui est la r\u00e9ponse aux diff\u00e9rentes possibilit\u00e9s que la vie nous offre pendant le voyage de notre vie et \u00e0 tout [&hellip;]<\/p>\n","protected":false},"author":1,"featured_media":3128,"parent":1089,"menu_order":4,"comment_status":"closed","ping_status":"closed","template":"","meta":{"_acf_changed":false,"footnotes":""},"premio":[],"class_list":["post-1146","page","type-page","status-publish","has-post-thumbnail","hentry"],"acf":[],"aioseo_notices":[],"_links":{"self":[{"href":"https:\/\/www.lacrimabaccus.com\/fr\/wp-json\/wp\/v2\/pages\/1146","targetHints":{"allow":["GET"]}}],"collection":[{"href":"https:\/\/www.lacrimabaccus.com\/fr\/wp-json\/wp\/v2\/pages"}],"about":[{"href":"https:\/\/www.lacrimabaccus.com\/fr\/wp-json\/wp\/v2\/types\/page"}],"author":[{"embeddable":true,"href":"https:\/\/www.lacrimabaccus.com\/fr\/wp-json\/wp\/v2\/users\/1"}],"replies":[{"embeddable":true,"href":"https:\/\/www.lacrimabaccus.com\/fr\/wp-json\/wp\/v2\/comments?post=1146"}],"version-history":[{"count":2,"href":"https:\/\/www.lacrimabaccus.com\/fr\/wp-json\/wp\/v2\/pages\/1146\/revisions"}],"predecessor-version":[{"id":3137,"href":"https:\/\/www.lacrimabaccus.com\/fr\/wp-json\/wp\/v2\/pages\/1146\/revisions\/3137"}],"up":[{"embeddable":true,"href":"https:\/\/www.lacrimabaccus.com\/fr\/wp-json\/wp\/v2\/pages\/1089"}],"wp:featuredmedia":[{"embeddable":true,"href":"https:\/\/www.lacrimabaccus.com\/fr\/wp-json\/wp\/v2\/media\/3128"}],"wp:attachment":[{"href":"https:\/\/www.lacrimabaccus.com\/fr\/wp-json\/wp\/v2\/media?parent=1146"}],"wp:term":[{"taxonomy":"premio","embeddable":true,"href":"https:\/\/www.lacrimabaccus.com\/fr\/wp-json\/wp\/v2\/premio?post=1146"}],"curies":[{"name":"wp","href":"https:\/\/api.w.org\/{rel}","templated":true}]}}