{"id":1258,"date":"2018-06-19T10:23:47","date_gmt":"2018-06-19T10:23:47","guid":{"rendered":"https:\/\/www.lacrimabaccus.com\/cave\/el-recuerdo-es-el-momento-en-que-la-mente-recupera-los-estados-de-animo-y-los-sentimientos-relacionados\/"},"modified":"2018-10-15T15:24:10","modified_gmt":"2018-10-15T15:24:10","slug":"la-memoire-est-le-moment-ou-lesprit-recupere-les-emotions-et-les-sensations","status":"publish","type":"page","link":"https:\/\/www.lacrimabaccus.com\/fr\/cave\/la-memoire-est-le-moment-ou-lesprit-recupere-les-emotions-et-les-sensations\/","title":{"rendered":"La m\u00e9moire est le moment o\u00f9 l&rsquo;esprit r\u00e9cup\u00e8re les \u00e9motions et les sensations."},"content":{"rendered":"<p>Le but de Lacrima Baccus est \u00e0 refaire surface, dans l&rsquo;esprit des consommateurs, la m\u00e9moire d&rsquo;un vignoble doux qui se r\u00e9veille lentement d\u2019un long sommeil hivernal, avec une \u00e9nergie et un optimisme semblable \u00e0 celui de nos travailleurs, qui traitent sans rel\u00e2che de nos vignes avec de l\u2019 espoir et du positivisme.<\/p>\n<p>La cave poss\u00e8de 20 hectares de vignobles o\u00f9 sont cultiv\u00e9s des c\u00e9pages indig\u00e8nes tels que Macabeo, Xarel\u00b7lo, Parellada et Garnacha, ainsi que des c\u00e9pages internationaux comme le Chardonnay, le Pinot Noir, le Merlot et le Cabernet Sauvignon. Nous travaillons dans deux appellations d&rsquo;origine diff\u00e9rentes telles que DO Cava et DO Pened\u00e8s.<\/p>\n<p>Aujourd&rsquo;hui la cave fait partie du <strong>groupe Bardinet.<\/strong><\/p>\n","protected":false},"excerpt":{"rendered":"<p>Le but de Lacrima Baccus est \u00e0 refaire surface, dans l&rsquo;esprit des consommateurs, la m\u00e9moire d&rsquo;un vignoble doux qui se r\u00e9veille lentement d\u2019un long sommeil hivernal, avec une \u00e9nergie et un optimisme semblable \u00e0 celui de nos travailleurs, qui traitent sans rel\u00e2che de nos vignes avec de l\u2019 espoir et du positivisme. La cave poss\u00e8de [&hellip;]<\/p>\n","protected":false},"author":1,"featured_media":1260,"parent":1177,"menu_order":0,"comment_status":"closed","ping_status":"closed","template":"","meta":{"_acf_changed":false,"footnotes":""},"premio":[],"class_list":["post-1258","page","type-page","status-publish","has-post-thumbnail","hentry"],"acf":[],"aioseo_notices":[],"_links":{"self":[{"href":"https:\/\/www.lacrimabaccus.com\/fr\/wp-json\/wp\/v2\/pages\/1258","targetHints":{"allow":["GET"]}}],"collection":[{"href":"https:\/\/www.lacrimabaccus.com\/fr\/wp-json\/wp\/v2\/pages"}],"about":[{"href":"https:\/\/www.lacrimabaccus.com\/fr\/wp-json\/wp\/v2\/types\/page"}],"author":[{"embeddable":true,"href":"https:\/\/www.lacrimabaccus.com\/fr\/wp-json\/wp\/v2\/users\/1"}],"replies":[{"embeddable":true,"href":"https:\/\/www.lacrimabaccus.com\/fr\/wp-json\/wp\/v2\/comments?post=1258"}],"version-history":[{"count":1,"href":"https:\/\/www.lacrimabaccus.com\/fr\/wp-json\/wp\/v2\/pages\/1258\/revisions"}],"predecessor-version":[{"id":1269,"href":"https:\/\/www.lacrimabaccus.com\/fr\/wp-json\/wp\/v2\/pages\/1258\/revisions\/1269"}],"up":[{"embeddable":true,"href":"https:\/\/www.lacrimabaccus.com\/fr\/wp-json\/wp\/v2\/pages\/1177"}],"wp:featuredmedia":[{"embeddable":true,"href":"https:\/\/www.lacrimabaccus.com\/fr\/wp-json\/wp\/v2\/media\/1260"}],"wp:attachment":[{"href":"https:\/\/www.lacrimabaccus.com\/fr\/wp-json\/wp\/v2\/media?parent=1258"}],"wp:term":[{"taxonomy":"premio","embeddable":true,"href":"https:\/\/www.lacrimabaccus.com\/fr\/wp-json\/wp\/v2\/premio?post=1258"}],"curies":[{"name":"wp","href":"https:\/\/api.w.org\/{rel}","templated":true}]}}