{"id":1271,"date":"2018-06-19T10:13:08","date_gmt":"2018-06-19T10:13:08","guid":{"rendered":"https:\/\/www.lacrimabaccus.com\/cave\/fundada-en-1890-es-una-de-las-bodegas-mas-antiguas-del-penedes\/"},"modified":"2018-10-15T15:25:31","modified_gmt":"2018-10-15T15:25:31","slug":"la-cave-lacrima-baccus-a-ete-fondee-en-1890-et-est-lune-des-plus-anciennes-caves-du-penedes","status":"publish","type":"page","link":"https:\/\/www.lacrimabaccus.com\/fr\/cave\/la-cave-lacrima-baccus-a-ete-fondee-en-1890-et-est-lune-des-plus-anciennes-caves-du-penedes\/","title":{"rendered":"La cave Lacrima Baccus a \u00e9t\u00e9 fond\u00e9e en 1890 et est l&rsquo;une des plus anciennes caves du Pened\u00e8s."},"content":{"rendered":"<p>Sans aucun doute, l\u2019infatigable travail du viticulteur a caract\u00e9ris\u00e9 les incomparables paysages des appellations d\u2019origine Pened\u00e8s et Cava. La contemplation de nos parcelles rallume dans l&rsquo;inconscient de ceux qui nous visitent un certain charme, qui suscite des \u00e9motions fortes et inoubliables, principalement en raison de la position des fermes en pierre o\u00f9 on \u00e9labore vins et cava, qui s&rsquo;int\u00e8grent parfaitement avec tout ce qui est autour.<\/p>\n<p>Ce lien indissoluble entre l&rsquo;homme et la vigne prend forme, si on pense que l&rsquo;appr\u00e9ciation d&rsquo;un vin est purement subjective et intrins\u00e8que \u00e0 nos exp\u00e9riences et perceptions. Notre objectif est de transmettre au client notre philosophie: produire les meilleurs vins avec d\u00e9vouement, patience et innovation.<\/p>\n","protected":false},"excerpt":{"rendered":"<p>Sans aucun doute, l\u2019infatigable travail du viticulteur a caract\u00e9ris\u00e9 les incomparables paysages des appellations d\u2019origine Pened\u00e8s et Cava. La contemplation de nos parcelles rallume dans l&rsquo;inconscient de ceux qui nous visitent un certain charme, qui suscite des \u00e9motions fortes et inoubliables, principalement en raison de la position des fermes en pierre o\u00f9 on \u00e9labore vins [&hellip;]<\/p>\n","protected":false},"author":1,"featured_media":1259,"parent":1177,"menu_order":0,"comment_status":"closed","ping_status":"closed","template":"","meta":{"_acf_changed":false,"footnotes":""},"premio":[],"class_list":["post-1271","page","type-page","status-publish","has-post-thumbnail","hentry"],"acf":[],"aioseo_notices":[],"_links":{"self":[{"href":"https:\/\/www.lacrimabaccus.com\/fr\/wp-json\/wp\/v2\/pages\/1271","targetHints":{"allow":["GET"]}}],"collection":[{"href":"https:\/\/www.lacrimabaccus.com\/fr\/wp-json\/wp\/v2\/pages"}],"about":[{"href":"https:\/\/www.lacrimabaccus.com\/fr\/wp-json\/wp\/v2\/types\/page"}],"author":[{"embeddable":true,"href":"https:\/\/www.lacrimabaccus.com\/fr\/wp-json\/wp\/v2\/users\/1"}],"replies":[{"embeddable":true,"href":"https:\/\/www.lacrimabaccus.com\/fr\/wp-json\/wp\/v2\/comments?post=1271"}],"version-history":[{"count":1,"href":"https:\/\/www.lacrimabaccus.com\/fr\/wp-json\/wp\/v2\/pages\/1271\/revisions"}],"predecessor-version":[{"id":1279,"href":"https:\/\/www.lacrimabaccus.com\/fr\/wp-json\/wp\/v2\/pages\/1271\/revisions\/1279"}],"up":[{"embeddable":true,"href":"https:\/\/www.lacrimabaccus.com\/fr\/wp-json\/wp\/v2\/pages\/1177"}],"wp:featuredmedia":[{"embeddable":true,"href":"https:\/\/www.lacrimabaccus.com\/fr\/wp-json\/wp\/v2\/media\/1259"}],"wp:attachment":[{"href":"https:\/\/www.lacrimabaccus.com\/fr\/wp-json\/wp\/v2\/media?parent=1271"}],"wp:term":[{"taxonomy":"premio","embeddable":true,"href":"https:\/\/www.lacrimabaccus.com\/fr\/wp-json\/wp\/v2\/premio?post=1271"}],"curies":[{"name":"wp","href":"https:\/\/api.w.org\/{rel}","templated":true}]}}