{"id":900,"date":"2018-07-10T15:58:18","date_gmt":"2018-07-10T15:58:18","guid":{"rendered":"https:\/\/www.lacrimabaccus.com\/notre-equipe\/xavier-freixedas\/"},"modified":"2018-10-15T14:50:31","modified_gmt":"2018-10-15T14:50:31","slug":"xavier-freixedas","status":"publish","type":"page","link":"https:\/\/www.lacrimabaccus.com\/fr\/notre-equipe\/xavier-freixedas\/","title":{"rendered":"Xavier Freixedas"},"content":{"rendered":"<p>Xavier Freixedas est n\u00e9 le 25 mars 1973 \u00e0 Vilafranca del Pened\u00e8s. Avec un pass\u00e9 d&rsquo;\u00e9conomiste, il a commenc\u00e9 sa carri\u00e8re professionnelle dans le secteur bancaire. En 1998, il commence sa carri\u00e8re dans l&rsquo;industrie du vin. Il a toujours \u00e9t\u00e9 directeur g\u00e9n\u00e9ral et a acquis une exp\u00e9rience de 20 ans dans le secteur du vin.<\/p>\n<p>En 1998, il rejoint en tant que PDG de Cavas Lavernoya. Gr\u00e2ce \u00e0 sa direction, la soci\u00e9t\u00e9 a g\u00e9n\u00e9r\u00e9 des b\u00e9n\u00e9fices et les ventes ont atteint 250 000 \u20ac, avec un chiffre d\u2019affaires final de 2 000 000 \u20ac.<\/p>\n<p>En 2015, Xavier Freixedas a commenc\u00e9 \u00e0 jouer le r\u00f4le de directeur des vins et cavas pour la soci\u00e9t\u00e9 Bardinet. L&rsquo;objectif principal \u00e9tait d&rsquo;introduire et de compl\u00e9ter le portefeuille de Bardinet comprenant des vins et du cava.<\/p>\n<p>Il est aujourd&rsquo;hui directeur g\u00e9n\u00e9ral de Lacrima Baccus.<\/p>\n","protected":false},"excerpt":{"rendered":"<p>Xavier Freixedas est n\u00e9 le 25 mars 1973 \u00e0 Vilafranca del Pened\u00e8s. Avec un pass\u00e9 d&rsquo;\u00e9conomiste, il a commenc\u00e9 sa carri\u00e8re professionnelle dans le secteur bancaire. En 1998, il commence sa carri\u00e8re dans l&rsquo;industrie du vin. Il a toujours \u00e9t\u00e9 directeur g\u00e9n\u00e9ral et a acquis une exp\u00e9rience de 20 ans dans le secteur du vin. [&hellip;]<\/p>\n","protected":false},"author":1,"featured_media":902,"parent":896,"menu_order":1,"comment_status":"closed","ping_status":"closed","template":"","meta":{"_acf_changed":false,"footnotes":""},"premio":[],"class_list":["post-900","page","type-page","status-publish","has-post-thumbnail","hentry"],"acf":[],"aioseo_notices":[],"_links":{"self":[{"href":"https:\/\/www.lacrimabaccus.com\/fr\/wp-json\/wp\/v2\/pages\/900","targetHints":{"allow":["GET"]}}],"collection":[{"href":"https:\/\/www.lacrimabaccus.com\/fr\/wp-json\/wp\/v2\/pages"}],"about":[{"href":"https:\/\/www.lacrimabaccus.com\/fr\/wp-json\/wp\/v2\/types\/page"}],"author":[{"embeddable":true,"href":"https:\/\/www.lacrimabaccus.com\/fr\/wp-json\/wp\/v2\/users\/1"}],"replies":[{"embeddable":true,"href":"https:\/\/www.lacrimabaccus.com\/fr\/wp-json\/wp\/v2\/comments?post=900"}],"version-history":[{"count":1,"href":"https:\/\/www.lacrimabaccus.com\/fr\/wp-json\/wp\/v2\/pages\/900\/revisions"}],"predecessor-version":[{"id":928,"href":"https:\/\/www.lacrimabaccus.com\/fr\/wp-json\/wp\/v2\/pages\/900\/revisions\/928"}],"up":[{"embeddable":true,"href":"https:\/\/www.lacrimabaccus.com\/fr\/wp-json\/wp\/v2\/pages\/896"}],"wp:featuredmedia":[{"embeddable":true,"href":"https:\/\/www.lacrimabaccus.com\/fr\/wp-json\/wp\/v2\/media\/902"}],"wp:attachment":[{"href":"https:\/\/www.lacrimabaccus.com\/fr\/wp-json\/wp\/v2\/media?parent=900"}],"wp:term":[{"taxonomy":"premio","embeddable":true,"href":"https:\/\/www.lacrimabaccus.com\/fr\/wp-json\/wp\/v2\/premio?post=900"}],"curies":[{"name":"wp","href":"https:\/\/api.w.org\/{rel}","templated":true}]}}