{"id":1094,"date":"2018-06-21T16:04:58","date_gmt":"2018-06-21T16:04:58","guid":{"rendered":"https:\/\/www.lacrimabaccus.com\/vini\/mar-cel\/"},"modified":"2018-10-16T14:28:13","modified_gmt":"2018-10-16T14:28:13","slug":"mar-cel","status":"publish","type":"page","link":"https:\/\/www.lacrimabaccus.com\/it\/vini\/mar-cel\/","title":{"rendered":"Mar &#038; Cel"},"content":{"rendered":"<p>Il mare e il cielo a volte sembrano confondersi nell&#8217;immensit\u00e0 di uno sguardo sfuggente. Sicuramente a volte ci \u00e8 capitato di essere su una spiaggia desolata e, melancolici di volgere lo sguardo all\u2019orizzonte senza riuscire per\u00f2 a distinguere quel confine che separa il mare dal cielo.<\/p>\n<p>Quel punto preciso in cui il cielo e il mare si incontrano e si fondono in un insieme mistico \u00e8 dove inizia l&#8217;infinito, l&#8217;incommensurabile. Non c&#8217;\u00e8 pi\u00f9 alcun orizzonte per sostenerlo, solo l&#8217;immenso desiderio di guardare oltre l&#8217;immaginabile, pi\u00f9 lontano dalla realt\u00e0, pi\u00f9 profondamente nella nostra anima.<\/p>\n<p>Di fronte a tanta immensit\u00e0\u00a0rimaniamo sorpresi ed avvolti da una sensazione di impotenza e inferiorit\u00e0 di fronte a un tale spettacolo, dove l&#8217;intangibile gioca un ruolo importante.<\/p>\n","protected":false},"excerpt":{"rendered":"<p>Il mare e il cielo a volte sembrano confondersi nell&#8217;immensit\u00e0 di uno sguardo sfuggente. Sicuramente a volte ci \u00e8 capitato di essere su una spiaggia desolata e, melancolici di volgere lo sguardo all\u2019orizzonte senza riuscire per\u00f2 a distinguere quel confine che separa il mare dal cielo. Quel punto preciso in cui il cielo e il [&hellip;]<\/p>\n","protected":false},"author":1,"featured_media":1095,"parent":1090,"menu_order":1,"comment_status":"closed","ping_status":"closed","template":"","meta":{"_acf_changed":false,"footnotes":""},"premio":[],"class_list":["post-1094","page","type-page","status-publish","has-post-thumbnail","hentry"],"acf":[],"aioseo_notices":[],"_links":{"self":[{"href":"https:\/\/www.lacrimabaccus.com\/it\/wp-json\/wp\/v2\/pages\/1094","targetHints":{"allow":["GET"]}}],"collection":[{"href":"https:\/\/www.lacrimabaccus.com\/it\/wp-json\/wp\/v2\/pages"}],"about":[{"href":"https:\/\/www.lacrimabaccus.com\/it\/wp-json\/wp\/v2\/types\/page"}],"author":[{"embeddable":true,"href":"https:\/\/www.lacrimabaccus.com\/it\/wp-json\/wp\/v2\/users\/1"}],"replies":[{"embeddable":true,"href":"https:\/\/www.lacrimabaccus.com\/it\/wp-json\/wp\/v2\/comments?post=1094"}],"version-history":[{"count":3,"href":"https:\/\/www.lacrimabaccus.com\/it\/wp-json\/wp\/v2\/pages\/1094\/revisions"}],"predecessor-version":[{"id":1981,"href":"https:\/\/www.lacrimabaccus.com\/it\/wp-json\/wp\/v2\/pages\/1094\/revisions\/1981"}],"up":[{"embeddable":true,"href":"https:\/\/www.lacrimabaccus.com\/it\/wp-json\/wp\/v2\/pages\/1090"}],"wp:featuredmedia":[{"embeddable":true,"href":"https:\/\/www.lacrimabaccus.com\/it\/wp-json\/wp\/v2\/media\/1095"}],"wp:attachment":[{"href":"https:\/\/www.lacrimabaccus.com\/it\/wp-json\/wp\/v2\/media?parent=1094"}],"wp:term":[{"taxonomy":"premio","embeddable":true,"href":"https:\/\/www.lacrimabaccus.com\/it\/wp-json\/wp\/v2\/premio?post=1094"}],"curies":[{"name":"wp","href":"https:\/\/api.w.org\/{rel}","templated":true}]}}