{"id":1136,"date":"2018-06-21T16:00:48","date_gmt":"2018-06-21T16:00:48","guid":{"rendered":"https:\/\/www.lacrimabaccus.com\/vini\/rose-clear\/"},"modified":"2018-10-16T14:30:57","modified_gmt":"2018-10-16T14:30:57","slug":"rose-clear","status":"publish","type":"page","link":"https:\/\/www.lacrimabaccus.com\/it\/vini\/rose-clear\/","title":{"rendered":"Rose &#038; Clear"},"content":{"rendered":"<p>Il nostro vino Rose and Clear ha un color salmone chiaro, esclusivo e molto suggestivo. \u00c8 un colore che ci ricorda il crepuscolo di un caldo tramonto estivo su una spiaggia mediterranea.<\/p>\n<p>C&#8217;\u00e8 un momento crepuscolare in cui la gioia esplode incontrollabilmente e salta al cuore come un flusso di pura felicit\u00e0, abbagliante, accecante, come una lama che\u00a0 improvvisamente ci trafigge senza alcun rumore e irradia un migliaio di schegge di benessere a tutto il corpo, a ogni cellula dell&#8217;epidermide.<\/p>\n<p>Questo crepuscolo propone l&#8217;aspettativa benevola di un nuovo domani, \u00e8 il preludio delle passioni, dei sogni, delle illusioni, che ognuno di noi aspetta si avverino. Il crepuscolo estivo \u00e8 il crepuscolo del fascino e della sensualit\u00e1, semplice\u00a0 utopia o solida realt\u00e0, solo noi possiamo decidere.<\/p>\n","protected":false},"excerpt":{"rendered":"<p>Il nostro vino Rose and Clear ha un color salmone chiaro, esclusivo e molto suggestivo. \u00c8 un colore che ci ricorda il crepuscolo di un caldo tramonto estivo su una spiaggia mediterranea. C&#8217;\u00e8 un momento crepuscolare in cui la gioia esplode incontrollabilmente e salta al cuore come un flusso di pura felicit\u00e0, abbagliante, accecante, come [&hellip;]<\/p>\n","protected":false},"author":1,"featured_media":1137,"parent":1090,"menu_order":2,"comment_status":"closed","ping_status":"closed","template":"","meta":{"_acf_changed":false,"footnotes":""},"premio":[],"class_list":["post-1136","page","type-page","status-publish","has-post-thumbnail","hentry"],"acf":[],"aioseo_notices":[],"_links":{"self":[{"href":"https:\/\/www.lacrimabaccus.com\/it\/wp-json\/wp\/v2\/pages\/1136","targetHints":{"allow":["GET"]}}],"collection":[{"href":"https:\/\/www.lacrimabaccus.com\/it\/wp-json\/wp\/v2\/pages"}],"about":[{"href":"https:\/\/www.lacrimabaccus.com\/it\/wp-json\/wp\/v2\/types\/page"}],"author":[{"embeddable":true,"href":"https:\/\/www.lacrimabaccus.com\/it\/wp-json\/wp\/v2\/users\/1"}],"replies":[{"embeddable":true,"href":"https:\/\/www.lacrimabaccus.com\/it\/wp-json\/wp\/v2\/comments?post=1136"}],"version-history":[{"count":1,"href":"https:\/\/www.lacrimabaccus.com\/it\/wp-json\/wp\/v2\/pages\/1136\/revisions"}],"predecessor-version":[{"id":1139,"href":"https:\/\/www.lacrimabaccus.com\/it\/wp-json\/wp\/v2\/pages\/1136\/revisions\/1139"}],"up":[{"embeddable":true,"href":"https:\/\/www.lacrimabaccus.com\/it\/wp-json\/wp\/v2\/pages\/1090"}],"wp:featuredmedia":[{"embeddable":true,"href":"https:\/\/www.lacrimabaccus.com\/it\/wp-json\/wp\/v2\/media\/1137"}],"wp:attachment":[{"href":"https:\/\/www.lacrimabaccus.com\/it\/wp-json\/wp\/v2\/media?parent=1136"}],"wp:term":[{"taxonomy":"premio","embeddable":true,"href":"https:\/\/www.lacrimabaccus.com\/it\/wp-json\/wp\/v2\/premio?post=1136"}],"curies":[{"name":"wp","href":"https:\/\/api.w.org\/{rel}","templated":true}]}}