{"id":1148,"date":"2018-06-21T09:24:35","date_gmt":"2018-06-21T09:24:35","guid":{"rendered":"https:\/\/www.lacrimabaccus.com\/vini\/si\/"},"modified":"2019-04-11T13:56:23","modified_gmt":"2019-04-11T13:56:23","slug":"si","status":"publish","type":"page","link":"https:\/\/www.lacrimabaccus.com\/it\/vini\/si\/","title":{"rendered":"S\u00ed"},"content":{"rendered":"<p>S\u00ec, \u00e8 una gamma di vini giovani e dinamici, la pi\u00f9 fresca e divertente che offriamo ai nostri clienti, oltre ad essere la pi\u00f9 flessibile e facilmente adattabile, ideale per creare accompagnamenti con piatti diversi. Il nostro S\u00ec \u00e8 la risposta alle diverse possibilit\u00e0 che la vita ci offre durante il nostro percorso e ad ogni et\u00e0. Sull&#8217;etichetta possiamo vedere il disegno di una silhouette stilizzata che rappresenta le differenti opportunit\u00e0 che la vita ci offre, a volte queste si presentano pi\u00f9 facili da abbordare, altre volte si presentano sotto forma di sfide. Il nostro SI \u00e8 la risposta all&#8217;accettazione di queste manifestazioni, per rettificare con un no c\u2019\u00e8 sempre tempo!<\/p>\n","protected":false},"excerpt":{"rendered":"<p>S\u00ec, \u00e8 una gamma di vini giovani e dinamici, la pi\u00f9 fresca e divertente che offriamo ai nostri clienti, oltre ad essere la pi\u00f9 flessibile e facilmente adattabile, ideale per creare accompagnamenti con piatti diversi. Il nostro S\u00ec \u00e8 la risposta alle diverse possibilit\u00e0 che la vita ci offre durante il nostro percorso e ad [&hellip;]<\/p>\n","protected":false},"author":1,"featured_media":3124,"parent":1090,"menu_order":4,"comment_status":"closed","ping_status":"closed","template":"","meta":{"_acf_changed":false,"footnotes":""},"premio":[],"class_list":["post-1148","page","type-page","status-publish","has-post-thumbnail","hentry"],"acf":[],"aioseo_notices":[],"_links":{"self":[{"href":"https:\/\/www.lacrimabaccus.com\/it\/wp-json\/wp\/v2\/pages\/1148","targetHints":{"allow":["GET"]}}],"collection":[{"href":"https:\/\/www.lacrimabaccus.com\/it\/wp-json\/wp\/v2\/pages"}],"about":[{"href":"https:\/\/www.lacrimabaccus.com\/it\/wp-json\/wp\/v2\/types\/page"}],"author":[{"embeddable":true,"href":"https:\/\/www.lacrimabaccus.com\/it\/wp-json\/wp\/v2\/users\/1"}],"replies":[{"embeddable":true,"href":"https:\/\/www.lacrimabaccus.com\/it\/wp-json\/wp\/v2\/comments?post=1148"}],"version-history":[{"count":2,"href":"https:\/\/www.lacrimabaccus.com\/it\/wp-json\/wp\/v2\/pages\/1148\/revisions"}],"predecessor-version":[{"id":3136,"href":"https:\/\/www.lacrimabaccus.com\/it\/wp-json\/wp\/v2\/pages\/1148\/revisions\/3136"}],"up":[{"embeddable":true,"href":"https:\/\/www.lacrimabaccus.com\/it\/wp-json\/wp\/v2\/pages\/1090"}],"wp:featuredmedia":[{"embeddable":true,"href":"https:\/\/www.lacrimabaccus.com\/it\/wp-json\/wp\/v2\/media\/3124"}],"wp:attachment":[{"href":"https:\/\/www.lacrimabaccus.com\/it\/wp-json\/wp\/v2\/media?parent=1148"}],"wp:term":[{"taxonomy":"premio","embeddable":true,"href":"https:\/\/www.lacrimabaccus.com\/it\/wp-json\/wp\/v2\/premio?post=1148"}],"curies":[{"name":"wp","href":"https:\/\/api.w.org\/{rel}","templated":true}]}}