{"id":1275,"date":"2018-06-19T10:13:08","date_gmt":"2018-06-19T10:13:08","guid":{"rendered":"https:\/\/www.lacrimabaccus.com\/cantina\/fundada-en-1890-es-una-de-las-bodegas-mas-antiguas-del-penedes\/"},"modified":"2018-10-16T15:03:37","modified_gmt":"2018-10-16T15:03:37","slug":"la-cantina-lacrima-baccus-e-stata-fondata-nel-1890-ed-e-una-delle-piu-antiche-cantine-del-penedes","status":"publish","type":"page","link":"https:\/\/www.lacrimabaccus.com\/it\/cantina\/la-cantina-lacrima-baccus-e-stata-fondata-nel-1890-ed-e-una-delle-piu-antiche-cantine-del-penedes\/","title":{"rendered":"La cantina Lacrima Baccus \u00e8 stata fondata nel 1890 ed \u00e8 una delle pi\u00f9 antiche cantine del Pened\u00e8s."},"content":{"rendered":"<p>Senza alcun dubbio, l&#8217;antico e instancabile lavoro del viticoltore \u00e8 stato ci\u00f2 che ha contraddistinto la peculiarit\u00e0 e l\u2019impareggiabilit\u00e0 dei paesaggi delle zone della denominazione di origine Pened\u00e8s e Cava, ed \u00e8 altrettanto vero che la contemplazione dei nostri appezzamenti di vigneto fa scaturire nell&#8217;inconscio di chi ci visita un certo fascino che suscita emozioni forti e indimenticabili, dovuto soprattutto alla posizione dei casali in pietra dove elaboriamo i nostri cava e vini che si integrano perfettamente con tutto ci\u00f2 che \u00e8 intorno.<\/p>\n<p>Questo collegamento indissolubile uomo -vigneto prende forma se pensiamo che l&#8217;apprezzamento di un vino \u00e8 puramente soggettivo e intrinseco alle nostre esperienze e percezioni. Il nostro obiettivo \u00e8 di trasmettere al cliente la nostra filosofia che \u00e9 appunto quella di produrre i migliori vini con dedizione, pazienza e l&#8217;innovazione.<\/p>\n","protected":false},"excerpt":{"rendered":"<p>Senza alcun dubbio, l&#8217;antico e instancabile lavoro del viticoltore \u00e8 stato ci\u00f2 che ha contraddistinto la peculiarit\u00e0 e l\u2019impareggiabilit\u00e0 dei paesaggi delle zone della denominazione di origine Pened\u00e8s e Cava, ed \u00e8 altrettanto vero che la contemplazione dei nostri appezzamenti di vigneto fa scaturire nell&#8217;inconscio di chi ci visita un certo fascino che suscita emozioni [&hellip;]<\/p>\n","protected":false},"author":1,"featured_media":1265,"parent":1179,"menu_order":0,"comment_status":"closed","ping_status":"closed","template":"","meta":{"_acf_changed":false,"footnotes":""},"premio":[],"class_list":["post-1275","page","type-page","status-publish","has-post-thumbnail","hentry"],"acf":[],"aioseo_notices":[],"_links":{"self":[{"href":"https:\/\/www.lacrimabaccus.com\/it\/wp-json\/wp\/v2\/pages\/1275","targetHints":{"allow":["GET"]}}],"collection":[{"href":"https:\/\/www.lacrimabaccus.com\/it\/wp-json\/wp\/v2\/pages"}],"about":[{"href":"https:\/\/www.lacrimabaccus.com\/it\/wp-json\/wp\/v2\/types\/page"}],"author":[{"embeddable":true,"href":"https:\/\/www.lacrimabaccus.com\/it\/wp-json\/wp\/v2\/users\/1"}],"replies":[{"embeddable":true,"href":"https:\/\/www.lacrimabaccus.com\/it\/wp-json\/wp\/v2\/comments?post=1275"}],"version-history":[{"count":2,"href":"https:\/\/www.lacrimabaccus.com\/it\/wp-json\/wp\/v2\/pages\/1275\/revisions"}],"predecessor-version":[{"id":1278,"href":"https:\/\/www.lacrimabaccus.com\/it\/wp-json\/wp\/v2\/pages\/1275\/revisions\/1278"}],"up":[{"embeddable":true,"href":"https:\/\/www.lacrimabaccus.com\/it\/wp-json\/wp\/v2\/pages\/1179"}],"wp:featuredmedia":[{"embeddable":true,"href":"https:\/\/www.lacrimabaccus.com\/it\/wp-json\/wp\/v2\/media\/1265"}],"wp:attachment":[{"href":"https:\/\/www.lacrimabaccus.com\/it\/wp-json\/wp\/v2\/media?parent=1275"}],"wp:term":[{"taxonomy":"premio","embeddable":true,"href":"https:\/\/www.lacrimabaccus.com\/it\/wp-json\/wp\/v2\/premio?post=1275"}],"curies":[{"name":"wp","href":"https:\/\/api.w.org\/{rel}","templated":true}]}}