{"id":1438,"date":"2018-07-19T14:42:12","date_gmt":"2018-07-19T14:42:12","guid":{"rendered":"https:\/\/www.lacrimabaccus.com\/politica-de-privacidad\/"},"modified":"2023-11-28T22:43:03","modified_gmt":"2023-11-28T22:43:03","slug":"politica-sulla-privacy","status":"publish","type":"page","link":"https:\/\/www.lacrimabaccus.com\/it\/politica-sulla-privacy\/","title":{"rendered":"POLITICA SULLA PRIVACY"},"content":{"rendered":"<p class=\"p1\"><span class=\"s1\"><b>INFORMATIVA SULLA PRIVACY DEL SITO WEB<\/b><\/span><br \/>\nSiamo un&#8217;azienda in cui la trasparenza delle informazioni \u00e8 essenziale per stabilire un rapporto di fiducia con le persone che compongono il nostro progetto e con i nostri fornitori e clienti, essendo la protezione dei dati personali delle persone che si fidano di noi di vitale importanza, ecco perch\u00e9 desideriamo informarti attraverso la presente Informativa sulla privacy su come raccogliamo e come elaboriamo o utilizziamo tali dati.<br \/>\nLa presente informativa sulla privacy stabilisce le basi su cui la societ\u00e0 tratta i dati personali che i nostri utenti ci forniscono volontariamente attraverso il sito web.<br \/>\nQuesta politica sar\u00e0 sempre valida applicabile quando i dati vengono forniti alla societ\u00e0, che sar\u00e0 responsabile dei tuoi dati (Responsabile del trattamento), sia attraverso gli eventuali moduli di contatto o di iscrizione in cui vengono raccolti dati personali (nome, email, ecc.).<\/p>\n<p><span class=\"s1\"><b>COSA CI IMPEGNIAMO<\/b><\/span><\/p>\n<ul class=\"ul1\">\n<li class=\"li3\"><span class=\"s3\">Rispettare la privacy dei nostri utenti e trattare i dati personali con il loro consenso.<\/span><\/li>\n<li class=\"li3\"><span class=\"s3\">Per trattare i dati personali di cui abbiamo strettamente bisogno per fornire il servizio richiesto e trattarli in modo sicuro e riservato, adottando le misure necessarie per prevenire accessi non autorizzati e usi impropri degli stessi.<\/span><\/li>\n<li class=\"li3\"><span class=\"s3\">Non utilizzare i dati personali per scopi per i quali non abbiamo precedentemente ottenuto il consenso.<\/span><\/li>\n<li class=\"li3\"><span class=\"s3\">Non fornire dati personali a terzi parti o condividerli.<\/span><\/li>\n<li class=\"li3\"><span class=\"s3\">Conservare i dati personali per il tempo strettamente necessario allo scopo specifico per cui sono stati forniti.<\/span><\/li>\n<\/ul>\n<p class=\"p5\">\n<span class=\"s4\"><b>CHI \u00c8 RESPONSABILE DEI TUOI DATI PERSONALI<\/b><\/span><\/p>\n<ul>\n<li>Nome dell&#8217;azienda: BARDINET WINES, S.A.U.<\/li>\n<li>ID: A08974479<\/li>\n<li>Via:\u00a0FINCA MANLLEU S\/N<\/li>\n<li>Codice postale:\u00a008732<\/li>\n<li>Posizione:\u00a0CASTELLVI DE LA MARCA<\/li>\n<li>Provincia:\u00a0BARCELLONA<\/li>\n<\/ul>\n<p class=\"p5\">\n<span class=\"s4\"><b>COSA SI TRATTA DI DATI PERSONALI E DEL TRATTAMENTO DEI DATI PERSONALI<\/b><\/span><br \/>\n<span class=\"s3\">I dati personali sono qualsiasi informazione riguardante una persona fisica identificata o identificabile. Una persona fisica identificabile \u00e8 qualsiasi persona la cui identit\u00e0 pu\u00f2 essere determinata direttamente o indirettamente, in particolare mediante un identificatore, come un nome, un numero di identificazione, dati relativi all&#8217;ubicazione, un identificatore online o uno o pi\u00f9 elementi specifici della persona fisica, identit\u00e0 fisiologica, genetica, psicologica, economica, culturale o sociale di detta persona.<\/span><br \/>\n<span class=\"s3\">Allo stesso modo, il trattamento dei dati personali comporta qualsiasi operazione o insieme di operazioni effettuate su dati personali o insiemi di dati personali, anche con modalit\u00e0 automatizzate o meno, come raccolta, registrazione, organizzazione, strutturazione, conservazione, adattamento o modifica, estrazione. , consultazione, uso, comunicazione mediante trasmissione, diffusione o qualsiasi altra forma che consenta l&#8217;accesso, il confronto o l&#8217;interconnessione, la limitazione, la cancellazione o la distruzione.<\/span><\/p>\n<p><span class=\"s4\"><b>COSA TRATTAMENTO CHE EFFETTUIAMO SUI TUOI DATI PERSONALI E PERCH\u00c9 SCOPI<\/b><\/span><\/p>\n<ul class=\"ul1\">\n<li class=\"li3\"><span class=\"s3\"><b>Richiesta di informazioni da parte dell&#8217;utente<\/b><br \/>\nGestire la richiesta di informazioni inviata dall&#8217;utente tramite il modulo di contatto e\/o l&#8217;indirizzo di posta elettronica, postale e\/o numero di telefono fornito tramite il sito web.<\/span><\/li>\n<li class=\"li3\"><span class=\"s3\"><b>Iscrizione alla newsletter<\/b><br \/>\nGestisci l&#8217;iscrizione ;all&#8217;invio della newsletter<\/span><\/li>\n<li class=\"li3\"><span class=\"s3\"><b>Lavora con noi inviando il CV<\/b><br \/>\nGestione dei CV pervenuti tramite il form disponibile sul sito.<\/span><\/li>\n<li class=\"li3\"><span class=\"s3\"><b>Registrazione e accesso al profilo utente<\/b><br \/>\nGestione della registrazione e accesso al portale utenti tramite l&#8217;account utente e la password corrispondenti ;a.<\/span><\/li>\n<li class=\"li3\"><span class=\"s3\"><b>Gestione dei commenti sul blog.<\/b><br \/>\nGestire l&#8217;invio e la ricezione dei commenti che l&#8217;utente ha lasciato sul blog.<\/span><\/li>\n<\/ul>\n<p class=\"p5\">\n<p><span class=\"s4\"><b>COSA DATI PERSONALI CHE ACQUISIAMO<\/b><\/span><br \/>\n<span class=\"s3\">Attraverso il nostro sito web possiamo raccogliere dati personali per diversi scopi:<\/span><\/p>\n<ul class=\"ul1\">\n<li class=\"li3\"><span class=\"s3\"><b>Richiesta di informazioni da parte dell&#8217;utente<\/b><br \/>\nCattureremo i dati personali che ci avrai fornito a seguito del quesito sollevato.<\/span><\/li>\n<li class=\"li3\"><span class=\"s3\"><b>Iscrizione a newsletter<\/b><br \/>\nCattureremo il tuo indirizzo email.<\/span><\/li>\n<li class=\"li3\"><span class=\"s3\"><b>Lavora con noi inviando il tuo curriculum\u00a0<\/b><br \/>\nCattureremo le informazioni contenute nel CV che ci hanno fornito.<\/span><\/li>\n<li class=\"li3\"><span class=\"s3\"><b>Registrazione e accesso al profilo utente<\/b><br \/>\nNome utente e password, nonch\u00e9 cos\u00ec come eventuali altri dati forniti al fine della creazione dell&#8217;account o del profilo.<\/span><\/li>\n<li class=\"li3\"><span class=\"s3\"><b>Gestione dei commenti sul blog.<\/b><br \/>\nEventuali dati forniti in fase di pubblicazione il commento corrispondente.<\/span><\/li>\n<\/ul>\n<p class=\"p5\">\n<span class=\"s3\">A seconda dello scopo per il quale vengono forniti i dati, saranno richiesti i dati strettamente necessari. \u00c8 importante che l&#8217;utente sia consapevole dei dati che fornisce e dello scopo per cui lo fa perch\u00e9 nel momento in cui li fornisce, \u00e8 accettando che raccogliamo, conserviamo e utilizziamo tali dati per lo scopo richiesto, potendo in qualsiasi momento revocare il consenso prestato attraverso gli appositi canali, avendo il consenso dell&#8217;interessato come base giuridica e legittimit\u00e0 del trattamento dei propri dati personali .<\/span><\/p>\n<p><span class=\"s4\"><b>QUAL \u00c8 LA LEGITTIMAZIONE PER IL TRATTAMENTO DEI DATI PERSONALI<\/b><\/span><br \/>\n<span class=\"s3\">In conformit\u00e0 con la normativa vigente in materia di protezione dei dati, abbiamo bisogno di una base di legittimit\u00e0 per il trattamento dei tuoi dati personali. La base della legittimit\u00e0 \u00e8 il tuo consenso.<\/span><\/p>\n<p><span class=\"s4\"><b>COSA DIRITTI CHE HAI IN MERITO AI DATI PERSONALI FORNITI<\/b><\/span><br \/>\n<span class=\"s3\">Come utente, puoi esercitare i seguenti diritti:<\/span><\/p>\n<ul class=\"ul1\">\n<li class=\"li3\"><span class=\"s4\">Diritto di accesso<\/span><span class=\"s3\">: hai il diritto di ottenere dalla societ\u00e0 conferma se \u00e8 in corso o meno un trattamento dei tuoi dati personali ed eventualmente quali. I dati vengono trattati.<\/span><\/li>\n<li class=\"li3\"><span class=\"s4\">Diritto di rettifica<\/span><span class=\"s3\">: avete il diritto di ottenere da BARDINET WINES, S.A.U., la rettifica dei dati personali inesatti che vi riguardano. Nella richiesta di rettifica \u00e8 necessario: indica i dati che desideri vengano modificati.<\/span><\/li>\n<li class=\"li3\"><span class=\"s4\">Diritto di opposizione<\/span><span class=\"s3\">: hai il diritto di opporti in qualsiasi momento, per motivi legati alla tua situazione particolare, a quali dati personali i dati che La riguardano sono oggetto di trattamento basato sul legittimo interesse della societ\u00e0. In tal caso l\u2019azienda si fermer\u00e0 trattare i dati personali, a meno che non dimostriamo motivi legittimi cogenti per il trattamento che prevalgono sui vostri interessi, diritti e libert\u00e0, o per la formulazione, l&#8217;esercizio o la difesa di reclami.<\/span><\/li>\n<li class=\"li3\"><span class=\"s3\">&lt; u&gt;Diritto di cancellazione: Hai il diritto di ottenere da BARDINET WINES, S.A.U., la cancellazione dei dati personali che ti riguardano.<\/span><\/li>\n<li class=\"li3\"><span class=\"s4\">Diritto alla portabilit\u00e0 dei dati<\/span><span class=\"s3\">: Hai il diritto di chiedere alla societ\u00e0 di trasferire i tuoi dati personali a un altro titolare del trattamento. \u00c8 possibile esercitare questo diritto solo al momento del trattamento sulla base dell&#8217;esecuzione di un contratto o del tuo consenso e il trattamento viene effettuato con mezzi automatizzati.<\/span><\/li>\n<li class=\"li3\"><span class=\"s4\">Diritto di limitare il trattamento<\/span><span class=\"s3\">: hai il diritto di chiederci di sospendere il trattamento dei tuoi dati quando: contesti l&#8217;esattezza dei dati, mentre BARDINET WINES, S.A.U. verifica tale accuratezza; ha esercitato il diritto di opporsi al trattamento dei propri dati, verificando se sussistano i motivi legittimi di BARDINET WINES, S.A.U. Prevalgono sul tuo come interessato.<\/span><\/li>\n<\/ul>\n<p class=\"p7\">\n<span class=\"s3\">In qualsiasi momento puoi esercitare tali Diritti, mediante una comunicazione scritta e comprovante la propria personalit\u00e0 indirizzata al responsabile del trattamento all&#8217;indirizzo sopra indicato, ovvero tramite l&#8217;indirizzo email: agalsina@bardinetwines.com<\/span><br \/>\n<span class=\"s3\">Inoltre, puoi presentare un reclamo all&#8217;autorit\u00e0 di controllo, in questo caso, l&#8217;Agenzia spagnola per la protezione dei dati, se ritiene che il trattamento dei dati personali violi la legislazione applicabile.<\/span><\/p>\n<p><span class=\"s4\"><b>SICUREZZA E ARCHIVIAZIONE DEI DATI<\/b><\/span><br \/>\n<span class=\"s3\">Conserveremo i dati per il tempo strettamente necessario a fornire il servizio richiesto e finch\u00e9 il titolare non ne richieder\u00e0 la cancellazione, adottando misure tecniche e organizzative adeguate contro trattamenti non autorizzati o illeciti e contro la perdita, la distruzione o il danneggiamento accidentali, compiendo ogni sforzo per proteggerli e mantenerli in sicurezza.<\/span><\/p>\n<p><span class=\"s4\"><b>COSA DATI PERSONALI CHE CONDIVIDIAMO CON TERZE PARTI<\/b><\/span><br \/>\n<span class=\"s3\">Non sono previsti conferimenti di dati se non nei casi in cui sussista un obbligo di legge o di comunicazione necessaria per poter fornire adeguatamente il servizio richiesto. Non sono previsti trasferimenti internazionali di dati.<\/span><\/p>\n","protected":false},"excerpt":{"rendered":"<p>INFORMATIVA SULLA PRIVACY DEL SITO WEB Siamo un&#8217;azienda in cui la trasparenza delle informazioni \u00e8 essenziale per stabilire un rapporto di fiducia con le persone che compongono il nostro progetto e con i nostri fornitori e clienti, essendo la protezione dei dati personali delle persone che si fidano di noi di vitale importanza, ecco perch\u00e9 [&hellip;]<\/p>\n","protected":false},"author":1,"featured_media":0,"parent":0,"menu_order":0,"comment_status":"closed","ping_status":"closed","template":"","meta":{"_acf_changed":false,"footnotes":""},"premio":[],"class_list":["post-1438","page","type-page","status-publish","hentry"],"acf":[],"aioseo_notices":[],"_links":{"self":[{"href":"https:\/\/www.lacrimabaccus.com\/it\/wp-json\/wp\/v2\/pages\/1438","targetHints":{"allow":["GET"]}}],"collection":[{"href":"https:\/\/www.lacrimabaccus.com\/it\/wp-json\/wp\/v2\/pages"}],"about":[{"href":"https:\/\/www.lacrimabaccus.com\/it\/wp-json\/wp\/v2\/types\/page"}],"author":[{"embeddable":true,"href":"https:\/\/www.lacrimabaccus.com\/it\/wp-json\/wp\/v2\/users\/1"}],"replies":[{"embeddable":true,"href":"https:\/\/www.lacrimabaccus.com\/it\/wp-json\/wp\/v2\/comments?post=1438"}],"version-history":[{"count":7,"href":"https:\/\/www.lacrimabaccus.com\/it\/wp-json\/wp\/v2\/pages\/1438\/revisions"}],"predecessor-version":[{"id":3835,"href":"https:\/\/www.lacrimabaccus.com\/it\/wp-json\/wp\/v2\/pages\/1438\/revisions\/3835"}],"wp:attachment":[{"href":"https:\/\/www.lacrimabaccus.com\/it\/wp-json\/wp\/v2\/media?parent=1438"}],"wp:term":[{"taxonomy":"premio","embeddable":true,"href":"https:\/\/www.lacrimabaccus.com\/it\/wp-json\/wp\/v2\/premio?post=1438"}],"curies":[{"name":"wp","href":"https:\/\/api.w.org\/{rel}","templated":true}]}}