{"id":2429,"date":"2018-11-26T12:13:51","date_gmt":"2018-11-26T12:13:51","guid":{"rendered":"https:\/\/www.lacrimabaccus.com\/vini\/icarus\/"},"modified":"2018-11-26T16:00:35","modified_gmt":"2018-11-26T16:00:35","slug":"icarus","status":"publish","type":"page","link":"https:\/\/www.lacrimabaccus.com\/it\/vini\/icarus\/","title":{"rendered":"Icarus"},"content":{"rendered":"<p>Icaro \u00e8 uno dei personaggi della mitologia classica, noto per il famoso episodio del volo finito in rovina a causa della sua arroganza, ci\u00f2 che i greci chiamavano &#8220;Hybris&#8221;. Egli \u00e8 l&#8217;emblema del\u2019 uomo che osa sfidare gli dei e, un po &#8216;come Ulisse, va oltre i limiti della comprensione e delle capacit\u00e1\u00a0 umane, muovendosi verso qualcosa che lo eleva dalla sua condizione terrena, ad una dimensione superiore e irraggiungibile. Questa figura leggendaria \u00e8 alquanto controversa ed \u00e8 soggetta a interpretazioni contrastanti, per noi lui \u00e8 l&#8217;eroe senza paura che si allontana dalla quotidianit\u00e1 e \u00abdalla noia&#8221; con questo volo spericolato. Il desiderio di un ideale di perfezione che non pu\u00f2 essere conquistato, la mancanza di misura, l&#8217;esagerazione, l&#8217;estremo desiderio di andare oltre quei limiti in cui l&#8217;essere \u00e8 destinato a non poter superare. L&#8217;adrenalina fa parte dell&#8217;uomo, altrimenti non ci sarebbero azioni estreme e avventate, che a volte risultano essere positive. La nostra identificazione con questo personaggio \u00e8 completa, adottiamo lo stesso atteggiamento e, abbracciando il nostro desiderio utopico e orfico, accettiamo la sfida di produrre un vino con la variet\u00e0 locale Xarel\u00b7lo, una scelta non conforme al tipo di prodotti che siamo soliti elaborare. Optiamo sempre per l\u2019 innovazione e il raggiungimeto dell&#8217;impossibile.<\/p>\n","protected":false},"excerpt":{"rendered":"<p>Icaro \u00e8 uno dei personaggi della mitologia classica, noto per il famoso episodio del volo finito in rovina a causa della sua arroganza, ci\u00f2 che i greci chiamavano &#8220;Hybris&#8221;. Egli \u00e8 l&#8217;emblema del\u2019 uomo che osa sfidare gli dei e, un po &#8216;come Ulisse, va oltre i limiti della comprensione e delle capacit\u00e1\u00a0 umane, muovendosi [&hellip;]<\/p>\n","protected":false},"author":1,"featured_media":2409,"parent":1090,"menu_order":0,"comment_status":"closed","ping_status":"closed","template":"","meta":{"_acf_changed":false,"footnotes":""},"premio":[],"class_list":["post-2429","page","type-page","status-publish","has-post-thumbnail","hentry"],"acf":[],"aioseo_notices":[],"_links":{"self":[{"href":"https:\/\/www.lacrimabaccus.com\/it\/wp-json\/wp\/v2\/pages\/2429","targetHints":{"allow":["GET"]}}],"collection":[{"href":"https:\/\/www.lacrimabaccus.com\/it\/wp-json\/wp\/v2\/pages"}],"about":[{"href":"https:\/\/www.lacrimabaccus.com\/it\/wp-json\/wp\/v2\/types\/page"}],"author":[{"embeddable":true,"href":"https:\/\/www.lacrimabaccus.com\/it\/wp-json\/wp\/v2\/users\/1"}],"replies":[{"embeddable":true,"href":"https:\/\/www.lacrimabaccus.com\/it\/wp-json\/wp\/v2\/comments?post=2429"}],"version-history":[{"count":1,"href":"https:\/\/www.lacrimabaccus.com\/it\/wp-json\/wp\/v2\/pages\/2429\/revisions"}],"predecessor-version":[{"id":2430,"href":"https:\/\/www.lacrimabaccus.com\/it\/wp-json\/wp\/v2\/pages\/2429\/revisions\/2430"}],"up":[{"embeddable":true,"href":"https:\/\/www.lacrimabaccus.com\/it\/wp-json\/wp\/v2\/pages\/1090"}],"wp:featuredmedia":[{"embeddable":true,"href":"https:\/\/www.lacrimabaccus.com\/it\/wp-json\/wp\/v2\/media\/2409"}],"wp:attachment":[{"href":"https:\/\/www.lacrimabaccus.com\/it\/wp-json\/wp\/v2\/media?parent=2429"}],"wp:term":[{"taxonomy":"premio","embeddable":true,"href":"https:\/\/www.lacrimabaccus.com\/it\/wp-json\/wp\/v2\/premio?post=2429"}],"curies":[{"name":"wp","href":"https:\/\/api.w.org\/{rel}","templated":true}]}}