{"id":3869,"date":"2024-12-09T15:33:30","date_gmt":"2024-12-09T15:33:30","guid":{"rendered":"https:\/\/www.lacrimabaccus.com\/politica-de-calidad-y-seguridad-alimentaria\/"},"modified":"2024-12-09T16:47:35","modified_gmt":"2024-12-09T16:47:35","slug":"politica-de-calidad-y-seguridad-alimentaria","status":"publish","type":"page","link":"https:\/\/www.lacrimabaccus.com\/it\/politica-de-calidad-y-seguridad-alimentaria\/","title":{"rendered":"Politica di Qualit\u00e0 e Sicurezza Alimentare"},"content":{"rendered":"<p><em>La Politica di Qualit\u00e0 e Sicurezza Alimentare di BARDINET WINES, S.A.U., un&#8217;organizzazione dedicata alla produzione di vino e cava di qualit\u00e0 sotto la protezione delle DO Pened\u00e8s, DOCa Rioja, Catalunya e Cava, si basa sui seguenti principi:<\/em><\/p>\n<ul>\n<li><em>Garantire in ogni momento il rispetto delle specifiche dei nostri prodotti, dei requisiti dei nostri clienti e delle parti interessate e di quelli definiti dalla legislazione applicabile, in particolare quella relativa alla sicurezza alimentare.<\/em><\/li>\n<li><em>Contribuire all\u2019immissione sul mercato di alimenti sicuri e di qualit\u00e0.<\/em><\/li>\n<li><em>Offrire prodotti autentici, di alta qualit\u00e0 e sicuri per la salute del consumatore.<\/em><\/li>\n<li><em>Controllare tutti i processi al fine di garantire la sicurezza e ridurre al minimo i rischi associati ai nostri prodotti.<\/em><\/li>\n<li><em>Focalizzare le nostre attivit\u00e0 sulla conoscenza, soddisfazione e fidelizzazione dei nostri clienti, trasmettendo fiducia sia ai clienti che ai consumatori.<\/em><\/li>\n<li><em>Migliorare continuamente i nostri prodotti soddisfacendo le esigenze del mercato.<\/em><\/li>\n<li><em>Garantire l\u2019impegno nella prevenzione delle frodi e nella difesa alimentare.<\/em><\/li>\n<li><em>Preservare le risorse naturali e ridurre al minimo la produzione di rifiuti, nonch\u00e9 l\u2019uso efficiente delle materie prime e delle risorse energetiche nelle nostre attivit\u00e0.<\/em><\/li>\n<li><em>Garantire un comportamento etico in tutte le attivit\u00e0 che svolgiamo, nonch\u00e9 promuovere la diversit\u00e0 e le pari opportunit\u00e0.<\/em><\/li>\n<li><em>Promuovere la formazione, la consapevolezza e la motivazione del nostro team, nonch\u00e9 lavorare continuamente sulla cultura della sicurezza alimentare dell&#8217;intero team.<\/em><\/li>\n<li><em>Stabilire e promuovere l\u2019utilizzo del Sistema di Gestione della Qualit\u00e0 e della Sicurezza Alimentare basato sullo standard FSSC 22000 come principio base di BARDINET WINES, S.A.U.<\/em><\/li>\n<\/ul>\n<p><em>DG-002 rev.02 del 06\/10\/2024<\/em><\/p>\n<p><em>Direzione Generale<\/em><\/p>\n","protected":false},"excerpt":{"rendered":"<p>La Politica di Qualit\u00e0 e Sicurezza Alimentare di BARDINET WINES, S.A.U., un&#8217;organizzazione dedicata alla produzione di vino e cava di qualit\u00e0 sotto la protezione delle DO Pened\u00e8s, DOCa Rioja, Catalunya e Cava, si basa sui seguenti principi: Garantire in ogni momento il rispetto delle specifiche dei nostri prodotti, dei requisiti dei nostri clienti e delle [&hellip;]<\/p>\n","protected":false},"author":1,"featured_media":0,"parent":0,"menu_order":0,"comment_status":"closed","ping_status":"closed","template":"page-templates\/full-width.php","meta":{"_acf_changed":false,"footnotes":""},"premio":[],"class_list":["post-3869","page","type-page","status-publish","hentry"],"acf":[],"aioseo_notices":[],"_links":{"self":[{"href":"https:\/\/www.lacrimabaccus.com\/it\/wp-json\/wp\/v2\/pages\/3869","targetHints":{"allow":["GET"]}}],"collection":[{"href":"https:\/\/www.lacrimabaccus.com\/it\/wp-json\/wp\/v2\/pages"}],"about":[{"href":"https:\/\/www.lacrimabaccus.com\/it\/wp-json\/wp\/v2\/types\/page"}],"author":[{"embeddable":true,"href":"https:\/\/www.lacrimabaccus.com\/it\/wp-json\/wp\/v2\/users\/1"}],"replies":[{"embeddable":true,"href":"https:\/\/www.lacrimabaccus.com\/it\/wp-json\/wp\/v2\/comments?post=3869"}],"version-history":[{"count":3,"href":"https:\/\/www.lacrimabaccus.com\/it\/wp-json\/wp\/v2\/pages\/3869\/revisions"}],"predecessor-version":[{"id":3901,"href":"https:\/\/www.lacrimabaccus.com\/it\/wp-json\/wp\/v2\/pages\/3869\/revisions\/3901"}],"wp:attachment":[{"href":"https:\/\/www.lacrimabaccus.com\/it\/wp-json\/wp\/v2\/media?parent=3869"}],"wp:term":[{"taxonomy":"premio","embeddable":true,"href":"https:\/\/www.lacrimabaccus.com\/it\/wp-json\/wp\/v2\/premio?post=3869"}],"curies":[{"name":"wp","href":"https:\/\/api.w.org\/{rel}","templated":true}]}}