{"id":2721,"date":"2018-06-27T19:58:14","date_gmt":"2018-06-27T19:58:14","guid":{"rendered":"https:\/\/www.lacrimabaccus.com\/onderscheidingen\/guiapenin\/"},"modified":"2019-03-14T10:22:35","modified_gmt":"2019-03-14T10:22:35","slug":"guiapenin","status":"publish","type":"page","link":"https:\/\/www.lacrimabaccus.com\/nl\/onderscheidingen\/guiapenin\/","title":{"rendered":"GuiaPe\u00f1in"},"content":{"rendered":"<p>Gu\u00eda Pe\u00f1\u00edn is de meest complete handleiding van Spaanse wijnen ter wereld. De professionals proeven meer dan 11.500 wijnen per jaar, waardoor de Gu\u00eda Pe\u00f1\u00edn de los Vinos de Espa\u00f1a de meest geraadpleegde handleiding is voor wijnliefhebbers en professionals.<\/p>\n","protected":false},"excerpt":{"rendered":"<p>Gu\u00eda Pe\u00f1\u00edn is de meest complete handleiding van Spaanse wijnen ter wereld. De professionals proeven meer dan 11.500 wijnen per jaar, waardoor de Gu\u00eda Pe\u00f1\u00edn de los Vinos de Espa\u00f1a de meest geraadpleegde handleiding is voor wijnliefhebbers en professionals.<\/p>\n","protected":false},"author":1,"featured_media":2722,"parent":2714,"menu_order":4,"comment_status":"closed","ping_status":"closed","template":"","meta":{"_acf_changed":false,"footnotes":""},"premio":[],"class_list":["post-2721","page","type-page","status-publish","has-post-thumbnail","hentry"],"acf":[],"aioseo_notices":[],"_links":{"self":[{"href":"https:\/\/www.lacrimabaccus.com\/nl\/wp-json\/wp\/v2\/pages\/2721","targetHints":{"allow":["GET"]}}],"collection":[{"href":"https:\/\/www.lacrimabaccus.com\/nl\/wp-json\/wp\/v2\/pages"}],"about":[{"href":"https:\/\/www.lacrimabaccus.com\/nl\/wp-json\/wp\/v2\/types\/page"}],"author":[{"embeddable":true,"href":"https:\/\/www.lacrimabaccus.com\/nl\/wp-json\/wp\/v2\/users\/1"}],"replies":[{"embeddable":true,"href":"https:\/\/www.lacrimabaccus.com\/nl\/wp-json\/wp\/v2\/comments?post=2721"}],"version-history":[{"count":1,"href":"https:\/\/www.lacrimabaccus.com\/nl\/wp-json\/wp\/v2\/pages\/2721\/revisions"}],"predecessor-version":[{"id":2723,"href":"https:\/\/www.lacrimabaccus.com\/nl\/wp-json\/wp\/v2\/pages\/2721\/revisions\/2723"}],"up":[{"embeddable":true,"href":"https:\/\/www.lacrimabaccus.com\/nl\/wp-json\/wp\/v2\/pages\/2714"}],"wp:featuredmedia":[{"embeddable":true,"href":"https:\/\/www.lacrimabaccus.com\/nl\/wp-json\/wp\/v2\/media\/2722"}],"wp:attachment":[{"href":"https:\/\/www.lacrimabaccus.com\/nl\/wp-json\/wp\/v2\/media?parent=2721"}],"wp:term":[{"taxonomy":"premio","embeddable":true,"href":"https:\/\/www.lacrimabaccus.com\/nl\/wp-json\/wp\/v2\/premio?post=2721"}],"curies":[{"name":"wp","href":"https:\/\/api.w.org\/{rel}","templated":true}]}}