{"id":2813,"date":"2018-07-09T10:38:42","date_gmt":"2018-07-09T10:38:42","guid":{"rendered":"https:\/\/www.lacrimabaccus.com\/wijnen\/mes-felic\/"},"modified":"2019-03-19T16:08:57","modified_gmt":"2019-03-19T16:08:57","slug":"mes-felic","status":"publish","type":"page","link":"https:\/\/www.lacrimabaccus.com\/nl\/wijnen\/mes-felic\/","title":{"rendered":"M\u00e9s Feli\u00e7"},"content":{"rendered":"<p>M\u00e9s Feli\u00e7 is een solidaire wijn, het resultaat van de samenwerking tussen de Stichting SETBA en BARDINET &#8211; LACRIMA BACCUS.<\/p>\n<p>&#8220;Het wonder van de wijn bestaat erin om de mens zo maken als hij altijd zou moeten zijn: een vriend van de mens&#8221;. (Ernst Engel). Zowel dieren als mensen zijn sociale wezens, het verschil zit hem in hun gedrag. Dieren worden geleid door instinct en prikkels en mensen ook, maar zij worden eveneens be\u00efnvloed door de waarden die ze geleerd hebben vanuit hun cultuur, opvoeding, normen en tradities.<\/p>\n<p>De mens weet dat hij niet voldoende heeft aan zichzelf alleen. In zijn eentje is hij niet in staat om te leven, zich lichamelijk en psychologisch te ontwikkelen en zichzelf te perfectioneren. Hij is een wezen dat in de maatschappij moet leven om zich te kunnen uiten in zijn intieme essentie en zijn ware aard uit te drukken.<\/p>\n<p>Deze wijn is een hymne aan samenhorigheid, aan de aangeboren behoefte om te communiceren, zich te confronteren met en zich te ontdoen van de opgelegde beperkingen. In deze wijn wil de Syrah zich onderscheiden van de andere mediterrane rassen en zijn potentieel en stevigheid alleen en vastberaden tot uitdrukking brengen.<\/p>\n","protected":false},"excerpt":{"rendered":"<p>M\u00e9s Feli\u00e7 is een solidaire wijn, het resultaat van de samenwerking tussen de Stichting SETBA en BARDINET &#8211; LACRIMA BACCUS. &#8220;Het wonder van de wijn bestaat erin om de mens zo maken als hij altijd zou moeten zijn: een vriend van de mens&#8221;. (Ernst Engel). Zowel dieren als mensen zijn sociale wezens, het verschil zit [&hellip;]<\/p>\n","protected":false},"author":1,"featured_media":2814,"parent":2768,"menu_order":6,"comment_status":"closed","ping_status":"closed","template":"","meta":{"_acf_changed":false,"footnotes":""},"premio":[],"class_list":["post-2813","page","type-page","status-publish","has-post-thumbnail","hentry"],"acf":[],"aioseo_notices":[],"_links":{"self":[{"href":"https:\/\/www.lacrimabaccus.com\/nl\/wp-json\/wp\/v2\/pages\/2813","targetHints":{"allow":["GET"]}}],"collection":[{"href":"https:\/\/www.lacrimabaccus.com\/nl\/wp-json\/wp\/v2\/pages"}],"about":[{"href":"https:\/\/www.lacrimabaccus.com\/nl\/wp-json\/wp\/v2\/types\/page"}],"author":[{"embeddable":true,"href":"https:\/\/www.lacrimabaccus.com\/nl\/wp-json\/wp\/v2\/users\/1"}],"replies":[{"embeddable":true,"href":"https:\/\/www.lacrimabaccus.com\/nl\/wp-json\/wp\/v2\/comments?post=2813"}],"version-history":[{"count":1,"href":"https:\/\/www.lacrimabaccus.com\/nl\/wp-json\/wp\/v2\/pages\/2813\/revisions"}],"predecessor-version":[{"id":2815,"href":"https:\/\/www.lacrimabaccus.com\/nl\/wp-json\/wp\/v2\/pages\/2813\/revisions\/2815"}],"up":[{"embeddable":true,"href":"https:\/\/www.lacrimabaccus.com\/nl\/wp-json\/wp\/v2\/pages\/2768"}],"wp:featuredmedia":[{"embeddable":true,"href":"https:\/\/www.lacrimabaccus.com\/nl\/wp-json\/wp\/v2\/media\/2814"}],"wp:attachment":[{"href":"https:\/\/www.lacrimabaccus.com\/nl\/wp-json\/wp\/v2\/media?parent=2813"}],"wp:term":[{"taxonomy":"premio","embeddable":true,"href":"https:\/\/www.lacrimabaccus.com\/nl\/wp-json\/wp\/v2\/premio?post=2813"}],"curies":[{"name":"wp","href":"https:\/\/api.w.org\/{rel}","templated":true}]}}